{"id":53,"date":"2024-03-05T09:29:38","date_gmt":"2024-03-05T06:29:38","guid":{"rendered":"https:\/\/blog.metu.edu.tr\/e262006\/?page_id=53"},"modified":"2024-03-05T09:29:40","modified_gmt":"2024-03-05T06:29:40","slug":"yurda-donus-ve-iyilesme-yolu","status":"publish","type":"page","link":"https:\/\/blog.metu.edu.tr\/e262006\/yurda-donus-ve-iyilesme-yolu\/","title":{"rendered":"Yurda D\u00f6n\u00fc\u015f ve \u0130yile\u015fme Yolu"},"content":{"rendered":"\n<p>Ziya, Avusturya&#8217;n\u0131n Wels \u015fehrinde, Karaman&#8217;dan binlerce kilometre uzakta yeni bir hayat kurmu\u015ftu. Gen\u00e7 ya\u015fta, umutlarla dolu bir adamd\u0131. Ancak, beklenmedik bir haberle hayat\u0131 alt\u00fcst oldu: <a href=\"https:\/\/urolojidunyasi.com\/limon-prostata-zararlimi\/\"><strong>Prostat kanseri<\/strong><\/a> te\u015fhisi. Bu te\u015fhis, onu derinden sarsarken, ayn\u0131 zamanda hayat\u0131n\u0131n y\u00f6n\u00fcn\u00fc de\u011fi\u015ftiren bir d\u00f6neme\u00e7 oldu.<\/p>\n\n\n\n<p>Ziya i\u00e7in, te\u015fhis sadece bir sa\u011fl\u0131k sorunu de\u011fil, ayn\u0131 zamanda bir uyan\u0131\u015f an\u0131yd\u0131. Hastal\u0131\u011f\u0131n erken evresinde olmas\u0131, tedavi i\u00e7in h\u00e2l\u00e2 zaman\u0131 oldu\u011funu g\u00f6steriyordu. Ancak Ziya, bu m\u00fccadeleyi yaln\u0131z ba\u015f\u0131na vermek istemiyordu. Ailesi ve eski dostlar\u0131, ona destek olabilecek en g\u00fc\u00e7l\u00fc kaynaklard\u0131. Bu nedenle, tedavi i\u00e7in T\u00fcrkiye&#8217;ye, memleketi Karaman&#8217;a d\u00f6nmeye karar verdi. Ziya d\u00f6nd\u00fckten sonra <a href=\"https:\/\/urolojidunyasi.com\/\"><strong>en iyi \u00fcroloji doktoru<\/strong><\/a><strong> <\/strong>ara\u015ft\u0131rmas\u0131na ba\u015flad\u0131.<\/p>\n\n\n\n<p>T\u00fcrkiye&#8217;ye d\u00f6n\u00fc\u015f\u00fc, Ziya i\u00e7in duygusal bir yolculuktu. Y\u0131llar sonra memleketinin topraklar\u0131na ayak basmak, ona hem huzur hem de g\u00fc\u00e7 verdi. Ailesinin s\u0131cak kucakla\u015fmas\u0131, dostlar\u0131n\u0131n destekleyici s\u00f6zleri, onun bu zorlu s\u00fcreci daha umutlu kar\u015f\u0131lamas\u0131n\u0131 sa\u011flad\u0131.<\/p>\n\n\n\n<p><a href=\"https:\/\/urolojidunyasi.com\/gec-kalinmis-prostat-kanseri\/\"><strong>Prostat tedavisi<\/strong><\/a> s\u00fcreci ba\u015flad\u0131\u011f\u0131nda, Ziya, hi\u00e7bir zaman yaln\u0131z olmad\u0131\u011f\u0131n\u0131 hissetti. Ailesi, her ad\u0131mda onun yan\u0131ndayd\u0131. Tedavinin zorlu yan etkileriyle m\u00fccadele ederken, Ziya&#8217;n\u0131n en b\u00fcy\u00fck motivasyonu, sevdiklerinin inanc\u0131 ve destekti. Zamanla, tedavi olumlu sonu\u00e7lar vermeye ba\u015flad\u0131. Her ge\u00e7en g\u00fcn, Ziya, kanserle m\u00fccadelesinde bir ad\u0131m daha ileri gitti\u011fini hissediyordu.<\/p>\n\n\n\n<p>Bu s\u00fcre\u00e7, Ziya i\u00e7in sadece bir sa\u011fl\u0131k m\u00fccadelesi de\u011fil, ayn\u0131 zamanda kendini ve hayat\u0131n de\u011ferini yeniden ke\u015ffetme yolculu\u011fu oldu. Hastal\u0131k, ona hayatta ger\u00e7ekten \u00f6nemli olan \u015feylerin ne oldu\u011funu g\u00f6sterdi: Aile, dostluk ve sa\u011fl\u0131k. Tedavi sonras\u0131nda, Ziya, hayata daha pozitif bir bak\u0131\u015f a\u00e7\u0131s\u0131yla bakt\u0131. Kanseri yendikten sonra, hem kendine hem de \u00e7evresine daha anlaml\u0131 bir \u015fekilde katk\u0131da bulunma kararl\u0131l\u0131\u011f\u0131yla, yeni bir ba\u015flang\u0131\u00e7 yapt\u0131.<\/p>\n","protected":false},"excerpt":{"rendered":"<p>Ziya, Avusturya&#8217;n\u0131n Wels \u015fehrinde, Karaman&#8217;dan binlerce kilometre uzakta yeni bir hayat kurmu\u015ftu. Gen\u00e7 ya\u015fta, umutlarla dolu bir adamd\u0131. Ancak, beklenmedik bir haberle hayat\u0131 alt\u00fcst oldu: Prostat kanseri te\u015fhisi. Bu te\u015fhis, onu derinden sarsarken, ayn\u0131 zamanda hayat\u0131n\u0131n y\u00f6n\u00fcn\u00fc de\u011fi\u015ftiren bir d\u00f6neme\u00e7 oldu. Ziya i\u00e7in, te\u015fhis sadece bir sa\u011fl\u0131k sorunu de\u011fil, ayn\u0131 zamanda bir uyan\u0131\u015f an\u0131yd\u0131. Hastal\u0131\u011f\u0131n [&hellip;]<\/p>\n","protected":false},"author":8973,"featured_media":0,"parent":0,"menu_order":0,"comment_status":"closed","ping_status":"closed","template":"","meta":{"footnotes":"","_links_to":"","_links_to_target":""},"class_list":["post-53","page","type-page","status-publish","hentry"],"_links":{"self":[{"href":"https:\/\/blog.metu.edu.tr\/e262006\/wp-json\/wp\/v2\/pages\/53","targetHints":{"allow":["GET"]}}],"collection":[{"href":"https:\/\/blog.metu.edu.tr\/e262006\/wp-json\/wp\/v2\/pages"}],"about":[{"href":"https:\/\/blog.metu.edu.tr\/e262006\/wp-json\/wp\/v2\/types\/page"}],"author":[{"embeddable":true,"href":"https:\/\/blog.metu.edu.tr\/e262006\/wp-json\/wp\/v2\/users\/8973"}],"replies":[{"embeddable":true,"href":"https:\/\/blog.metu.edu.tr\/e262006\/wp-json\/wp\/v2\/comments?post=53"}],"version-history":[{"count":0,"href":"https:\/\/blog.metu.edu.tr\/e262006\/wp-json\/wp\/v2\/pages\/53\/revisions"}],"wp:attachment":[{"href":"https:\/\/blog.metu.edu.tr\/e262006\/wp-json\/wp\/v2\/media?parent=53"}],"curies":[{"name":"wp","href":"https:\/\/api.w.org\/{rel}","templated":true}]}}