{"id":51,"date":"2024-03-03T15:23:29","date_gmt":"2024-03-03T12:23:29","guid":{"rendered":"https:\/\/blog.metu.edu.tr\/e262006\/?page_id=51"},"modified":"2024-03-03T15:23:31","modified_gmt":"2024-03-03T12:23:31","slug":"limonata-yapan-mustafa-amca","status":"publish","type":"page","link":"https:\/\/blog.metu.edu.tr\/e262006\/limonata-yapan-mustafa-amca\/","title":{"rendered":"Limonata Yapan Mustafa Amca"},"content":{"rendered":"\n<p><\/p>\n\n\n\n<p>Mustafa Amca, Mersin&#8217;deki verimli bah\u00e7esinde, naranciye a\u011fa\u00e7lar\u0131 aras\u0131nda bir cennet yaratm\u0131\u015ft\u0131. Her y\u0131l, limon a\u011fa\u00e7lar\u0131, adeta bah\u00e7enin ne\u015fe kayna\u011f\u0131yd\u0131. Sar\u0131 meyveler, g\u00fcne\u015fin alt\u0131nda par\u0131ldar, Mustafa Amca&#8217;n\u0131n y\u00fcz\u00fcn\u00fc g\u00fcl\u00fcmsetirdi. <a href=\"https:\/\/urolojidunyasi.com\/holep-prostat-ameliyati-ucreti-2023\/\"><strong>Prostat tedavisi<\/strong><\/a> ile m\u00fccadele eden bu ya\u015fl\u0131 adam, hayat\u0131n basit zevklerinden biri olan limonu \u00e7ok severdi. Ancak akl\u0131n\u0131 kurcalayan bir soru vard\u0131: <a href=\"https:\/\/urolojidunyasi.com\/limon-prostata-zararlimi\/\"><strong>Limon prostata zararl\u0131 m\u0131<\/strong><\/a>?<\/p>\n\n\n\n<p>O\u011flu, bir <a href=\"https:\/\/urolojidunyasi.com\/\"><strong>\u00fcroloji doktoru<\/strong><\/a> olarak \u00e7al\u0131\u015f\u0131yordu. Mustafa Amca, bu konuyu s\u0131k s\u0131k ona dan\u0131\u015f\u0131rd\u0131. O\u011flu, babas\u0131n\u0131n endi\u015felerini yat\u0131\u015ft\u0131rmaya \u00e7al\u0131\u015f\u0131r, &#8220;Baba, limon ve di\u011fer turun\u00e7giller, antioksidanlar a\u00e7\u0131s\u0131ndan zengindir. Prostat sa\u011fl\u0131\u011f\u0131n\u0131 destekleyici etkileri olabilir.&#8221; derdi. Ancak Mustafa Amca&#8217;n\u0131n kafas\u0131ndaki soru i\u015faretleri tam olarak da\u011f\u0131lmazd\u0131. Yine de, bu endi\u015fe, onun limon suyu i\u00e7meyi sevmesine engel olmazd\u0131.<\/p>\n\n\n\n<p>Mustafa Amca, mahallesinde tan\u0131nan bir iyilikseverdi. Elinden geldi\u011fince, bah\u00e7esinin bollu\u011funu \u00e7evresiyle payla\u015fmaktan b\u00fcy\u00fck mutluluk duyard\u0131. Yaz aylar\u0131nda, mahalle sakinlerine limonata yapar, onlar\u0131 serinletmek i\u00e7in kendi elleriyle haz\u0131rlad\u0131\u011f\u0131 bu i\u00e7ece\u011fi bedava da\u011f\u0131t\u0131rd\u0131. Limonatalar, mahalledeki herkes taraf\u0131ndan \u00e7ok sevilir, Mustafa Amca&#8217;n\u0131n c\u00f6mertli\u011fi ve sevgisi, mahalledeki herkes taraf\u0131ndan takdir edilirdi.<\/p>\n\n\n\n<p>Bir g\u00fcn, mahalledeki \u00e7ocuklar Mustafa Amca&#8217;ya s\u00fcrpriz bir te\u015fekk\u00fcr etkinli\u011fi d\u00fczenlemeye karar verdi. Her biri, kendi el eme\u011fi hediyelerini getirdi. \u00c7ocuklardan biri, &#8220;Mustafa Amca, senin limonatalar\u0131n sayesinde yazlar\u0131m\u0131z \u00e7ok daha g\u00fczel ge\u00e7iyor. Seni \u00e7ok seviyoruz.&#8221; dedi. Mustafa Amca, g\u00f6zlerinde ya\u015flarla, mahalle sakinlerine te\u015fekk\u00fcr etti. O an, t\u00fcm endi\u015feleri, sorular\u0131 unutmu\u015ftu. Tek \u00f6nemli olan, sevdikleriyle birlikte, sa\u011fl\u0131kl\u0131 ve mutlu bir hayat s\u00fcrmekti.<\/p>\n\n\n\n<p>Bu olay, Mustafa Amca&#8217;ya, hayat\u0131n karma\u015fas\u0131nda bazen en basit \u015feylerin bile ne kadar de\u011ferli olabilece\u011fini hat\u0131rlatt\u0131. Limonlar\u0131n, prostat hastal\u0131\u011f\u0131na kar\u015f\u0131 m\u00fccadelesinde bir dost mu d\u00fc\u015fman m\u0131 oldu\u011fu belki tam olarak bilinmeyebilirdi, ancak onun bah\u00e7esinden gelen mutlulu\u011fun ve mahalledeki sevginin de\u011feri paha bi\u00e7ilemezdi. Mustafa Amca, her sabah bah\u00e7esine bakt\u0131\u011f\u0131nda, limon a\u011fa\u00e7lar\u0131n\u0131n alt\u0131nda, hayat\u0131n verdi\u011fi t\u00fcm nimetlere minnettarl\u0131k duyard\u0131.<\/p>\n","protected":false},"excerpt":{"rendered":"<p>Mustafa Amca, Mersin&#8217;deki verimli bah\u00e7esinde, naranciye a\u011fa\u00e7lar\u0131 aras\u0131nda bir cennet yaratm\u0131\u015ft\u0131. Her y\u0131l, limon a\u011fa\u00e7lar\u0131, adeta bah\u00e7enin ne\u015fe kayna\u011f\u0131yd\u0131. Sar\u0131 meyveler, g\u00fcne\u015fin alt\u0131nda par\u0131ldar, Mustafa Amca&#8217;n\u0131n y\u00fcz\u00fcn\u00fc g\u00fcl\u00fcmsetirdi. Prostat tedavisi ile m\u00fccadele eden bu ya\u015fl\u0131 adam, hayat\u0131n basit zevklerinden biri olan limonu \u00e7ok severdi. Ancak akl\u0131n\u0131 kurcalayan bir soru vard\u0131: Limon prostata zararl\u0131 m\u0131? O\u011flu, [&hellip;]<\/p>\n","protected":false},"author":8973,"featured_media":0,"parent":0,"menu_order":0,"comment_status":"closed","ping_status":"closed","template":"","meta":{"footnotes":"","_links_to":"","_links_to_target":""},"class_list":["post-51","page","type-page","status-publish","hentry"],"_links":{"self":[{"href":"https:\/\/blog.metu.edu.tr\/e262006\/wp-json\/wp\/v2\/pages\/51","targetHints":{"allow":["GET"]}}],"collection":[{"href":"https:\/\/blog.metu.edu.tr\/e262006\/wp-json\/wp\/v2\/pages"}],"about":[{"href":"https:\/\/blog.metu.edu.tr\/e262006\/wp-json\/wp\/v2\/types\/page"}],"author":[{"embeddable":true,"href":"https:\/\/blog.metu.edu.tr\/e262006\/wp-json\/wp\/v2\/users\/8973"}],"replies":[{"embeddable":true,"href":"https:\/\/blog.metu.edu.tr\/e262006\/wp-json\/wp\/v2\/comments?post=51"}],"version-history":[{"count":0,"href":"https:\/\/blog.metu.edu.tr\/e262006\/wp-json\/wp\/v2\/pages\/51\/revisions"}],"wp:attachment":[{"href":"https:\/\/blog.metu.edu.tr\/e262006\/wp-json\/wp\/v2\/media?parent=51"}],"curies":[{"name":"wp","href":"https:\/\/api.w.org\/{rel}","templated":true}]}}