{"id":49,"date":"2024-03-01T17:01:39","date_gmt":"2024-03-01T14:01:39","guid":{"rendered":"https:\/\/blog.metu.edu.tr\/e262006\/?page_id=49"},"modified":"2024-03-01T17:01:41","modified_gmt":"2024-03-01T14:01:41","slug":"kadinlarda-merak-duygusu","status":"publish","type":"page","link":"https:\/\/blog.metu.edu.tr\/e262006\/kadinlarda-merak-duygusu\/","title":{"rendered":"Kad\u0131nlarda Merak Duygusu"},"content":{"rendered":"\n<p>Zaman\u0131n birinde, k\u00fc\u00e7\u00fck bir kasabada, Elif ad\u0131nda gen\u00e7 ve merakl\u0131 bir kad\u0131n ya\u015fard\u0131. Elif, yeni evliydi ve evlili\u011fin getirdi\u011fi t\u00fcm duygular\u0131, sorumluluklar\u0131 ve meraklar\u0131 i\u00e7inde bar\u0131nd\u0131r\u0131yordu. Kasaban\u0131n kad\u0131nlar\u0131 aras\u0131nda, &#8220;<a href=\"https:\/\/urolojidunyasi.com\/erkegin-ilk-cinsel-deneyimi\/\"><strong>Erke\u011fin ilk cinsel deneyimi<\/strong><\/a><strong> <\/strong>oldu\u011funu nas\u0131l anla\u015f\u0131l\u0131r?&#8221; sorusu s\u0131k\u00e7a konu\u015fulurdu. Elif de bu konuyu \u00e7ok merak ediyordu ve bu sorunun cevab\u0131n\u0131 aramaya karar verdi.<\/p>\n\n\n\n<p>Elif, erkek cinselli\u011fine g\u00f6re <a href=\"https:\/\/urolojidunyasi.com\/kadin-cinselliginde-merak-edilenler\/\"><strong>kad\u0131n cinselli\u011finde<\/strong><\/a><strong> <\/strong>olan farklar\u0131 anlamaya \u00e7al\u0131\u015ft\u0131k\u00e7a, konunun yaln\u0131zca fiziksel bir boyutu olmad\u0131\u011f\u0131n\u0131 g\u00f6rd\u00fc. Cinsellik, ayn\u0131 zamanda duygusal ba\u011flant\u0131, g\u00fcven ve ileti\u015fimle de ilgiliydi. Kad\u0131nlar, partnerlerinin tecr\u00fcbesini merak ederken, asl\u0131nda derinlerde bir anlay\u0131\u015f ve ba\u011f kurma arzusu ta\u015f\u0131yorlard\u0131.<\/p>\n\n\n\n<p>Bir g\u00fcn, Elif bu konuyu daha derinlemesine anlamak i\u00e7in kasaban\u0131n ya\u015fl\u0131 ve bilge kad\u0131n\u0131 Ay\u015fe Teyze&#8217;ye dan\u0131\u015fmaya karar verdi. Ay\u015fe Teyze, Elif&#8217;e, insan ili\u015fkilerinin karma\u015f\u0131kl\u0131\u011f\u0131n\u0131 ve her insan\u0131n benzersiz oldu\u011funu anlatt\u0131. Tecr\u00fcbe kavram\u0131n\u0131n yaln\u0131zca cinsellikle s\u0131n\u0131rl\u0131 olmad\u0131\u011f\u0131n\u0131, bir bireyin duygusal olgunlu\u011fu, empati yetene\u011fi ve partnerine olan sayg\u0131s\u0131n\u0131n da \u00f6nemli oldu\u011funu vurgulad\u0131. Ayr\u0131ca kad\u0131nlar\u0131n anatomik yap\u0131lar\u0131 gere\u011fi zaman zaman <a href=\"https:\/\/urolojidunyasi.com\/kadinlarda-cinsel-isteksizlik\/\"><strong>kad\u0131nlarda cinsel isteksizlik<\/strong><\/a><strong> <\/strong>durumunun olabilece\u011fini vurgulad\u0131.<\/p>\n\n\n\n<p>Elif, Ay\u015fe Teyze&#8217;nin s\u00f6zlerinden \u00e7ok etkilendi ve kendi evlili\u011fine dair yeni bir bak\u0131\u015f a\u00e7\u0131s\u0131 kazand\u0131. Anlad\u0131 ki, ger\u00e7ek ba\u011f, tecr\u00fcbeleri payla\u015fmak, birbirlerini anlamak ve desteklemekle kurulur. Elif, bu yeni bilgiyle, kocas\u0131yla olan ili\u015fkisini daha anlaml\u0131 ve derin bir seviyeye ta\u015f\u0131may\u0131 hedefledi.<\/p>\n\n\n\n<p>Zamanla, Elif ve kocas\u0131 birbirlerini daha iyi tan\u0131y\u0131p anlad\u0131k\u00e7a, aralar\u0131ndaki ba\u011f daha da g\u00fc\u00e7lendi. Elif, kad\u0131nlar\u0131n neden bu konuyu merak etti\u011fini daha iyi anlad\u0131; \u00e7\u00fcnk\u00fc bu, yaln\u0131zca cinsellikle ilgili bir soru de\u011fil, ayn\u0131 zamanda ili\u015fkilerdeki derin ba\u011flant\u0131 ve anlay\u0131\u015f aray\u0131\u015f\u0131n\u0131n bir yans\u0131mas\u0131yd\u0131. Elif&#8217;in hikayesi, kasaba kad\u0131nlar\u0131 aras\u0131nda dilden dile dola\u015ft\u0131 ve herkes i\u00e7in ili\u015fkilerde anlay\u0131\u015f ve empatinin \u00f6nemini vurgulayan bir \u00f6rnek oldu.<\/p>\n","protected":false},"excerpt":{"rendered":"<p>Zaman\u0131n birinde, k\u00fc\u00e7\u00fck bir kasabada, Elif ad\u0131nda gen\u00e7 ve merakl\u0131 bir kad\u0131n ya\u015fard\u0131. Elif, yeni evliydi ve evlili\u011fin getirdi\u011fi t\u00fcm duygular\u0131, sorumluluklar\u0131 ve meraklar\u0131 i\u00e7inde bar\u0131nd\u0131r\u0131yordu. Kasaban\u0131n kad\u0131nlar\u0131 aras\u0131nda, &#8220;Erke\u011fin ilk cinsel deneyimi oldu\u011funu nas\u0131l anla\u015f\u0131l\u0131r?&#8221; sorusu s\u0131k\u00e7a konu\u015fulurdu. Elif de bu konuyu \u00e7ok merak ediyordu ve bu sorunun cevab\u0131n\u0131 aramaya karar verdi. Elif, erkek [&hellip;]<\/p>\n","protected":false},"author":8973,"featured_media":0,"parent":0,"menu_order":0,"comment_status":"closed","ping_status":"closed","template":"","meta":{"footnotes":"","_links_to":"","_links_to_target":""},"class_list":["post-49","page","type-page","status-publish","hentry"],"_links":{"self":[{"href":"https:\/\/blog.metu.edu.tr\/e262006\/wp-json\/wp\/v2\/pages\/49","targetHints":{"allow":["GET"]}}],"collection":[{"href":"https:\/\/blog.metu.edu.tr\/e262006\/wp-json\/wp\/v2\/pages"}],"about":[{"href":"https:\/\/blog.metu.edu.tr\/e262006\/wp-json\/wp\/v2\/types\/page"}],"author":[{"embeddable":true,"href":"https:\/\/blog.metu.edu.tr\/e262006\/wp-json\/wp\/v2\/users\/8973"}],"replies":[{"embeddable":true,"href":"https:\/\/blog.metu.edu.tr\/e262006\/wp-json\/wp\/v2\/comments?post=49"}],"version-history":[{"count":0,"href":"https:\/\/blog.metu.edu.tr\/e262006\/wp-json\/wp\/v2\/pages\/49\/revisions"}],"wp:attachment":[{"href":"https:\/\/blog.metu.edu.tr\/e262006\/wp-json\/wp\/v2\/media?parent=49"}],"curies":[{"name":"wp","href":"https:\/\/api.w.org\/{rel}","templated":true}]}}