{"id":47,"date":"2024-02-29T11:31:43","date_gmt":"2024-02-29T08:31:43","guid":{"rendered":"https:\/\/blog.metu.edu.tr\/e262006\/?page_id=47"},"modified":"2024-02-29T11:31:44","modified_gmt":"2024-02-29T08:31:44","slug":"bilimde-merak-edilen-kaza","status":"publish","type":"page","link":"https:\/\/blog.metu.edu.tr\/e262006\/bilimde-merak-edilen-kaza\/","title":{"rendered":"Bilimde Merak Edilen Kaza"},"content":{"rendered":"\n<p>T\u00fclin, genetik m\u00fchendisli\u011fi alan\u0131nda parlayan bir y\u0131ld\u0131zd\u0131. Paris&#8217;te tamamlad\u0131\u011f\u0131 y\u00fcksek lisans e\u011fitimi, ona bilimsel d\u00fc\u015f\u00fcnce ve ara\u015ft\u0131rma konusunda derin bir perspektif kazand\u0131rm\u0131\u015ft\u0131. \u015eimdi ise, bir laboratuvarda <a href=\"https:\/\/urolojidunyasi.com\/sperm-testi-nedir\/\"><strong>sperm testi<\/strong><\/a> \u00fczerine \u00e7al\u0131\u015f\u0131yordu. G\u00fcnlerini mikroskop ba\u015f\u0131nda ge\u00e7iriyor, hayat\u0131n en temel yap\u0131 ta\u015flar\u0131ndan birini inceliyordu.<\/p>\n\n\n\n<p>Bir g\u00fcn, rutin bir test s\u0131ras\u0131nda, talihsiz bir kaza ya\u015fad\u0131. Eldiveninin y\u0131rt\u0131ld\u0131\u011f\u0131n\u0131 ve eline semen \u00f6rne\u011finin bula\u015ft\u0131\u011f\u0131n\u0131 fark etti. O an i\u00e7in paniklemek yerine, profesyonelce durumu y\u00f6netti ve gerekli hijyen \u00f6nlemlerini ald\u0131. Ancak bu olay, T\u00fclin&#8217;in akl\u0131na <a href=\"https:\/\/urolojidunyasi.com\/ele-bulasan-sperm-ne-kadar-yasar\/\"><strong>Ele bula\u015fan sperm ne kadar ya\u015far<\/strong><\/a>? sorusunu getirdi. Merak\u0131, onu bu konu hakk\u0131nda derinlemesine bir ara\u015ft\u0131rmaya y\u00f6nlendirdi.<\/p>\n\n\n\n<p><a href=\"https:\/\/urolojidunyasi.com\/sperm-nedir\/\"><strong>Sperm h\u00fccrelerinin<\/strong><\/a> ya\u015fam s\u00fcresi, genellikle belirli bir ortamda ne kadar dayan\u0131kl\u0131 olduklar\u0131na ba\u011fl\u0131d\u0131r. Laboratuvar ortam\u0131nda, uygun ko\u015fullar alt\u0131nda, sperm h\u00fccrelerinin birka\u00e7 g\u00fcn hayatta kalabilece\u011fini biliyordu. Ancak insan cildi \u00fczerindeki durum farkl\u0131yd\u0131. Cilt, sperm h\u00fccreleri i\u00e7in uygun bir ortam sunmuyor, bu y\u00fczden hayatta kalma s\u00fcreleri \u00e7ok daha k\u0131sa oluyordu.<\/p>\n\n\n\n<p>Bu merak, T\u00fclin&#8217;i sperm h\u00fccrelerinin hayatta kalma ko\u015fullar\u0131 \u00fczerine bir ara\u015ft\u0131rma projesi ba\u015flatmaya motive etti. Projeyi, laboratuvar\u0131ndaki di\u011fer \u00e7al\u0131\u015fanlarla ve akademik \u00e7evreyle payla\u015ft\u0131. Ara\u015ft\u0131rmas\u0131n\u0131n sonu\u00e7lar\u0131, spermiyogram testlerinin do\u011frulu\u011funu ve g\u00fcvenilirli\u011fini art\u0131rma potansiyeline sahipti.<\/p>\n\n\n\n<p>T\u00fclin&#8217;in bu olaydan ilham alarak yapt\u0131\u011f\u0131 \u00e7al\u0131\u015fma, bilimsel toplulukta ilgi g\u00f6rd\u00fc. Onun k\u00fc\u00e7\u00fck bir kaza sonucu ba\u015flatt\u0131\u011f\u0131 ara\u015ft\u0131rma, \u00fcreme biyolojisi ve fertilite testleri alan\u0131nda \u00f6nemli bir katk\u0131 sa\u011flad\u0131. T\u00fclin, merak\u0131n\u0131 ve bilimsel bilgi birikimini, insan hayat\u0131n\u0131 iyile\u015ftirecek yeni bulgular elde etmek i\u00e7in kullanm\u0131\u015f oldu.&nbsp;<\/p>\n","protected":false},"excerpt":{"rendered":"<p>T\u00fclin, genetik m\u00fchendisli\u011fi alan\u0131nda parlayan bir y\u0131ld\u0131zd\u0131. Paris&#8217;te tamamlad\u0131\u011f\u0131 y\u00fcksek lisans e\u011fitimi, ona bilimsel d\u00fc\u015f\u00fcnce ve ara\u015ft\u0131rma konusunda derin bir perspektif kazand\u0131rm\u0131\u015ft\u0131. \u015eimdi ise, bir laboratuvarda sperm testi \u00fczerine \u00e7al\u0131\u015f\u0131yordu. G\u00fcnlerini mikroskop ba\u015f\u0131nda ge\u00e7iriyor, hayat\u0131n en temel yap\u0131 ta\u015flar\u0131ndan birini inceliyordu. Bir g\u00fcn, rutin bir test s\u0131ras\u0131nda, talihsiz bir kaza ya\u015fad\u0131. Eldiveninin y\u0131rt\u0131ld\u0131\u011f\u0131n\u0131 ve eline [&hellip;]<\/p>\n","protected":false},"author":8973,"featured_media":0,"parent":0,"menu_order":0,"comment_status":"closed","ping_status":"closed","template":"","meta":{"footnotes":"","_links_to":"","_links_to_target":""},"class_list":["post-47","page","type-page","status-publish","hentry"],"_links":{"self":[{"href":"https:\/\/blog.metu.edu.tr\/e262006\/wp-json\/wp\/v2\/pages\/47","targetHints":{"allow":["GET"]}}],"collection":[{"href":"https:\/\/blog.metu.edu.tr\/e262006\/wp-json\/wp\/v2\/pages"}],"about":[{"href":"https:\/\/blog.metu.edu.tr\/e262006\/wp-json\/wp\/v2\/types\/page"}],"author":[{"embeddable":true,"href":"https:\/\/blog.metu.edu.tr\/e262006\/wp-json\/wp\/v2\/users\/8973"}],"replies":[{"embeddable":true,"href":"https:\/\/blog.metu.edu.tr\/e262006\/wp-json\/wp\/v2\/comments?post=47"}],"version-history":[{"count":0,"href":"https:\/\/blog.metu.edu.tr\/e262006\/wp-json\/wp\/v2\/pages\/47\/revisions"}],"wp:attachment":[{"href":"https:\/\/blog.metu.edu.tr\/e262006\/wp-json\/wp\/v2\/media?parent=47"}],"curies":[{"name":"wp","href":"https:\/\/api.w.org\/{rel}","templated":true}]}}