{"id":46,"date":"2024-02-28T08:59:56","date_gmt":"2024-02-28T05:59:56","guid":{"rendered":"https:\/\/blog.metu.edu.tr\/e262006\/?page_id=46"},"modified":"2024-02-28T08:59:57","modified_gmt":"2024-02-28T05:59:57","slug":"merve-ve-hakanin-yolculugu","status":"publish","type":"page","link":"https:\/\/blog.metu.edu.tr\/e262006\/merve-ve-hakanin-yolculugu\/","title":{"rendered":"Merve ve Hakan\u2019\u0131n Yolculu\u011fu"},"content":{"rendered":"\n<p>Merve ve Hakan, birbirlerine derin bir sevgiyle ba\u011fl\u0131, hayatlar\u0131n\u0131 birle\u015ftirmi\u015f gen\u00e7 bir \u00e7iftti. Hayalleri, kendi ailelerini kurmak ve \u00e7ocuk sahibi olmakt\u0131. Ancak, bu hayal, beklediklerinden \u00e7ok daha zorlu bir m\u00fccadeleye d\u00f6n\u00fc\u015ft\u00fc. Y\u0131llar s\u00fcren denemelere ra\u011fmen, Merve hamile kalam\u0131yordu. Durumu anlamak i\u00e7in yap\u0131lan t\u0131bbi testler sonucunda, Hakan&#8217;a <a href=\"https:\/\/urolojidunyasi.com\/azospermi-bitkisel-tedavi\/\"><strong>azospermi<\/strong><\/a> te\u015fhisi kondu. Bu durum, \u00e7ift i\u00e7in b\u00fcy\u00fck bir hayal k\u0131r\u0131kl\u0131\u011f\u0131 oldu.<\/p>\n\n\n\n<p>Merve, her zaman umutlu bir kad\u0131nd\u0131 ve pes etmek ona g\u00f6re de\u011fildi. <a href=\"https:\/\/urolojidunyasi.com\/bir-damla-sperm-hamile-birakir-mi\/\"><strong>Bir damla sperm ile hamile kal\u0131n\u0131r m\u0131<\/strong><\/a>? sorusu, Merve&#8217;nin akl\u0131n\u0131 kurcal\u0131yordu. Bu sorunun pe\u015finden gitmeye karar verdi. Ara\u015ft\u0131rmalar\u0131na ba\u015flad\u0131\u011f\u0131nda, modern t\u0131bb\u0131n mucizelerini ke\u015ffetti. <a href=\"https:\/\/urolojidunyasi.com\/mikro-tese-nedir\/\"><strong>Mikro tese ameliyat\u0131<\/strong><\/a> ile mikroenjeksiyon y\u00f6ntemi kullan\u0131larak tek bir sperm h\u00fccresinin bile, bir kad\u0131n\u0131 hamile b\u0131rakabilece\u011fini \u00f6\u011frendi.<\/p>\n\n\n\n<p>Bu bilgiyle, Merve ve Hakan, yeniden umutlanm\u0131\u015ft\u0131. \u00c7ift, bir \u00fcreme uzman\u0131yla g\u00f6r\u00fc\u015ft\u00fc ve tedaviye ba\u015flamaya karar verdi. S\u00fcre\u00e7 zorlu ve duygusal a\u00e7\u0131dan y\u0131prat\u0131c\u0131yd\u0131, ancak Merve ve Hakan birbirlerine olan inan\u00e7lar\u0131n\u0131 ve deste\u011fini hi\u00e7 kaybetmedi.<\/p>\n\n\n\n<p>Uzun ve sab\u0131rl\u0131 bir bekleyi\u015fin ard\u0131ndan, tedavi ba\u015far\u0131l\u0131 oldu. Merve, nihayet hamile kald\u0131. Bu, \u00e7ift i\u00e7in b\u00fcy\u00fck bir zaferdi. Tek bir sperm h\u00fccresi, onlar\u0131n hayallerini ger\u00e7ekle\u015ftirmi\u015fti.<\/p>\n\n\n\n<p>Merve ve Hakan&#8217;\u0131n hikayesi, umudun asla kaybedilmemesi gerekti\u011fini g\u00f6steren bir \u00f6rnek oldu. Onlar\u0131n m\u00fccadelesi ve ba\u015far\u0131s\u0131, benzer zorluklarla kar\u015f\u0131la\u015fan di\u011fer \u00e7iftlere ilham verdi. Tek bir damla, b\u00fcy\u00fck bir fark yaratabilir ve hayat\u0131n en b\u00fcy\u00fck mucizelerinden birini ger\u00e7ekle\u015ftirebilir. \u00c7ocuklar\u0131n\u0131n do\u011fumuyla, Merve ve Hakan&#8217;\u0131n hayalleri ger\u00e7e\u011fe d\u00f6n\u00fc\u015ft\u00fc, ve onlar, hayat\u0131n zorluklar\u0131na ra\u011fmen a\u015fk\u0131n ve umudun g\u00fcc\u00fcn\u00fc herkese g\u00f6sterdi.<\/p>\n\n\n\n<p><\/p>\n","protected":false},"excerpt":{"rendered":"<p>Merve ve Hakan, birbirlerine derin bir sevgiyle ba\u011fl\u0131, hayatlar\u0131n\u0131 birle\u015ftirmi\u015f gen\u00e7 bir \u00e7iftti. Hayalleri, kendi ailelerini kurmak ve \u00e7ocuk sahibi olmakt\u0131. Ancak, bu hayal, beklediklerinden \u00e7ok daha zorlu bir m\u00fccadeleye d\u00f6n\u00fc\u015ft\u00fc. Y\u0131llar s\u00fcren denemelere ra\u011fmen, Merve hamile kalam\u0131yordu. Durumu anlamak i\u00e7in yap\u0131lan t\u0131bbi testler sonucunda, Hakan&#8217;a azospermi te\u015fhisi kondu. Bu durum, \u00e7ift i\u00e7in b\u00fcy\u00fck bir [&hellip;]<\/p>\n","protected":false},"author":8973,"featured_media":0,"parent":0,"menu_order":0,"comment_status":"closed","ping_status":"closed","template":"","meta":{"footnotes":"","_links_to":"","_links_to_target":""},"class_list":["post-46","page","type-page","status-publish","hentry"],"_links":{"self":[{"href":"https:\/\/blog.metu.edu.tr\/e262006\/wp-json\/wp\/v2\/pages\/46","targetHints":{"allow":["GET"]}}],"collection":[{"href":"https:\/\/blog.metu.edu.tr\/e262006\/wp-json\/wp\/v2\/pages"}],"about":[{"href":"https:\/\/blog.metu.edu.tr\/e262006\/wp-json\/wp\/v2\/types\/page"}],"author":[{"embeddable":true,"href":"https:\/\/blog.metu.edu.tr\/e262006\/wp-json\/wp\/v2\/users\/8973"}],"replies":[{"embeddable":true,"href":"https:\/\/blog.metu.edu.tr\/e262006\/wp-json\/wp\/v2\/comments?post=46"}],"version-history":[{"count":0,"href":"https:\/\/blog.metu.edu.tr\/e262006\/wp-json\/wp\/v2\/pages\/46\/revisions"}],"wp:attachment":[{"href":"https:\/\/blog.metu.edu.tr\/e262006\/wp-json\/wp\/v2\/media?parent=46"}],"curies":[{"name":"wp","href":"https:\/\/api.w.org\/{rel}","templated":true}]}}