{"id":45,"date":"2024-02-27T09:57:39","date_gmt":"2024-02-27T06:57:39","guid":{"rendered":"https:\/\/blog.metu.edu.tr\/e262006\/?page_id=45"},"modified":"2024-02-27T09:57:41","modified_gmt":"2024-02-27T06:57:41","slug":"bir-babanin-hayat-mucadelesi","status":"publish","type":"page","link":"https:\/\/blog.metu.edu.tr\/e262006\/bir-babanin-hayat-mucadelesi\/","title":{"rendered":"Bir Baban\u0131n Hayat M\u00fccadelesi"},"content":{"rendered":"\n<p>Hakan&#8217;\u0131n hayat\u0131, babas\u0131n\u0131n <a href=\"https:\/\/urolojidunyasi.com\/gec-kalinmis-prostat-kanseri\/\"><strong>prostat kanseri<\/strong><\/a> te\u015fhisi almas\u0131yla bir anda de\u011fi\u015fir. Babas\u0131n\u0131n ihtiya\u00e7 duydu\u011fu ve hayat kurtar\u0131c\u0131 olabilecek <a href=\"https:\/\/urolojidunyasi.com\/holep-prostat-ameliyati-ucreti-2023\/\"><strong>Holep prostat ameliyat\u0131 \u00fccreti<\/strong><\/a>, Hakan&#8217;\u0131n ailesi i\u00e7in b\u00fcy\u00fck bir mali y\u00fck anlam\u0131na gelmektedir. Ameliyat\u0131n y\u00fcksek maliyeti kar\u015f\u0131s\u0131nda Hakan, para bulma m\u00fccadelesine girer.&nbsp;<\/p>\n\n\n\n<p>Bu s\u00fcre\u00e7te, Hakan&#8217;\u0131n kararl\u0131l\u0131\u011f\u0131 ve aile sevgisi test edilir. G\u00fcnd\u00fczleri ek i\u015fler yapar, geceleri ise internet \u00fczerinden freelance \u00e7al\u0131\u015fmalar yaparak ek gelir elde etmeye \u00e7al\u0131\u015f\u0131r. Zamanla, Hakan&#8217;\u0131n \u00e7abalar\u0131 ve topluluk deste\u011fiyle biriktirdi\u011fi para, babas\u0131n\u0131n ameliyat\u0131 i\u00e7in yeterli hale gelir.<\/p>\n\n\n\n<p>Ameliyat g\u00fcn\u00fc geldi\u011finde, Hakan ve ailesi umutla beklerken, doktorlar babas\u0131n\u0131n durumunu de\u011ferlendirir. Uzun ve zorlu bir operasyonun ard\u0131ndan doktorlar, ameliyat\u0131n ba\u015far\u0131l\u0131 ge\u00e7ti\u011fini ve babas\u0131n\u0131n iyile\u015fme s\u00fcrecine girdi\u011fini aileye bildirir. Bu haberle birlikte, Hakan&#8217;\u0131n y\u00fcz\u00fcnde haftalar sonra ilk defa bir g\u00fcl\u00fcmseme belirir.<\/p>\n\n\n\n<p>Babas\u0131n\u0131n sa\u011fl\u0131\u011f\u0131na kavu\u015fmas\u0131, Hakan i\u00e7in b\u00fcy\u00fck bir rahatlama olurken, ya\u015fad\u0131klar\u0131 s\u00fcre\u00e7 ona hayatta en \u00f6nemli \u015feyin para olmad\u0131\u011f\u0131n\u0131, aile ba\u011flar\u0131n\u0131n, sevginin ve umudun g\u00fcc\u00fcn\u00fc \u00f6\u011fretir. Hakan, bu zorlu s\u00fcre\u00e7te edindi\u011fi tecr\u00fcbelerle, hayata bak\u0131\u015f a\u00e7\u0131s\u0131n\u0131n de\u011fi\u015fti\u011fini fark eder.&nbsp;<\/p>\n\n\n\n<p>Ailesinin yan\u0131nda olman\u0131n, onlar i\u00e7in m\u00fccadele etmenin ve asla umudunu kaybetmemenin \u00f6nemini kavrar. Babas\u0131n\u0131n <a href=\"https:\/\/urolojidunyasi.com\/gec-kalinmis-prostat-kanseri\/\"><strong>prostat kanseri tedavisi<\/strong><\/a> boyunca yan\u0131nda olmaya devam eder ve ailesiyle birlikte daha nice mutlu y\u0131llar ge\u00e7ireceklerine dair i\u00e7ten bir inan\u00e7la doludur.<\/p>\n","protected":false},"excerpt":{"rendered":"<p>Hakan&#8217;\u0131n hayat\u0131, babas\u0131n\u0131n prostat kanseri te\u015fhisi almas\u0131yla bir anda de\u011fi\u015fir. Babas\u0131n\u0131n ihtiya\u00e7 duydu\u011fu ve hayat kurtar\u0131c\u0131 olabilecek Holep prostat ameliyat\u0131 \u00fccreti, Hakan&#8217;\u0131n ailesi i\u00e7in b\u00fcy\u00fck bir mali y\u00fck anlam\u0131na gelmektedir. Ameliyat\u0131n y\u00fcksek maliyeti kar\u015f\u0131s\u0131nda Hakan, para bulma m\u00fccadelesine girer.&nbsp; Bu s\u00fcre\u00e7te, Hakan&#8217;\u0131n kararl\u0131l\u0131\u011f\u0131 ve aile sevgisi test edilir. G\u00fcnd\u00fczleri ek i\u015fler yapar, geceleri ise internet [&hellip;]<\/p>\n","protected":false},"author":8973,"featured_media":0,"parent":0,"menu_order":0,"comment_status":"closed","ping_status":"closed","template":"","meta":{"footnotes":"","_links_to":"","_links_to_target":""},"class_list":["post-45","page","type-page","status-publish","hentry"],"_links":{"self":[{"href":"https:\/\/blog.metu.edu.tr\/e262006\/wp-json\/wp\/v2\/pages\/45","targetHints":{"allow":["GET"]}}],"collection":[{"href":"https:\/\/blog.metu.edu.tr\/e262006\/wp-json\/wp\/v2\/pages"}],"about":[{"href":"https:\/\/blog.metu.edu.tr\/e262006\/wp-json\/wp\/v2\/types\/page"}],"author":[{"embeddable":true,"href":"https:\/\/blog.metu.edu.tr\/e262006\/wp-json\/wp\/v2\/users\/8973"}],"replies":[{"embeddable":true,"href":"https:\/\/blog.metu.edu.tr\/e262006\/wp-json\/wp\/v2\/comments?post=45"}],"version-history":[{"count":0,"href":"https:\/\/blog.metu.edu.tr\/e262006\/wp-json\/wp\/v2\/pages\/45\/revisions"}],"wp:attachment":[{"href":"https:\/\/blog.metu.edu.tr\/e262006\/wp-json\/wp\/v2\/media?parent=45"}],"curies":[{"name":"wp","href":"https:\/\/api.w.org\/{rel}","templated":true}]}}