{"id":44,"date":"2024-02-26T17:07:06","date_gmt":"2024-02-26T14:07:06","guid":{"rendered":"https:\/\/blog.metu.edu.tr\/e262006\/?page_id=44"},"modified":"2024-02-26T17:07:08","modified_gmt":"2024-02-26T14:07:08","slug":"sabah-uyanislari-ve-kadinlar","status":"publish","type":"page","link":"https:\/\/blog.metu.edu.tr\/e262006\/sabah-uyanislari-ve-kadinlar\/","title":{"rendered":"Sabah Uyan\u0131\u015flar\u0131 ve Kad\u0131nlar"},"content":{"rendered":"\n<p>Beyza, kad\u0131n do\u011fum ihtisas\u0131nda son y\u0131l\u0131na girmi\u015fti ve tez konusu olarak <a href=\"https:\/\/urolojidunyasi.com\/kadinlarda-sabah-ereksiyonu\/\"><strong>kad\u0131nlarda sabah ereksiyonu<\/strong><\/a><strong> <\/strong>ve <a href=\"https:\/\/urolojidunyasi.com\/kadinlarda-bosalamama-agrisi\/\"><strong>kad\u0131nlarda bo\u015falamama a\u011fr\u0131s\u0131<\/strong><\/a> gibi nadir incelenen konular\u0131 se\u00e7mi\u015fti. Bu alanda \u00e7al\u0131\u015fmak, onun i\u00e7in sadece akademik bir merak de\u011fil, ayn\u0131 zamanda toplumdaki tabular\u0131 k\u0131rmak ve kad\u0131n sa\u011fl\u0131\u011f\u0131na dair fark\u0131ndal\u0131\u011f\u0131 art\u0131rmak anlam\u0131na geliyordu. Ancak, bu yolda ilerlerken beklenmedik zorluklarla kar\u015f\u0131la\u015ft\u0131.<\/p>\n\n\n\n<p>Beyza, konular\u0131n\u0131n hassasiyeti nedeniyle ara\u015ft\u0131rma yapmakta zorland\u0131. Kat\u0131l\u0131mc\u0131 bulmak, veri toplamak ve bu konular hakk\u0131nda konu\u015fmaya istekli insanlar bulmak, d\u00fc\u015f\u00fcnd\u00fc\u011f\u00fcnden \u00e7ok daha zordu. Ayr\u0131ca, baz\u0131 akademisyenlerin konular\u0131n\u0131 yeterince &#8220;ciddi&#8221; bulmamas\u0131 moralini bozuyordu. Ancak, Beyza&#8217;n\u0131n tutkusu ve kararl\u0131l\u0131\u011f\u0131, bu engellerin \u00fcstesinden gelmesine yard\u0131mc\u0131 oldu.<\/p>\n\n\n\n<p>Bir y\u0131l boyunca s\u00fcrekli \u00e7al\u0131\u015fman\u0131n ard\u0131ndan, Beyza, kad\u0131nlardaki sabah ereksiyonunun, genellikle bilinmeyen veya yanl\u0131\u015f anla\u015f\u0131lan bir fenomen oldu\u011funu ve<a href=\"https:\/\/urolojidunyasi.com\/kadin-cinselliginde-merak-edilenler\/\"> <strong>kad\u0131n cinselli\u011finde merak edilenler<\/strong><\/a><strong> <\/strong>konusuna katk\u0131 sa\u011flayabilece\u011fini ke\u015ffetti. Bo\u015falamama a\u011fr\u0131s\u0131 konusunda ise, bu durumun bir\u00e7ok kad\u0131n\u0131n ya\u015fad\u0131\u011f\u0131 ancak nadiren dile getirilen bir sorun oldu\u011funu ve psikolojik, fizyolojik ve sosyal fakt\u00f6rlerin etkile\u015fimiyle ilgili oldu\u011funu ortaya koydu.<\/p>\n\n\n\n<p>Tez savunmas\u0131 g\u00fcn\u00fc, Beyza, \u00e7al\u0131\u015fmalar\u0131n\u0131n \u00f6nemini ve kad\u0131n sa\u011fl\u0131\u011f\u0131 \u00fczerine yapt\u0131\u011f\u0131 ara\u015ft\u0131rmalar\u0131n potansiyel etkilerini anlatt\u0131. J\u00fcri \u00fcyeleri, ba\u015flang\u0131\u00e7ta teredd\u00fct etmi\u015f olsalar da, Beyza&#8217;n\u0131n tutkusunu ve ara\u015ft\u0131rmalar\u0131n\u0131n derinli\u011fini takdir ettiler. Tezini ba\u015far\u0131yla tamamlad\u0131ktan sonra, Beyza&#8217;n\u0131n \u00e7al\u0131\u015fmalar\u0131, kad\u0131n sa\u011fl\u0131\u011f\u0131 \u00fczerine yap\u0131lan ara\u015ft\u0131rmalara yeni bir perspektif getirdi ve bu konular hakk\u0131nda daha fazla ara\u015ft\u0131rma yap\u0131lmas\u0131n\u0131n \u00f6n\u00fcn\u00fc a\u00e7t\u0131.<\/p>\n\n\n\n<p>Beyza i\u00e7in bu s\u00fcre\u00e7, sadece akademik bir ba\u015far\u0131 de\u011fil, ayn\u0131 zamanda ki\u015fisel bir zaferdi. Kar\u015f\u0131la\u015ft\u0131\u011f\u0131 zorluklar, onu daha da g\u00fc\u00e7lendirdi ve kad\u0131n sa\u011fl\u0131\u011f\u0131 konusundaki tutkusunu peki\u015ftirdi.<\/p>\n","protected":false},"excerpt":{"rendered":"<p>Beyza, kad\u0131n do\u011fum ihtisas\u0131nda son y\u0131l\u0131na girmi\u015fti ve tez konusu olarak kad\u0131nlarda sabah ereksiyonu ve kad\u0131nlarda bo\u015falamama a\u011fr\u0131s\u0131 gibi nadir incelenen konular\u0131 se\u00e7mi\u015fti. Bu alanda \u00e7al\u0131\u015fmak, onun i\u00e7in sadece akademik bir merak de\u011fil, ayn\u0131 zamanda toplumdaki tabular\u0131 k\u0131rmak ve kad\u0131n sa\u011fl\u0131\u011f\u0131na dair fark\u0131ndal\u0131\u011f\u0131 art\u0131rmak anlam\u0131na geliyordu. Ancak, bu yolda ilerlerken beklenmedik zorluklarla kar\u015f\u0131la\u015ft\u0131. Beyza, konular\u0131n\u0131n [&hellip;]<\/p>\n","protected":false},"author":8973,"featured_media":0,"parent":0,"menu_order":0,"comment_status":"closed","ping_status":"closed","template":"","meta":{"footnotes":"","_links_to":"","_links_to_target":""},"class_list":["post-44","page","type-page","status-publish","hentry"],"_links":{"self":[{"href":"https:\/\/blog.metu.edu.tr\/e262006\/wp-json\/wp\/v2\/pages\/44","targetHints":{"allow":["GET"]}}],"collection":[{"href":"https:\/\/blog.metu.edu.tr\/e262006\/wp-json\/wp\/v2\/pages"}],"about":[{"href":"https:\/\/blog.metu.edu.tr\/e262006\/wp-json\/wp\/v2\/types\/page"}],"author":[{"embeddable":true,"href":"https:\/\/blog.metu.edu.tr\/e262006\/wp-json\/wp\/v2\/users\/8973"}],"replies":[{"embeddable":true,"href":"https:\/\/blog.metu.edu.tr\/e262006\/wp-json\/wp\/v2\/comments?post=44"}],"version-history":[{"count":0,"href":"https:\/\/blog.metu.edu.tr\/e262006\/wp-json\/wp\/v2\/pages\/44\/revisions"}],"wp:attachment":[{"href":"https:\/\/blog.metu.edu.tr\/e262006\/wp-json\/wp\/v2\/media?parent=44"}],"curies":[{"name":"wp","href":"https:\/\/api.w.org\/{rel}","templated":true}]}}