{"id":42,"date":"2024-02-24T22:35:30","date_gmt":"2024-02-24T19:35:30","guid":{"rendered":"https:\/\/blog.metu.edu.tr\/e262006\/?page_id=42"},"modified":"2024-02-24T22:35:32","modified_gmt":"2024-02-24T19:35:32","slug":"bitirme-odevi-mucadelesi","status":"publish","type":"page","link":"https:\/\/blog.metu.edu.tr\/e262006\/bitirme-odevi-mucadelesi\/","title":{"rendered":"Bitirme \u00d6devi M\u00fccadelesi"},"content":{"rendered":"\n<p>Furkan, klinik psikoloji son s\u0131n\u0131f \u00f6\u011frencisi, bitirme \u00f6devi i\u00e7in cesur bir konu se\u00e7mi\u015fti: &#8220;Erkeklerde Cinsel Fonksiyon Bozukluklar\u0131&#8221;. \u00d6zellikle <a href=\"https:\/\/urolojidunyasi.com\/erkeklerde-cinsel-isteksizlik\/\"><strong>erkeklerde cinsel isteksizlik<\/strong><\/a> ve <a href=\"https:\/\/urolojidunyasi.com\/erkeklerin-zevk-noktalari\/\"><strong>erkeklerin zevk noktalar\u0131<\/strong><\/a> \u00fczerine yo\u011funla\u015fmaya karar vermi\u015fti. Bu zorlu yolculuk, onu modern psikolojinin derinliklerine g\u00f6t\u00fcrecek ve tabular\u0131 y\u0131kmaya \u00e7al\u0131\u015facakt\u0131.<\/p>\n\n\n\n<p>Dr. Elias, erkeklerin cinsel sa\u011fl\u0131\u011f\u0131 konusunda uzmanla\u015fm\u0131\u015f ve bir\u00e7ok hastas\u0131n\u0131n ya\u015fad\u0131\u011f\u0131 zorluklar\u0131 \u00e7\u00f6zmek i\u00e7in y\u0131llar\u0131n\u0131 adam\u0131\u015ft\u0131. Onun en b\u00fcy\u00fck ke\u015fiflerinden biri, erkeklerde cinsel isteksizli\u011fin yaln\u0131zca fiziksel de\u011fil, ayn\u0131 zamanda psikolojik ve duygusal fakt\u00f6rlerle de yak\u0131ndan ili\u015fkili oldu\u011fuydu.<\/p>\n\n\n\n<p>Bir g\u00fcn, Dr. Elias, Alex ad\u0131nda gen\u00e7 bir adamla tan\u0131\u015ft\u0131. Alex, partneriyle olan ili\u015fkisinde cinsel isteksizlik ya\u015famaktayd\u0131. Bu durum, onun \u00f6zg\u00fcvenini ve ili\u015fkisini derinden etkiliyordu. Dr. Elias ve Alex, bir dizi terapi seans\u0131 boyunca, Alex&#8217;in ge\u00e7mi\u015f travmalar\u0131n\u0131 ve g\u00fcnl\u00fck stres fakt\u00f6rlerini ele ald\u0131lar. Bu s\u00fcre\u00e7te, Dr. Elias, erkeklerde G noktas\u0131n\u0131n \u00f6nemini ve bu konudaki bilgi eksikli\u011finin, erkeklerin cinsel sa\u011fl\u0131klar\u0131n\u0131 anlamalar\u0131n\u0131 nas\u0131l engelledi\u011fini Alex&#8217;e a\u00e7\u0131klad\u0131.<\/p>\n\n\n\n<p>Tedavi ilerledik\u00e7e, Alex kendini daha fazla ke\u015ffetmeye ve partneriyle daha a\u00e7\u0131k ileti\u015fim kurmaya ba\u015flad\u0131. Cinsel isteksizlikle m\u00fccadelesinde, Dr. Elias&#8217;\u0131n rehberli\u011fi, Alex&#8217;in kendi bedenini ve arzular\u0131n\u0131 daha iyi anlamas\u0131na yard\u0131mc\u0131 oldu. Bu, Alex i\u00e7in bir d\u00f6n\u00fcm noktas\u0131yd\u0131; art\u0131k kendini ve cinselli\u011fini daha iyi kabul edebiliyor ve partneriyle daha sa\u011fl\u0131kl\u0131 bir <a href=\"https:\/\/urolojidunyasi.com\/evde-cinsel-gucu-artiran-karisimlar\/\"><strong>cinsel ili\u015fki<\/strong><\/a> geli\u015ftirebiliyordu.<\/p>\n\n\n\n<p>Furkan&#8217;\u0131n tezi, Alex&#8217;in hikayesi \u00fczerinden erkeklerde cinsel fonksiyon bozukluklar\u0131n\u0131n \u00e7ok y\u00f6nl\u00fc do\u011fas\u0131n\u0131 ve bu konuda bilin\u00e7lenmenin \u00f6nemini vurguluyordu. Bu \u00e7al\u0131\u015fma, akademik camiada ve \u00f6tesinde, cinsel sa\u011fl\u0131k konusunda daha fazla diyalog ve anlay\u0131\u015f geli\u015ftirilmesine katk\u0131da bulunmay\u0131 ama\u00e7l\u0131yordu.<\/p>\n","protected":false},"excerpt":{"rendered":"<p>Furkan, klinik psikoloji son s\u0131n\u0131f \u00f6\u011frencisi, bitirme \u00f6devi i\u00e7in cesur bir konu se\u00e7mi\u015fti: &#8220;Erkeklerde Cinsel Fonksiyon Bozukluklar\u0131&#8221;. \u00d6zellikle erkeklerde cinsel isteksizlik ve erkeklerin zevk noktalar\u0131 \u00fczerine yo\u011funla\u015fmaya karar vermi\u015fti. Bu zorlu yolculuk, onu modern psikolojinin derinliklerine g\u00f6t\u00fcrecek ve tabular\u0131 y\u0131kmaya \u00e7al\u0131\u015facakt\u0131. Dr. Elias, erkeklerin cinsel sa\u011fl\u0131\u011f\u0131 konusunda uzmanla\u015fm\u0131\u015f ve bir\u00e7ok hastas\u0131n\u0131n ya\u015fad\u0131\u011f\u0131 zorluklar\u0131 \u00e7\u00f6zmek i\u00e7in [&hellip;]<\/p>\n","protected":false},"author":8973,"featured_media":0,"parent":0,"menu_order":0,"comment_status":"closed","ping_status":"closed","template":"","meta":{"footnotes":"","_links_to":"","_links_to_target":""},"class_list":["post-42","page","type-page","status-publish","hentry"],"_links":{"self":[{"href":"https:\/\/blog.metu.edu.tr\/e262006\/wp-json\/wp\/v2\/pages\/42","targetHints":{"allow":["GET"]}}],"collection":[{"href":"https:\/\/blog.metu.edu.tr\/e262006\/wp-json\/wp\/v2\/pages"}],"about":[{"href":"https:\/\/blog.metu.edu.tr\/e262006\/wp-json\/wp\/v2\/types\/page"}],"author":[{"embeddable":true,"href":"https:\/\/blog.metu.edu.tr\/e262006\/wp-json\/wp\/v2\/users\/8973"}],"replies":[{"embeddable":true,"href":"https:\/\/blog.metu.edu.tr\/e262006\/wp-json\/wp\/v2\/comments?post=42"}],"version-history":[{"count":0,"href":"https:\/\/blog.metu.edu.tr\/e262006\/wp-json\/wp\/v2\/pages\/42\/revisions"}],"wp:attachment":[{"href":"https:\/\/blog.metu.edu.tr\/e262006\/wp-json\/wp\/v2\/media?parent=42"}],"curies":[{"name":"wp","href":"https:\/\/api.w.org\/{rel}","templated":true}]}}