{"id":41,"date":"2024-02-23T10:58:27","date_gmt":"2024-02-23T07:58:27","guid":{"rendered":"https:\/\/blog.metu.edu.tr\/e262006\/?page_id=41"},"modified":"2024-02-23T10:58:29","modified_gmt":"2024-02-23T07:58:29","slug":"husnanin-psikoloji-arastirmasi","status":"publish","type":"page","link":"https:\/\/blog.metu.edu.tr\/e262006\/husnanin-psikoloji-arastirmasi\/","title":{"rendered":"H\u00fcsna&#8217;n\u0131n Psikoloji Ara\u015ft\u0131rmas\u0131"},"content":{"rendered":"\n<p>H\u00fcsna, akademik kariyerinde cesur bir ad\u0131m att\u0131; toplumun tabu olarak g\u00f6rd\u00fc\u011f\u00fc bir konuya \u0131\u015f\u0131k tutmaya karar verdi: kad\u0131n cinselli\u011fi. Y\u00fcksek lisans tezini, <a href=\"https:\/\/urolojidunyasi.com\/kadinlarda-orgazmin-tarifi\/\"><strong>kad\u0131nlar nas\u0131l orgazm olur<\/strong><\/a> konusunu ve bu s\u00fcrecin psikolojik y\u00f6nlerini incelenmesine adam\u0131\u015ft\u0131. Bu karar, hem arkada\u015flar\u0131 hem de akademisyenler aras\u0131nda \u015fa\u015fk\u0131nl\u0131k ve merak uyand\u0131rd\u0131.<\/p>\n\n\n\n<p>H\u00fcsna, toplumda cinselli\u011fin s\u0131k s\u0131k g\u00f6z ard\u0131 edilen veya yanl\u0131\u015f anla\u015f\u0131lan bir konu oldu\u011funu biliyordu. Kad\u0131nlar\u0131n cinselliklerini ke\u015ffetmeleri ve bunun ya\u015fam\u0131n do\u011fal bir par\u00e7as\u0131 oldu\u011funu anlamalar\u0131 gerekti\u011fine inan\u0131yordu. <a href=\"https:\/\/urolojidunyasi.com\/kadinlarda-cinsel-isteksizlik\/\"><strong>Kad\u0131nlarda cinsel isteksizlik<\/strong><\/a> tezi, bu konuda bir fark\u0131ndal\u0131k yaratmay\u0131 ve cinselli\u011fin kad\u0131nlar\u0131n psikolojik sa\u011fl\u0131\u011f\u0131 \u00fczerindeki olumlu etkilerini vurgulamay\u0131 ama\u00e7l\u0131yordu.<\/p>\n\n\n\n<p>Ara\u015ft\u0131rma s\u00fcreci boyunca, H\u00fcsna bir\u00e7ok kad\u0131nla derinlemesine r\u00f6portajlar yapt\u0131. Bu r\u00f6portajlar, kad\u0131nlar\u0131n cinsellikleriyle ilgili deneyimlerini, duygular\u0131n\u0131 ve zorluklar\u0131n\u0131 anlamas\u0131na yard\u0131mc\u0131 oldu. Kad\u0131nlar\u0131n baz\u0131lar\u0131 toplumun bask\u0131s\u0131n\u0131 ve \u00f6nyarg\u0131lar\u0131n\u0131 nas\u0131l a\u015ft\u0131klar\u0131n\u0131 payla\u015f\u0131rken, di\u011ferleri kendilerini ke\u015ffetme yolculuklar\u0131nda kar\u015f\u0131la\u015ft\u0131klar\u0131 engelleri anlatt\u0131.<\/p>\n\n\n\n<p>H\u00fcsna&#8217;n\u0131n tezi, kad\u0131nlar\u0131n cinsel tatminin psikolojik refahlar\u0131 \u00fczerinde \u00f6nemli bir etkisi oldu\u011funu ortaya koydu. Kendi cinselliklerini kabul etmeleri ve ke\u015ffetmeleri, \u00f6zg\u00fcvenlerini, <a href=\"https:\/\/urolojidunyasi.com\/evde-cinsel-gucu-artiran-karisimlar\/\"><strong>cinsel g\u00fcc\u00fc<\/strong><\/a> ve kendilerine olan sayg\u0131lar\u0131n\u0131 art\u0131rd\u0131. Ayr\u0131ca, cinsel sa\u011fl\u0131k ve mutluluk aras\u0131ndaki ili\u015fkiyi de vurgulad\u0131.<\/p>\n\n\n\n<p>Tezinin sunumu g\u00fcn\u00fc, H\u00fcsna heyecanl\u0131yd\u0131 ancak bir o kadar da kararl\u0131yd\u0131. Sunumunu tamamlad\u0131\u011f\u0131nda, salon alk\u0131\u015flarla yank\u0131land\u0131. H\u00fcsna, konu\u015fmas\u0131n\u0131n sonunda, kad\u0131n cinselli\u011finin daha fazla ara\u015ft\u0131r\u0131lmas\u0131 ve tart\u0131\u015f\u0131lmas\u0131 gerekti\u011fini, \u00e7\u00fcnk\u00fc bu konunun sadece bireysel de\u011fil, ayn\u0131 zamanda toplumsal bir refah meselesi oldu\u011funu vurgulad\u0131.<\/p>\n","protected":false},"excerpt":{"rendered":"<p>H\u00fcsna, akademik kariyerinde cesur bir ad\u0131m att\u0131; toplumun tabu olarak g\u00f6rd\u00fc\u011f\u00fc bir konuya \u0131\u015f\u0131k tutmaya karar verdi: kad\u0131n cinselli\u011fi. Y\u00fcksek lisans tezini, kad\u0131nlar nas\u0131l orgazm olur konusunu ve bu s\u00fcrecin psikolojik y\u00f6nlerini incelenmesine adam\u0131\u015ft\u0131. Bu karar, hem arkada\u015flar\u0131 hem de akademisyenler aras\u0131nda \u015fa\u015fk\u0131nl\u0131k ve merak uyand\u0131rd\u0131. H\u00fcsna, toplumda cinselli\u011fin s\u0131k s\u0131k g\u00f6z ard\u0131 edilen veya [&hellip;]<\/p>\n","protected":false},"author":8973,"featured_media":0,"parent":0,"menu_order":0,"comment_status":"closed","ping_status":"closed","template":"","meta":{"footnotes":"","_links_to":"","_links_to_target":""},"class_list":["post-41","page","type-page","status-publish","hentry"],"_links":{"self":[{"href":"https:\/\/blog.metu.edu.tr\/e262006\/wp-json\/wp\/v2\/pages\/41","targetHints":{"allow":["GET"]}}],"collection":[{"href":"https:\/\/blog.metu.edu.tr\/e262006\/wp-json\/wp\/v2\/pages"}],"about":[{"href":"https:\/\/blog.metu.edu.tr\/e262006\/wp-json\/wp\/v2\/types\/page"}],"author":[{"embeddable":true,"href":"https:\/\/blog.metu.edu.tr\/e262006\/wp-json\/wp\/v2\/users\/8973"}],"replies":[{"embeddable":true,"href":"https:\/\/blog.metu.edu.tr\/e262006\/wp-json\/wp\/v2\/comments?post=41"}],"version-history":[{"count":0,"href":"https:\/\/blog.metu.edu.tr\/e262006\/wp-json\/wp\/v2\/pages\/41\/revisions"}],"wp:attachment":[{"href":"https:\/\/blog.metu.edu.tr\/e262006\/wp-json\/wp\/v2\/media?parent=41"}],"curies":[{"name":"wp","href":"https:\/\/api.w.org\/{rel}","templated":true}]}}