{"id":40,"date":"2024-02-22T17:15:14","date_gmt":"2024-02-22T14:15:14","guid":{"rendered":"https:\/\/blog.metu.edu.tr\/e262006\/?page_id=40"},"modified":"2024-02-22T17:15:16","modified_gmt":"2024-02-22T14:15:16","slug":"firatin-sessiz-mucadelesi","status":"publish","type":"page","link":"https:\/\/blog.metu.edu.tr\/e262006\/firatin-sessiz-mucadelesi\/","title":{"rendered":"F\u0131rat&#8217;\u0131n Sessiz M\u00fccadelesi"},"content":{"rendered":"\n<p>F\u0131rat, uzun s\u00fcredir hayalini kurdu\u011fu aile tablosunu tamamlamakta zorlan\u0131yordu. Her ne kadar i\u00e7ten i\u00e7e bir sorun oldu\u011funu hissetse de, bu konuyu ailesiyle payla\u015fmakta b\u00fcy\u00fck bir \u00e7ekingenlik ya\u015f\u0131yordu. Bir g\u00fcn, \u00e7\u00f6z\u00fcm aray\u0131\u015f\u0131 i\u00e7inde, kendisini bir \u00fcreme sa\u011fl\u0131\u011f\u0131 uzman\u0131n\u0131n ofisinde buldu. Uzman hekimle yapt\u0131\u011f\u0131 g\u00f6r\u00fc\u015fme, F\u0131rat&#8217;\u0131n hayat\u0131nda d\u00f6n\u00fcm noktas\u0131 oldu. <a href=\"https:\/\/urolojidunyasi.com\/saglikli-bir-erkek-kac-gunde-bir-bosalir\/\"><strong>Erken bo\u015falma<\/strong><\/a> ve <a href=\"https:\/\/urolojidunyasi.com\/azospermi-bitkisel-tedavi\/\"><strong>azospermi<\/strong><\/a><strong> <\/strong>te\u015fhisi konulmu\u015ftu. Bu haber, F\u0131rat i\u00e7in hem bir a\u00e7\u0131klama hem de bir \u015fok etkisi yaratt\u0131.<\/p>\n\n\n\n<p>Y\u0131llar boyunca, ergenlik d\u00f6neminden itibaren geli\u015ftirdi\u011fi a\u015f\u0131r\u0131 mast\u00fcrbasyon al\u0131\u015fkanl\u0131\u011f\u0131, \u015fimdi onun kar\u015f\u0131s\u0131na beklenmedik bir engel olarak \u00e7\u0131km\u0131\u015ft\u0131. Bu olumsuz al\u0131\u015fkanl\u0131k, F\u0131rat i\u00e7in uzun s\u00fcredir bir ka\u00e7\u0131\u015f yolu, stres atman\u0131n bir arac\u0131 olmu\u015ftu. Ancak \u015fimdi, uzman\u0131n a\u00e7\u0131klamalar\u0131yla, bu al\u0131\u015fkanl\u0131\u011f\u0131n cinsel ya\u015fam\u0131n\u0131 ve \u00fcreme sa\u011fl\u0131\u011f\u0131n\u0131 olumsuz etkiledi\u011fini anlam\u0131\u015ft\u0131. <a href=\"https:\/\/urolojidunyasi.com\/asiri-masturbasyonun-zararlari\/\"><strong>Mast\u00fcrbasyonun zararlar\u0131<\/strong><\/a> ile y\u00fczle\u015fmek, F\u0131rat i\u00e7in zorlu bir s\u00fcre\u00e7ti.<\/p>\n\n\n\n<p>Ailesiyle bu konuyu payla\u015famaman\u0131n y\u00fck\u00fc omuzlar\u0131nda a\u011f\u0131r bas\u0131yordu. F\u0131rat, ya\u015fad\u0131\u011f\u0131 bu i\u00e7sel \u00e7at\u0131\u015fmayla ba\u015fa \u00e7\u0131kmak i\u00e7in uzman\u0131ndan yard\u0131m ald\u0131. Tedavi s\u00fcrecine ba\u015flamak, onun i\u00e7in hem korkutucu hem de umut vericiydi. Yolun sonunda ailesini tamamlayabilme \u015fans\u0131 vard\u0131. Bu s\u00fcre\u00e7te, F\u0131rat kendini daha fazla tan\u0131ma ve kendi bedeninin sinyallerini dinleme f\u0131rsat\u0131 buldu.<\/p>\n\n\n\n<p>Zamanla, F\u0131rat tedaviye olumlu yan\u0131t vermeye ba\u015flad\u0131. Kendiyle ve ge\u00e7mi\u015fiyle bar\u0131\u015f\u0131k hale gelmeye \u00e7al\u0131\u015f\u0131yordu. Bu s\u00fcre\u00e7te en b\u00fcy\u00fck destek\u00e7isi, a\u00e7\u0131k\u00e7a konu\u015famasa da, hissettikleriyle yan\u0131nda olan e\u015fiydi. F\u0131rat, ya\u015fad\u0131\u011f\u0131 zorluklar\u0131n \u00fcstesinden gelmekte kararl\u0131yd\u0131. Bu hikaye, F\u0131rat&#8217;\u0131n kendi i\u00e7sel sava\u015flar\u0131n\u0131 ve zorluklar\u0131n \u00fcstesinden gelme yolundaki cesaretini g\u00f6zler \u00f6n\u00fcne seriyor. Aile hayaline giden yolda, ki\u015fisel m\u00fccadeleleri ve bu s\u00fcre\u00e7te kazand\u0131\u011f\u0131 bilgelik, onun en de\u011ferli kazan\u0131mlar\u0131yd\u0131.<\/p>\n","protected":false},"excerpt":{"rendered":"<p>F\u0131rat, uzun s\u00fcredir hayalini kurdu\u011fu aile tablosunu tamamlamakta zorlan\u0131yordu. Her ne kadar i\u00e7ten i\u00e7e bir sorun oldu\u011funu hissetse de, bu konuyu ailesiyle payla\u015fmakta b\u00fcy\u00fck bir \u00e7ekingenlik ya\u015f\u0131yordu. Bir g\u00fcn, \u00e7\u00f6z\u00fcm aray\u0131\u015f\u0131 i\u00e7inde, kendisini bir \u00fcreme sa\u011fl\u0131\u011f\u0131 uzman\u0131n\u0131n ofisinde buldu. Uzman hekimle yapt\u0131\u011f\u0131 g\u00f6r\u00fc\u015fme, F\u0131rat&#8217;\u0131n hayat\u0131nda d\u00f6n\u00fcm noktas\u0131 oldu. Erken bo\u015falma ve azospermi te\u015fhisi konulmu\u015ftu. Bu [&hellip;]<\/p>\n","protected":false},"author":8973,"featured_media":0,"parent":0,"menu_order":0,"comment_status":"closed","ping_status":"closed","template":"","meta":{"footnotes":"","_links_to":"","_links_to_target":""},"class_list":["post-40","page","type-page","status-publish","hentry"],"_links":{"self":[{"href":"https:\/\/blog.metu.edu.tr\/e262006\/wp-json\/wp\/v2\/pages\/40","targetHints":{"allow":["GET"]}}],"collection":[{"href":"https:\/\/blog.metu.edu.tr\/e262006\/wp-json\/wp\/v2\/pages"}],"about":[{"href":"https:\/\/blog.metu.edu.tr\/e262006\/wp-json\/wp\/v2\/types\/page"}],"author":[{"embeddable":true,"href":"https:\/\/blog.metu.edu.tr\/e262006\/wp-json\/wp\/v2\/users\/8973"}],"replies":[{"embeddable":true,"href":"https:\/\/blog.metu.edu.tr\/e262006\/wp-json\/wp\/v2\/comments?post=40"}],"version-history":[{"count":0,"href":"https:\/\/blog.metu.edu.tr\/e262006\/wp-json\/wp\/v2\/pages\/40\/revisions"}],"wp:attachment":[{"href":"https:\/\/blog.metu.edu.tr\/e262006\/wp-json\/wp\/v2\/media?parent=40"}],"curies":[{"name":"wp","href":"https:\/\/api.w.org\/{rel}","templated":true}]}}