{"id":33,"date":"2024-02-18T12:20:17","date_gmt":"2024-02-18T09:20:17","guid":{"rendered":"https:\/\/blog.metu.edu.tr\/e262006\/?page_id=33"},"modified":"2024-02-18T12:20:19","modified_gmt":"2024-02-18T09:20:19","slug":"nevzatin-yolculugunu-degistiriyor","status":"publish","type":"page","link":"https:\/\/blog.metu.edu.tr\/e262006\/nevzatin-yolculugunu-degistiriyor\/","title":{"rendered":"Nevzat&#8217;\u0131n Yolculu\u011funu De\u011fi\u015ftiriyor"},"content":{"rendered":"\n<p>Nevzat&#8217;\u0131n hayalleri, g\u00f6ky\u00fcz\u00fc kadar geni\u015f ve engin bir okyanus gibi derindi. K\u00fc\u00e7\u00fck ya\u015flardan itibaren g\u00f6zlerinde parlayan bir \u0131\u015f\u0131k vard\u0131; o, bir asker olacakt\u0131. Her ad\u0131m\u0131n\u0131, bu b\u00fcy\u00fck hayaline ula\u015fmak i\u00e7in planl\u0131 ve titiz bir \u015fekilde at\u0131yordu. \u0130lk \u00f6\u011fretim y\u0131llar\u0131ndan itibaren, ailesine ve arkada\u015flar\u0131na bu tutkusundan bahseder, gelece\u011fini \u015fekillendiren bu hayaliyle ilgili planlar yapard\u0131. Ancak hayat, beklenmedik s\u00fcrprizlerle doludur ve Nevzat&#8217;\u0131n yolu, tahmin etmedi\u011fi bir viraja sapacakt\u0131.<\/p>\n\n\n\n<p>Lise son s\u0131n\u0131f\u0131nda, Nevzat i\u00e7in her \u015fey yolunda g\u00f6r\u00fcn\u00fcyordu. Askeri okullar\u0131n s\u0131nav\u0131na haz\u0131rlan\u0131yor, gelece\u011fine dair umutlar\u0131n\u0131 ye\u015fertiyordu. Ancak bir s\u00fcredir devam eden, \u00f6nemsemedi\u011fi bir sa\u011fl\u0131k sorunu, hayallerini g\u00f6lgelemeye ba\u015flad\u0131. Bacak aras\u0131nda ba\u015flayan ka\u015f\u0131nt\u0131lar ve <a href=\"https:\/\/urolojidunyasi.com\/peniste-neden-sivilce-cikar\/\"><strong>peniste sivilce<\/strong><\/a> benzeri beyaz noktalar, Nevzat&#8217;\u0131 endi\u015felendirmeye ba\u015flam\u0131\u015ft\u0131. Bu durum, askeri okul s\u0131navlar\u0131na haz\u0131rlan\u0131rken onun i\u00e7in b\u00fcy\u00fck bir engel te\u015fkil ediyordu.<\/p>\n\n\n\n<p>Sa\u011fl\u0131k kontrol\u00fc i\u00e7in hastaneye gitti\u011finde, Nevzat, hayat\u0131n\u0131 de\u011fi\u015ftirecek bir haberle kar\u015f\u0131la\u015ft\u0131. <a href=\"https:\/\/urolojidunyasi.com\/hiv-aids-nedir\/\"><strong>Aids belirtileri<\/strong><\/a> do\u011frultusunda yap\u0131lan testler sonucunda HIV pozitif oldu\u011funu \u00f6\u011frendi. Bu durum, askeri okula giri\u015fini imkans\u0131z hale getiriyordu. Nevzat&#8217;\u0131n hayalleri, bir anda parampar\u00e7a olmu\u015ftu. <a href=\"https:\/\/urolojidunyasi.com\/peniste-neden-sivilce-cikar\/\"><strong>Peniste sivilce \u00e7\u0131kmas\u0131<\/strong><\/a> gibi nadir g\u00f6r\u00fclen bir durumla kar\u015f\u0131la\u015fmak, doktorlar\u0131 da \u015fa\u015f\u0131rtm\u0131\u015ft\u0131. Ancak Nevzat i\u00e7in as\u0131l sava\u015f, \u015fimdi ba\u015fl\u0131yordu.<\/p>\n\n\n\n<p>Bu zor zaman\u0131nda, Nevzat&#8217;\u0131n en b\u00fcy\u00fck destek\u00e7isi ailesi oldu. Durumu onlarla payla\u015ft\u0131\u011f\u0131nda, ald\u0131\u011f\u0131 tepki, onun i\u00e7in bir umut \u0131\u015f\u0131\u011f\u0131 oldu. Ailesi, Nevzat&#8217;\u0131n yan\u0131nda durarak, AIDS tedavisine ba\u015flamas\u0131n\u0131 sa\u011flad\u0131. Bu s\u00fcre\u00e7, Nevzat i\u00e7in kolay olmasa da, ailesinin sevgisi ve destekleriyle, hayata tutunmay\u0131 ba\u015fard\u0131.<\/p>\n\n\n\n<p>Nevzat&#8217;\u0131n hikayesi, hayallerimizin her zaman istedi\u011fimiz gibi ger\u00e7ekle\u015fmeyebilece\u011fini, ancak zorluklar\u0131n \u00fcstesinden gelmek i\u00e7in sevdiklerimizin deste\u011finin ne kadar \u00f6nemli oldu\u011funu g\u00f6steriyor. Hayat, beklenmedik virajlarla dolu olsa da, umudumuzu kaybetmemeli ve kar\u015f\u0131m\u0131za \u00e7\u0131kan engelleri a\u015fmak i\u00e7in m\u00fccadele etmeliyiz. Nevzat, asker olamasa da, ya\u015fad\u0131\u011f\u0131 zorluklar onu daha g\u00fc\u00e7l\u00fc bir insan yapm\u0131\u015f ve hayata bak\u0131\u015f a\u00e7\u0131s\u0131n\u0131 de\u011fi\u015ftirmi\u015ftir.<\/p>\n","protected":false},"excerpt":{"rendered":"<p>Nevzat&#8217;\u0131n hayalleri, g\u00f6ky\u00fcz\u00fc kadar geni\u015f ve engin bir okyanus gibi derindi. K\u00fc\u00e7\u00fck ya\u015flardan itibaren g\u00f6zlerinde parlayan bir \u0131\u015f\u0131k vard\u0131; o, bir asker olacakt\u0131. Her ad\u0131m\u0131n\u0131, bu b\u00fcy\u00fck hayaline ula\u015fmak i\u00e7in planl\u0131 ve titiz bir \u015fekilde at\u0131yordu. \u0130lk \u00f6\u011fretim y\u0131llar\u0131ndan itibaren, ailesine ve arkada\u015flar\u0131na bu tutkusundan bahseder, gelece\u011fini \u015fekillendiren bu hayaliyle ilgili planlar yapard\u0131. Ancak hayat, [&hellip;]<\/p>\n","protected":false},"author":8973,"featured_media":0,"parent":0,"menu_order":0,"comment_status":"closed","ping_status":"closed","template":"","meta":{"footnotes":"","_links_to":"","_links_to_target":""},"class_list":["post-33","page","type-page","status-publish","hentry"],"_links":{"self":[{"href":"https:\/\/blog.metu.edu.tr\/e262006\/wp-json\/wp\/v2\/pages\/33","targetHints":{"allow":["GET"]}}],"collection":[{"href":"https:\/\/blog.metu.edu.tr\/e262006\/wp-json\/wp\/v2\/pages"}],"about":[{"href":"https:\/\/blog.metu.edu.tr\/e262006\/wp-json\/wp\/v2\/types\/page"}],"author":[{"embeddable":true,"href":"https:\/\/blog.metu.edu.tr\/e262006\/wp-json\/wp\/v2\/users\/8973"}],"replies":[{"embeddable":true,"href":"https:\/\/blog.metu.edu.tr\/e262006\/wp-json\/wp\/v2\/comments?post=33"}],"version-history":[{"count":0,"href":"https:\/\/blog.metu.edu.tr\/e262006\/wp-json\/wp\/v2\/pages\/33\/revisions"}],"wp:attachment":[{"href":"https:\/\/blog.metu.edu.tr\/e262006\/wp-json\/wp\/v2\/media?parent=33"}],"curies":[{"name":"wp","href":"https:\/\/api.w.org\/{rel}","templated":true}]}}