{"id":30,"date":"2024-02-14T20:47:56","date_gmt":"2024-02-14T17:47:56","guid":{"rendered":"https:\/\/blog.metu.edu.tr\/e262006\/?page_id=30"},"modified":"2024-02-14T20:47:58","modified_gmt":"2024-02-14T17:47:58","slug":"keban-kucuk-savasci-enes-icin-birlesti","status":"publish","type":"page","link":"https:\/\/blog.metu.edu.tr\/e262006\/keban-kucuk-savasci-enes-icin-birlesti\/","title":{"rendered":"Keban, K\u00fc\u00e7\u00fck Sava\u015f\u00e7\u0131 Enes \u0130\u00e7in Birle\u015fti"},"content":{"rendered":"\n<p>\u015eefik ve Kazibe \u00e7ifti, Keban&#8217;\u0131n sakin sokaklar\u0131nda m\u00fctevaz\u0131 bir hayat s\u00fcr\u00fcyordu. Y\u0131llarca s\u00fcren bekleyi\u015f ve \u00f6zlemin ard\u0131ndan, t\u00fcp bebek y\u00f6ntemiyle Enes ad\u0131n\u0131 verdikleri bir o\u011fullar\u0131 oldu. Enes, onlar\u0131n hayat\u0131na giren k\u00fc\u00e7\u00fck bir mucizeydi. Her g\u00fcl\u00fc\u015f\u00fcyle evlerine ne\u015fe ve umut sa\u00e7\u0131yordu. Ancak, Enes \u00fc\u00e7 ya\u015f\u0131na bast\u0131\u011f\u0131nda, beklenmedik bir sa\u011fl\u0131k sorunuyla kar\u015f\u0131 kar\u015f\u0131ya kald\u0131lar. Ani geli\u015fen \u015fiddetli a\u011fr\u0131lar, Enes&#8217;in <a href=\"https:\/\/urolojidunyasi.com\/testis-torsiyonu-nedir\/\"><strong>testis torsiyonu<\/strong><\/a><strong> <\/strong>denilen ciddi bir durumla m\u00fccadele etti\u011fini g\u00f6steriyordu.<\/p>\n\n\n\n<p>\u015eefik ve Kazibe, o\u011fullar\u0131n\u0131n sa\u011fl\u0131\u011f\u0131 i\u00e7in endi\u015fe i\u00e7indeyken, h\u0131zla harekete ge\u00e7tiler ve Enes&#8217;i b\u00f6lgenin en iyi <a href=\"https:\/\/urolojidunyasi.com\/\"><strong>\u00fcroloji uzman\u0131na<\/strong><\/a> g\u00f6t\u00fcrd\u00fcler. Doktor, durumun ciddiyetini ve acilen ameliyat olmas\u0131 gerekti\u011fini a\u00e7\u0131klad\u0131. \u00c7ift i\u00e7in bu haber, y\u0131llar s\u00fcren bekleyi\u015fin ard\u0131ndan kavu\u015ftuklar\u0131 o\u011fullar\u0131yla ya\u015fad\u0131klar\u0131 mutlulu\u011fun \u00fczerine d\u00fc\u015fen kara bir bulut gibiydi.<\/p>\n\n\n\n<p>Keban il\u00e7esi, bu k\u00fc\u00e7\u00fck ailenin ya\u015fad\u0131\u011f\u0131 zorlu\u011fu k\u0131sa s\u00fcrede \u00f6\u011frendi ve herkes, \u015eefik, Kazibe ve Enes i\u00e7in endi\u015felenmeye ba\u015flad\u0131. Topluluk, adeta tek y\u00fcrek olmu\u015ftu; herkes dualar\u0131n\u0131 eksik etmiyordu.<\/p>\n\n\n\n<p>Ameliyat g\u00fcn\u00fc geldi\u011finde, \u015eefik ve Kazibe&#8217;nin kalbi endi\u015feyle doluydu. Ancak, doktorlar\u0131n ustal\u0131\u011f\u0131 ve dualar\u0131n g\u00fcc\u00fcyle, <a href=\"https:\/\/urolojidunyasi.com\/testis-torsiyonu-nedir\/\"><strong>testis torsiyonu ameliyat\u0131<\/strong><\/a> beklenenden \u00e7ok daha ba\u015far\u0131l\u0131 ge\u00e7ti. Enes, ameliyattan sa\u011fl\u0131kl\u0131 bir \u015fekilde \u00e7\u0131kt\u0131 ve k\u0131sa s\u00fcrede iyile\u015fme s\u00fcrecine girdi.<\/p>\n\n\n\n<p>Enes&#8217;in sa\u011fl\u0131\u011f\u0131na kavu\u015ftu\u011fu haberini alan Keban il\u00e7esi, sevin\u00e7le dolup ta\u015ft\u0131. \u015eefik ve Kazibe&#8217;nin evi, tebrik ve iyi dileklerle dolup ta\u015fan kom\u015fular\u0131yla \u015fenlendi. Bu k\u00fc\u00e7\u00fck mucize, sadece bir ailenin de\u011fil, t\u00fcm bir toplulu\u011fun y\u00fcz\u00fcn\u00fc g\u00fcld\u00fcrd\u00fc.<\/p>\n\n\n\n<p>Enes&#8217;in sa\u011fl\u0131kl\u0131 bir \u015fekilde iyile\u015fmesi, \u015eefik ve Kazibe i\u00e7in hayatlar\u0131n\u0131n en b\u00fcy\u00fck mucizesiydi. Bu deneyim, aileye ve t\u00fcm Keban il\u00e7esine, birlik ve dayan\u0131\u015fman\u0131n, umut ve sevginin g\u00fcc\u00fcn\u00fc bir kez daha hat\u0131rlatt\u0131. Enes art\u0131k sadece \u015eefik ve Kazibe&#8217;nin de\u011fil, t\u00fcm il\u00e7enin sevgilisi, bir umut \u0131\u015f\u0131\u011f\u0131yd\u0131.<\/p>\n","protected":false},"excerpt":{"rendered":"<p>\u015eefik ve Kazibe \u00e7ifti, Keban&#8217;\u0131n sakin sokaklar\u0131nda m\u00fctevaz\u0131 bir hayat s\u00fcr\u00fcyordu. Y\u0131llarca s\u00fcren bekleyi\u015f ve \u00f6zlemin ard\u0131ndan, t\u00fcp bebek y\u00f6ntemiyle Enes ad\u0131n\u0131 verdikleri bir o\u011fullar\u0131 oldu. Enes, onlar\u0131n hayat\u0131na giren k\u00fc\u00e7\u00fck bir mucizeydi. Her g\u00fcl\u00fc\u015f\u00fcyle evlerine ne\u015fe ve umut sa\u00e7\u0131yordu. Ancak, Enes \u00fc\u00e7 ya\u015f\u0131na bast\u0131\u011f\u0131nda, beklenmedik bir sa\u011fl\u0131k sorunuyla kar\u015f\u0131 kar\u015f\u0131ya kald\u0131lar. Ani geli\u015fen \u015fiddetli [&hellip;]<\/p>\n","protected":false},"author":8973,"featured_media":0,"parent":0,"menu_order":0,"comment_status":"closed","ping_status":"closed","template":"","meta":{"footnotes":"","_links_to":"","_links_to_target":""},"class_list":["post-30","page","type-page","status-publish","hentry"],"_links":{"self":[{"href":"https:\/\/blog.metu.edu.tr\/e262006\/wp-json\/wp\/v2\/pages\/30","targetHints":{"allow":["GET"]}}],"collection":[{"href":"https:\/\/blog.metu.edu.tr\/e262006\/wp-json\/wp\/v2\/pages"}],"about":[{"href":"https:\/\/blog.metu.edu.tr\/e262006\/wp-json\/wp\/v2\/types\/page"}],"author":[{"embeddable":true,"href":"https:\/\/blog.metu.edu.tr\/e262006\/wp-json\/wp\/v2\/users\/8973"}],"replies":[{"embeddable":true,"href":"https:\/\/blog.metu.edu.tr\/e262006\/wp-json\/wp\/v2\/comments?post=30"}],"version-history":[{"count":0,"href":"https:\/\/blog.metu.edu.tr\/e262006\/wp-json\/wp\/v2\/pages\/30\/revisions"}],"wp:attachment":[{"href":"https:\/\/blog.metu.edu.tr\/e262006\/wp-json\/wp\/v2\/media?parent=30"}],"curies":[{"name":"wp","href":"https:\/\/api.w.org\/{rel}","templated":true}]}}