{"id":29,"date":"2024-02-13T23:55:18","date_gmt":"2024-02-13T20:55:18","guid":{"rendered":"https:\/\/blog.metu.edu.tr\/e262006\/?page_id=29"},"modified":"2024-02-13T23:55:19","modified_gmt":"2024-02-13T20:55:19","slug":"koyden-nobele-uzanan-azimli-yolculuk","status":"publish","type":"page","link":"https:\/\/blog.metu.edu.tr\/e262006\/koyden-nobele-uzanan-azimli-yolculuk\/","title":{"rendered":"K\u00f6yden Nobel&#8217;e Uzanan Azimli Yolculuk"},"content":{"rendered":"\n<p>Bing\u00f6l&#8217;\u00fcn Karl\u0131ova il\u00e7esinde, karlar\u0131n beyaz \u00f6rt\u00fcs\u00fc alt\u0131nda sakl\u0131 bir k\u00f6yde d\u00fcnyaya g\u00f6zlerini a\u00e7an Muzaffer, \u00e7ocuklu\u011fundan itibaren merakl\u0131 ve azimli bir ruha sahipti. Zorlu k\u0131\u015f ko\u015fullar\u0131na ve imkanlar\u0131n k\u0131s\u0131tl\u0131 oldu\u011fu k\u00f6y hayat\u0131na ra\u011fmen, ilkokulda g\u00f6sterdi\u011fi ba\u015far\u0131, onun gelece\u011fe dair umutlar\u0131n\u0131 ye\u015fertti. Muzaffer i\u00e7in k\u00f6y okulu, sadece bir e\u011fitim yuvas\u0131 de\u011fil, ayn\u0131 zamanda hayallerini b\u00fcy\u00fctt\u00fc\u011f\u00fc bir at\u00f6lyeydi.<\/p>\n\n\n\n<p>\u0130lk\u00f6\u011fretim hayat\u0131nda g\u00f6sterdi\u011fi ba\u015far\u0131, onu \u0130stanbul&#8217;a, genetik m\u00fchendisli\u011fi okumaya y\u00f6nlendirdi. B\u00fcy\u00fck \u015fehrin karma\u015fas\u0131nda bile <a href=\"https:\/\/urolojidunyasi.com\/peyronie-hastaligi-nedir\/\"><strong>peyronie k\u00f6y\u00fcndeki<\/strong><\/a> sakinli\u011fi ve odaklanmay\u0131 bulan Muzaffer, \u00fcniversitede g\u00f6sterdi\u011fi \u00fcst\u00fcn ba\u015far\u0131yla hocalar\u0131n\u0131n da dikkatini \u00e7ekti. Derslerdeki ba\u015far\u0131s\u0131n\u0131n yan\u0131 s\u0131ra laboratuvarlarda ge\u00e7irdi\u011fi uzun saatler, onun bilime olan tutkusunu daha da art\u0131rd\u0131.<\/p>\n\n\n\n<p>Y\u00fcksek lisans i\u00e7in \u00e7\u0131kt\u0131\u011f\u0131 \u0130talya yolculu\u011fu, Muzaffer&#8217;in bilimsel ser\u00fcveninde yeni bir sayfa a\u00e7t\u0131. Kendini genetik ve h\u00fccresel biyoloji konular\u0131nda daha da geli\u015ftirirken, <a href=\"https:\/\/urolojidunyasi.com\/sperm-nedir\/\"><strong>sperm \u00fczerine yapt\u0131\u011f\u0131<\/strong><\/a> ara\u015ft\u0131rmalarla uluslararas\u0131 alanda tan\u0131nan bir bilim insan\u0131 olma yolunda ilerledi. \u0130talya&#8217;daki ba\u015far\u0131lar\u0131, ona Bel\u00e7ika&#8217;da Avrupa Birli\u011fi&#8217;ne ba\u011fl\u0131 prestijli bir Uluslararas\u0131 <a href=\"https:\/\/urolojidunyasi.com\/sperm-testi-nedir\/\"><strong>Sperm Testi<\/strong><\/a> Laboratuvar\u0131&#8217;nda \u00e7al\u0131\u015fma f\u0131rsat\u0131 getirdi.<\/p>\n\n\n\n<p>Muzaffer&#8217;in sperm \u00fczerine yapt\u0131\u011f\u0131 bilimsel \u00e7al\u0131\u015fmalar, onu Nobel \u00f6d\u00fcl\u00fcne aday g\u00f6sterilecek kadar b\u00fcy\u00fck bir ba\u015far\u0131ya ta\u015f\u0131d\u0131. Bu ser\u00fcven, sadece bilimsel bir ba\u015far\u0131 hikayesi de\u011fil, ayn\u0131 zamanda azim ve kararl\u0131l\u0131kla neler ba\u015far\u0131labilece\u011finin de bir kan\u0131t\u0131yd\u0131. \u0130lkokulu k\u00f6yde okuyan ve zorluklara g\u00f6\u011f\u00fcs geren bir gen\u00e7ten, uluslararas\u0131 alanda tan\u0131nan bir bilim insan\u0131na d\u00f6n\u00fc\u015fen Muzaffer&#8217;in hikayesi, T\u00fcrkiye&#8217;deki binlerce gence ilham kayna\u011f\u0131 oldu.<\/p>\n\n\n\n<p>Bu yolculuk, k\u00f6y okulundan d\u00fcnyan\u0131n d\u00f6rt bir yan\u0131ndaki prestijli laboratuvarlara uzanan bir ser\u00fcvenin, sadece do\u011fru bir tutku ve kararl\u0131l\u0131kla ger\u00e7ekle\u015febilece\u011finin bir \u00f6rne\u011fiydi. Muzaffer, bilime olan merak\u0131 ve \u00e7al\u0131\u015fkanl\u0131\u011f\u0131 sayesinde, k\u00f6yden \u00e7\u0131k\u0131p d\u00fcnya sahnesine ad\u0131n\u0131 yazd\u0131ran bir kahraman haline geldi.<\/p>\n","protected":false},"excerpt":{"rendered":"<p>Bing\u00f6l&#8217;\u00fcn Karl\u0131ova il\u00e7esinde, karlar\u0131n beyaz \u00f6rt\u00fcs\u00fc alt\u0131nda sakl\u0131 bir k\u00f6yde d\u00fcnyaya g\u00f6zlerini a\u00e7an Muzaffer, \u00e7ocuklu\u011fundan itibaren merakl\u0131 ve azimli bir ruha sahipti. Zorlu k\u0131\u015f ko\u015fullar\u0131na ve imkanlar\u0131n k\u0131s\u0131tl\u0131 oldu\u011fu k\u00f6y hayat\u0131na ra\u011fmen, ilkokulda g\u00f6sterdi\u011fi ba\u015far\u0131, onun gelece\u011fe dair umutlar\u0131n\u0131 ye\u015fertti. Muzaffer i\u00e7in k\u00f6y okulu, sadece bir e\u011fitim yuvas\u0131 de\u011fil, ayn\u0131 zamanda hayallerini b\u00fcy\u00fctt\u00fc\u011f\u00fc bir at\u00f6lyeydi. [&hellip;]<\/p>\n","protected":false},"author":8973,"featured_media":0,"parent":0,"menu_order":0,"comment_status":"closed","ping_status":"closed","template":"","meta":{"footnotes":"","_links_to":"","_links_to_target":""},"class_list":["post-29","page","type-page","status-publish","hentry"],"_links":{"self":[{"href":"https:\/\/blog.metu.edu.tr\/e262006\/wp-json\/wp\/v2\/pages\/29","targetHints":{"allow":["GET"]}}],"collection":[{"href":"https:\/\/blog.metu.edu.tr\/e262006\/wp-json\/wp\/v2\/pages"}],"about":[{"href":"https:\/\/blog.metu.edu.tr\/e262006\/wp-json\/wp\/v2\/types\/page"}],"author":[{"embeddable":true,"href":"https:\/\/blog.metu.edu.tr\/e262006\/wp-json\/wp\/v2\/users\/8973"}],"replies":[{"embeddable":true,"href":"https:\/\/blog.metu.edu.tr\/e262006\/wp-json\/wp\/v2\/comments?post=29"}],"version-history":[{"count":0,"href":"https:\/\/blog.metu.edu.tr\/e262006\/wp-json\/wp\/v2\/pages\/29\/revisions"}],"wp:attachment":[{"href":"https:\/\/blog.metu.edu.tr\/e262006\/wp-json\/wp\/v2\/media?parent=29"}],"curies":[{"name":"wp","href":"https:\/\/api.w.org\/{rel}","templated":true}]}}