{"id":27,"date":"2024-02-12T10:31:49","date_gmt":"2024-02-12T07:31:49","guid":{"rendered":"https:\/\/blog.metu.edu.tr\/e262006\/?page_id=27"},"modified":"2024-02-12T10:31:50","modified_gmt":"2024-02-12T07:31:50","slug":"chicagodan-new-yorka-nilin-sanat-seruveni","status":"publish","type":"page","link":"https:\/\/blog.metu.edu.tr\/e262006\/chicagodan-new-yorka-nilin-sanat-seruveni\/","title":{"rendered":"Chicago&#8217;dan New York&#8217;a: Nil&#8217;in Sanat Ser\u00fcveni"},"content":{"rendered":"\n<p>Nil, Edirne&#8217;nin sakin sokaklar\u0131nda ya\u015farken bile i\u00e7inde hep bir huzursuzluk vard\u0131. Al\u0131ml\u0131 ve yetenekli bir ressam olmas\u0131na ra\u011fmen, ailevi s\u0131k\u0131nt\u0131lar ve mutsuz bir evlilik, onun sanat\u0131n\u0131 bile g\u00f6lgelemi\u015fti. Kendi i\u00e7 d\u00fcnyas\u0131nda s\u0131k\u0131\u015f\u0131p kalm\u0131\u015f, tuvallerine yans\u0131yan renkler solmu\u015ftu. Ancak Nil, kaderini de\u011fi\u015ftirmek i\u00e7in cesur bir ad\u0131m att\u0131 ve Greencard \u00e7ekili\u015fine ba\u015fvurdu. Kazand\u0131\u011f\u0131n\u0131 \u00f6\u011frendi\u011finde, sanki t\u00fcm d\u00fcnya ona yeniden g\u00fcl\u00fcms\u00fcyordu. Bu, hayat\u0131n\u0131 tamamen de\u011fi\u015ftirecek bir f\u0131rsatt\u0131.<\/p>\n\n\n\n<p>Chicago&#8217;ya ta\u015f\u0131nd\u0131\u011f\u0131nda, b\u00fcy\u00fck bir \u015fehrin karma\u015fas\u0131 i\u00e7inde bile huzuru buldu. Burada, kendi gibi ressam olan ve hayata sanat\u00e7\u0131 g\u00f6z\u00fcyle bakan bir Amerikal\u0131 ile yollar\u0131 kesi\u015fti. \u0130kinci evlili\u011fi, ona hem a\u015fk\u0131 hem de sanatta bir ortak bulmu\u015f olman\u0131n mutlulu\u011funu ya\u015fatt\u0131. Ancak Nil&#8217;in i\u00e7sel bir m\u00fccadelesi daha vard\u0131: <a href=\"https:\/\/urolojidunyasi.com\/kadinlarda-bosalamama-agrisi\/\"><strong>anorgazmi<\/strong><\/a>. Bu durum, onun cinsel hayat\u0131n\u0131 g\u00f6lgeleyen ve mutlulu\u011funu tam anlam\u0131yla hissedememesine sebep olan bir sorundu.<\/p>\n\n\n\n<p>Amerika&#8217;da, cinsel terapi ve ila\u00e7 tedavisine ba\u015fvurdu\u011funda, <a href=\"https:\/\/urolojidunyasi.com\/kadinlarda-bosalamama-agrisi\/\"><strong>kad\u0131nlarda bo\u015falamama a\u011fr\u0131s\u0131<\/strong><\/a> sorununu a\u015fma konusunda kararl\u0131yd\u0131. Zamanla, sorununu a\u015fman\u0131n yollar\u0131n\u0131 buldu ve bu, onun hayat\u0131ndaki di\u011fer her \u015feyi de olumlu y\u00f6nde etkiledi. Nil art\u0131k sadece bir ressam de\u011fil, ayn\u0131 zamanda kendi cinselli\u011fini de ke\u015ffeden ve bununla bar\u0131\u015f\u0131k ya\u015fayan bir kad\u0131nd\u0131.<\/p>\n\n\n\n<p>Bu yeni ba\u015flang\u0131\u00e7, ona sanat\u0131nda da ilham kayna\u011f\u0131 oldu. Nil, renklerin daha canl\u0131, \u00e7izgilerin daha cesur oldu\u011fu eserler yaratmaya ba\u015flad\u0131. Amerika&#8217;da kendini bulmu\u015ftu ve \u015fimdi, New York&#8217;ta bir resim galerisi a\u00e7ma haz\u0131rl\u0131klar\u0131 yap\u0131yordu. Bu galeri, sadece kendi eserlerinin sergilenece\u011fi bir yer olmayacak, ayn\u0131 zamanda di\u011fer sanat\u00e7\u0131lara da ilham kayna\u011f\u0131 olacakt\u0131.<\/p>\n\n\n\n<p>Nil&#8217;in hikayesi, zorluklar\u0131n \u00fcstesinden gelmenin ve kendi mutlulu\u011funu yaratman\u0131n m\u00fcmk\u00fcn oldu\u011funun bir kan\u0131t\u0131yd\u0131. Hayat, beklenmedik s\u00fcrprizlerle dolu olabilir, ancak cesaret ve azimle, her zorluk a\u015f\u0131labiliyordu. Nil, art\u0131k kendi hikayesini tuvallerine yans\u0131tan mutlu bir sanat\u00e7\u0131yd\u0131.<\/p>\n","protected":false},"excerpt":{"rendered":"<p>Nil, Edirne&#8217;nin sakin sokaklar\u0131nda ya\u015farken bile i\u00e7inde hep bir huzursuzluk vard\u0131. Al\u0131ml\u0131 ve yetenekli bir ressam olmas\u0131na ra\u011fmen, ailevi s\u0131k\u0131nt\u0131lar ve mutsuz bir evlilik, onun sanat\u0131n\u0131 bile g\u00f6lgelemi\u015fti. Kendi i\u00e7 d\u00fcnyas\u0131nda s\u0131k\u0131\u015f\u0131p kalm\u0131\u015f, tuvallerine yans\u0131yan renkler solmu\u015ftu. Ancak Nil, kaderini de\u011fi\u015ftirmek i\u00e7in cesur bir ad\u0131m att\u0131 ve Greencard \u00e7ekili\u015fine ba\u015fvurdu. Kazand\u0131\u011f\u0131n\u0131 \u00f6\u011frendi\u011finde, sanki t\u00fcm d\u00fcnya [&hellip;]<\/p>\n","protected":false},"author":8973,"featured_media":0,"parent":0,"menu_order":0,"comment_status":"closed","ping_status":"closed","template":"","meta":{"footnotes":"","_links_to":"","_links_to_target":""},"class_list":["post-27","page","type-page","status-publish","hentry"],"_links":{"self":[{"href":"https:\/\/blog.metu.edu.tr\/e262006\/wp-json\/wp\/v2\/pages\/27","targetHints":{"allow":["GET"]}}],"collection":[{"href":"https:\/\/blog.metu.edu.tr\/e262006\/wp-json\/wp\/v2\/pages"}],"about":[{"href":"https:\/\/blog.metu.edu.tr\/e262006\/wp-json\/wp\/v2\/types\/page"}],"author":[{"embeddable":true,"href":"https:\/\/blog.metu.edu.tr\/e262006\/wp-json\/wp\/v2\/users\/8973"}],"replies":[{"embeddable":true,"href":"https:\/\/blog.metu.edu.tr\/e262006\/wp-json\/wp\/v2\/comments?post=27"}],"version-history":[{"count":0,"href":"https:\/\/blog.metu.edu.tr\/e262006\/wp-json\/wp\/v2\/pages\/27\/revisions"}],"wp:attachment":[{"href":"https:\/\/blog.metu.edu.tr\/e262006\/wp-json\/wp\/v2\/media?parent=27"}],"curies":[{"name":"wp","href":"https:\/\/api.w.org\/{rel}","templated":true}]}}