{"id":24,"date":"2024-02-09T23:24:08","date_gmt":"2024-02-09T20:24:08","guid":{"rendered":"https:\/\/blog.metu.edu.tr\/e262006\/?page_id=24"},"modified":"2024-02-09T23:24:10","modified_gmt":"2024-02-09T20:24:10","slug":"ask-ve-tedavi-meryemin-yolculugu","status":"publish","type":"page","link":"https:\/\/blog.metu.edu.tr\/e262006\/ask-ve-tedavi-meryemin-yolculugu\/","title":{"rendered":"A\u015fk ve Tedavi: Meryem&#8217;in Yolculu\u011fu"},"content":{"rendered":"\n<p>Meryem ve Emre&#8217;nin sekiz y\u0131ll\u0131k evlilikleri, g\u00f6r\u00fcn\u00fc\u015fte m\u00fckemmel bir birliktelikti. Ancak, herkesin g\u00f6z ard\u0131 etti\u011fi bir s\u0131r vard\u0131: Meryem, <a href=\"https:\/\/urolojidunyasi.com\/vajinismus-nedir\/\"><strong>vajinismus<\/strong><\/a><strong> <\/strong>ile m\u00fccadele ediyordu. Bu durum, \u00e7iftin yak\u0131nl\u0131k kurmas\u0131n\u0131 engelliyor ve evliliklerini derinden etkiliyordu.<\/p>\n\n\n\n<p>Uzun s\u00fcre bu konuyu g\u00f6rmezden gelen ve \u00e7\u00f6z\u00fcm aramaktan ka\u00e7\u0131nan Meryem, evlili\u011finin k\u0131r\u0131lma noktas\u0131na geldi\u011fini fark etti\u011finde, \u00e7aresizlik i\u00e7inde bir ad\u0131m atmaya karar verdi. Arkada\u015f\u0131n\u0131n \u00f6nerisi \u00fczerine, \u00e7ift terapisi i\u00e7in bir uzmana ba\u015fvurdu. Terapiste gitmek, onun i\u00e7in b\u00fcy\u00fck bir ad\u0131md\u0131; \u00e7\u00fcnk\u00fc bu, sorununu kabullenmek ve \u00fczerine gitmek anlam\u0131na geliyordu.<\/p>\n\n\n\n<p>Terapiste a\u00e7\u0131ld\u0131\u011f\u0131nda, Meryem korkular\u0131yla y\u00fczle\u015fti ve y\u0131llard\u0131r i\u00e7inde biriktirdi\u011fi duygular\u0131 d\u00f6kt\u00fc. Terapist, Meryem&#8217;in durumunu anlad\u0131 ve ona <a href=\"https:\/\/urolojidunyasi.com\/vajinismus-nedir\/\"><strong>vajinismusun \u00fcstesinden gelmek<\/strong><\/a> i\u00e7in tedavi y\u00f6ntemleri oldu\u011funu a\u00e7\u0131klad\u0131. Ba\u015flang\u0131\u00e7ta tedavi fikrine kar\u015f\u0131 \u00e7ekimser olan Meryem, evlili\u011fini kurtarman\u0131n ve tam anlam\u0131yla bir partner olman\u0131n bu yol \u00fczerinden ge\u00e7ti\u011fini anlad\u0131.<\/p>\n\n\n\n<p>Tedavi s\u00fcreci kolay olmad\u0131. Fiziksel tedaviler, psikolojik destek seanslar\u0131 ve evde yap\u0131lmas\u0131 gereken egzersizler, Meryem&#8217;in g\u00fcnl\u00fck ya\u015fant\u0131s\u0131n\u0131n bir par\u00e7as\u0131 haline geldi. Emre ise bu s\u00fcre\u00e7te e\u015fi Meryem&#8217;e tam destek verdi, sab\u0131r ve anlay\u0131\u015f\u0131n\u0131 esirgemedi.<\/p>\n\n\n\n<p>Zamanla, Meryem&#8217;in \u00e7abalar\u0131 meyvelerini vermeye ba\u015flad\u0131. Tedaviye olan ba\u011fl\u0131l\u0131\u011f\u0131 ve kararl\u0131l\u0131\u011f\u0131, ona yaln\u0131zca vajinismusu yenebilece\u011fi de\u011fil, ayn\u0131 zamanda evlili\u011fini de kurtarabilece\u011fi g\u00fcc\u00fc verdi. \u0130lerleme kaydettik\u00e7e, Meryem ve Emre aras\u0131ndaki duygusal ba\u011f g\u00fc\u00e7lendi ve birbirlerine olan sevgileri derinle\u015fti.<\/p>\n\n\n\n<p>Sonunda, Meryem vajinismusu yendi\u011finde, bu ba\u015far\u0131 sadece onun i\u00e7in de\u011fil, evlili\u011fi i\u00e7in de bir d\u00f6n\u00fcm noktas\u0131 oldu. Meryem ve Emre, birlikte \u00e7al\u0131\u015farak ve birbirlerine destek olarak her t\u00fcrl\u00fc zorlu\u011fun \u00fcstesinden gelebileceklerini kan\u0131tlad\u0131lar. Bu s\u00fcre\u00e7, onlara ili\u015fkilerindeki g\u00fcc\u00fc ve sevgiyi yeniden ke\u015ffetme f\u0131rsat\u0131 verdi. Meryem&#8217;in cesareti ve kararl\u0131l\u0131\u011f\u0131, evliliklerini kurtarman\u0131n \u00f6tesinde, onlara birbirlerine daha da yak\u0131n olma \u015fans\u0131 verdi.<\/p>\n","protected":false},"excerpt":{"rendered":"<p>Meryem ve Emre&#8217;nin sekiz y\u0131ll\u0131k evlilikleri, g\u00f6r\u00fcn\u00fc\u015fte m\u00fckemmel bir birliktelikti. Ancak, herkesin g\u00f6z ard\u0131 etti\u011fi bir s\u0131r vard\u0131: Meryem, vajinismus ile m\u00fccadele ediyordu. Bu durum, \u00e7iftin yak\u0131nl\u0131k kurmas\u0131n\u0131 engelliyor ve evliliklerini derinden etkiliyordu. Uzun s\u00fcre bu konuyu g\u00f6rmezden gelen ve \u00e7\u00f6z\u00fcm aramaktan ka\u00e7\u0131nan Meryem, evlili\u011finin k\u0131r\u0131lma noktas\u0131na geldi\u011fini fark etti\u011finde, \u00e7aresizlik i\u00e7inde bir ad\u0131m atmaya [&hellip;]<\/p>\n","protected":false},"author":8973,"featured_media":0,"parent":0,"menu_order":0,"comment_status":"closed","ping_status":"closed","template":"","meta":{"footnotes":"","_links_to":"","_links_to_target":""},"class_list":["post-24","page","type-page","status-publish","hentry"],"_links":{"self":[{"href":"https:\/\/blog.metu.edu.tr\/e262006\/wp-json\/wp\/v2\/pages\/24","targetHints":{"allow":["GET"]}}],"collection":[{"href":"https:\/\/blog.metu.edu.tr\/e262006\/wp-json\/wp\/v2\/pages"}],"about":[{"href":"https:\/\/blog.metu.edu.tr\/e262006\/wp-json\/wp\/v2\/types\/page"}],"author":[{"embeddable":true,"href":"https:\/\/blog.metu.edu.tr\/e262006\/wp-json\/wp\/v2\/users\/8973"}],"replies":[{"embeddable":true,"href":"https:\/\/blog.metu.edu.tr\/e262006\/wp-json\/wp\/v2\/comments?post=24"}],"version-history":[{"count":0,"href":"https:\/\/blog.metu.edu.tr\/e262006\/wp-json\/wp\/v2\/pages\/24\/revisions"}],"wp:attachment":[{"href":"https:\/\/blog.metu.edu.tr\/e262006\/wp-json\/wp\/v2\/media?parent=24"}],"curies":[{"name":"wp","href":"https:\/\/api.w.org\/{rel}","templated":true}]}}