{"id":23,"date":"2024-02-07T10:26:05","date_gmt":"2024-02-07T07:26:05","guid":{"rendered":"https:\/\/blog.metu.edu.tr\/e262006\/?page_id=23"},"modified":"2024-02-07T10:26:06","modified_gmt":"2024-02-07T07:26:06","slug":"degisim-ruzgari-sametin-donusumu","status":"publish","type":"page","link":"https:\/\/blog.metu.edu.tr\/e262006\/degisim-ruzgari-sametin-donusumu\/","title":{"rendered":"De\u011fi\u015fim R\u00fczgar\u0131: Samet&#8217;in D\u00f6n\u00fc\u015f\u00fcm\u00fc"},"content":{"rendered":"\n<p>Samet, Almanya&#8217;n\u0131n so\u011fuk sokaklar\u0131nda b\u00fcy\u00fcyen, gurbet\u00e7i bir ailenin en k\u00fc\u00e7\u00fck o\u011fluydu. K\u00fc\u00e7\u00fck ya\u015flar\u0131ndan itibaren kendini her zaman bir par\u00e7a yabanc\u0131 hissetmi\u015fti; hem orada hem de T\u00fcrkiye&#8217;ye yapt\u0131\u011f\u0131 k\u0131sa ziyaretlerde. \u00dcniversite y\u0131llar\u0131nda, bu duygular\u0131n \u00fczerine koyarak, Samet i\u00e7in hayat\u0131n\u0131n d\u00f6n\u00fcm noktas\u0131 oldu. T\u00fcrkiye&#8217;ye ta\u015f\u0131nma karar\u0131, sadece bir yer de\u011fi\u015fikli\u011fi de\u011fil, ayn\u0131 zamanda kendini yeniden ke\u015ffetme ve d\u00f6n\u00fc\u015ft\u00fcrme arzusunun bir g\u00f6stergesiydi.<\/p>\n\n\n\n<p>Almanya&#8217;da ge\u00e7en y\u0131llar, Samet&#8217;in i\u00e7inde bir \u00f6zlem uyand\u0131rm\u0131\u015ft\u0131; daha s\u0131cak, daha samimi bir ya\u015fam arzusuyla yan\u0131p tutu\u015fuyordu. Ve bu \u00f6zlem, onu T\u00fcrkiye&#8217;ye, atalar\u0131n\u0131n topraklar\u0131na \u00e7ekiyordu. Kesin d\u00f6n\u00fc\u015f karar\u0131 verdi\u011finde, bu sadece bir ba\u015flang\u0131\u00e7t\u0131. Samet, lokasyonunu, arkada\u015f \u00e7evresini de\u011fi\u015ftirmekle kalmay\u0131p, kendini de yeniden \u015fekillendirmeye karar verdi. Bu, onun i\u00e7in sadece bir fiziksel de\u011fi\u015fim de\u011fil, ayn\u0131 zamanda i\u00e7sel bir yeniden do\u011fu\u015f anlam\u0131na geliyordu.<\/p>\n\n\n\n<p>Estetik operasyonlarla yepyeni bir y\u00fcze kavu\u015fan Samet, <a href=\"https:\/\/urolojidunyasi.com\/vazektomi-nedir\/\"><strong>vazektomi ameliyat\u0131<\/strong><\/a> burun esteti\u011fi, sa\u00e7 ektirme, di\u015f implant\u0131, <a href=\"https:\/\/urolojidunyasi.com\/penis-buyutme-nedir\/\"><strong>penis b\u00fcy\u00fctme<\/strong><\/a> ve g\u00f6z alt\u0131 k\u0131r\u0131\u015f\u0131kl\u0131klar\u0131n\u0131 giderme i\u015flemleriyle, kendini daha \u00f6zg\u00fcvenli ve mutlu hissetmeye ba\u015flad\u0131. Her bir operasyon, ona ge\u00e7mi\u015fte hi\u00e7 hissetmedi\u011fi bir \u00f6zg\u00fcrl\u00fck ve yepyeni bir ba\u015flang\u0131\u00e7 sunuyordu.<\/p>\n\n\n\n<p>\u0130zmir, Samet i\u00e7in sadece yeni bir \u015fehir de\u011fil, ayn\u0131 zamanda yeni bir hayat\u0131n kap\u0131lar\u0131n\u0131 aralayan bir yer oldu. \u0130\u015f buldu, yeni arkada\u015flar edindi ve T\u00fcrkiye&#8217;nin bu g\u00fczel k\u0131y\u0131 \u015fehrinde kendine bir ya\u015fam kurdu. \u0130zmir, ona hem ge\u00e7mi\u015fini hem de gelece\u011fini birle\u015ftiren bir k\u00f6pr\u00fc sundu. Art\u0131k Samet, i\u00e7indeki o yabanc\u0131l\u0131k hissini geride b\u0131rakm\u0131\u015f, kendini bulmu\u015f ve kabul etmi\u015f biri olarak, hayat\u0131n\u0131n kontrol\u00fcn\u00fc tam anlam\u0131yla eline alm\u0131\u015ft\u0131. Bu yeniden do\u011fu\u015f hikayesi, Samet&#8217;in yaln\u0131zca fiziksel g\u00f6r\u00fcn\u00fc\u015f\u00fcn\u00fc de\u011fil, ruhunu da d\u00f6n\u00fc\u015ft\u00fcrd\u00fc\u011f\u00fc bir ser\u00fcvenin ta kendisiydi.<\/p>\n","protected":false},"excerpt":{"rendered":"<p>Samet, Almanya&#8217;n\u0131n so\u011fuk sokaklar\u0131nda b\u00fcy\u00fcyen, gurbet\u00e7i bir ailenin en k\u00fc\u00e7\u00fck o\u011fluydu. K\u00fc\u00e7\u00fck ya\u015flar\u0131ndan itibaren kendini her zaman bir par\u00e7a yabanc\u0131 hissetmi\u015fti; hem orada hem de T\u00fcrkiye&#8217;ye yapt\u0131\u011f\u0131 k\u0131sa ziyaretlerde. \u00dcniversite y\u0131llar\u0131nda, bu duygular\u0131n \u00fczerine koyarak, Samet i\u00e7in hayat\u0131n\u0131n d\u00f6n\u00fcm noktas\u0131 oldu. T\u00fcrkiye&#8217;ye ta\u015f\u0131nma karar\u0131, sadece bir yer de\u011fi\u015fikli\u011fi de\u011fil, ayn\u0131 zamanda kendini yeniden ke\u015ffetme ve [&hellip;]<\/p>\n","protected":false},"author":8973,"featured_media":0,"parent":0,"menu_order":0,"comment_status":"closed","ping_status":"closed","template":"","meta":{"footnotes":"","_links_to":"","_links_to_target":""},"class_list":["post-23","page","type-page","status-publish","hentry"],"_links":{"self":[{"href":"https:\/\/blog.metu.edu.tr\/e262006\/wp-json\/wp\/v2\/pages\/23","targetHints":{"allow":["GET"]}}],"collection":[{"href":"https:\/\/blog.metu.edu.tr\/e262006\/wp-json\/wp\/v2\/pages"}],"about":[{"href":"https:\/\/blog.metu.edu.tr\/e262006\/wp-json\/wp\/v2\/types\/page"}],"author":[{"embeddable":true,"href":"https:\/\/blog.metu.edu.tr\/e262006\/wp-json\/wp\/v2\/users\/8973"}],"replies":[{"embeddable":true,"href":"https:\/\/blog.metu.edu.tr\/e262006\/wp-json\/wp\/v2\/comments?post=23"}],"version-history":[{"count":0,"href":"https:\/\/blog.metu.edu.tr\/e262006\/wp-json\/wp\/v2\/pages\/23\/revisions"}],"wp:attachment":[{"href":"https:\/\/blog.metu.edu.tr\/e262006\/wp-json\/wp\/v2\/media?parent=23"}],"curies":[{"name":"wp","href":"https:\/\/api.w.org\/{rel}","templated":true}]}}