{"id":19,"date":"2024-02-05T12:15:12","date_gmt":"2024-02-05T09:15:12","guid":{"rendered":"https:\/\/blog.metu.edu.tr\/e262006\/?page_id=19"},"modified":"2024-02-05T12:15:14","modified_gmt":"2024-02-05T09:15:14","slug":"kemik-kirilmasi-ile-yasama-tutunma","status":"publish","type":"page","link":"https:\/\/blog.metu.edu.tr\/e262006\/kemik-kirilmasi-ile-yasama-tutunma\/","title":{"rendered":"Kemik K\u0131r\u0131lmas\u0131 ile Ya\u015fama Tutunma"},"content":{"rendered":"\n<p>Tar\u0131k, ye\u015fil sahalarda ge\u00e7irdi\u011fi parlak y\u0131llar\u0131n ard\u0131ndan, beklenmedik bir kaza ile hayat\u0131n\u0131n d\u00f6n\u00fcm noktas\u0131na geldi\u011finde, futbol hayat\u0131n\u0131n bir anda sona erdi\u011fini \u00f6\u011frenince derin bir \u015fok ya\u015fad\u0131. Bacak kemi\u011fi k\u0131r\u0131lmas\u0131 ve <a href=\"https:\/\/urolojidunyasi.com\/penis-kirilmasi-penil-fraktur-nedir\/\"><strong>penil frakt\u00fcr<\/strong><\/a> nedeniyle ge\u00e7irdi\u011fi ameliyatlar ve ard\u0131ndan gelen uzun tedavi s\u00fcreci, onu bu sporu b\u0131rakmaya mecbur b\u0131rakt\u0131. Ancak Tar\u0131k, pes etmeye niyetli de\u011fildi. Spora olan tutkusunu ba\u015fka yollardan s\u00fcrd\u00fcrme kararl\u0131l\u0131\u011f\u0131nda, ESWT (Ekstrakorporeal <a href=\"https:\/\/urolojidunyasi.com\/eswt-nedir\/\"><strong>\u015eok Dalga Tedavisi<\/strong><\/a>) ile tan\u0131\u015ft\u0131. Bu y\u00f6ntem, bacaklar\u0131n\u0131n g\u00fc\u00e7lenmesine yard\u0131mc\u0131 oldu ve Tar\u0131k&#8217;a yeniden umut verdi.<\/p>\n\n\n\n<p>Tedavi s\u00fcrecinde, Tar\u0131k, hayat\u0131n\u0131 nas\u0131l yeniden \u015fekillendirebilece\u011fi konusunda derin d\u00fc\u015f\u00fcncelere dald\u0131. Futbolun d\u0131\u015f\u0131nda, spora olan sevgisini nas\u0131l ya\u015fatabilece\u011fini d\u00fc\u015f\u00fcnd\u00fc ve bir fitness salonu a\u00e7maya karar verdi. Bu yeni ba\u015flang\u0131\u00e7, onun i\u00e7in sadece bir i\u015f f\u0131rsat\u0131 de\u011fil, ayn\u0131 zamanda bir tutku projesiydi. Ancak bu yeni yolculuk, Tar\u0131k&#8217;\u0131n hayal etti\u011fi kadar basit olmad\u0131. Fitness salonu i\u015fletmecili\u011fi, ona sab\u0131r, azim ve i\u015f d\u00fcnyas\u0131n\u0131n zorluklar\u0131 hakk\u0131nda yeni dersler \u00f6\u011fretti.<\/p>\n\n\n\n<p>M\u00fc\u015fterilerin g\u00fcvenini kazanmak, kaliteli hizmet sunmak ve i\u015fletmesini ayakta tutmak i\u00e7in gereken finansal y\u00f6netim becerileri, Tar\u0131k&#8217;\u0131 zaman zaman zorlasa da, pes etmedi. Her zorlu\u011fu, futbol kariyerinde kar\u015f\u0131la\u015ft\u0131\u011f\u0131 engelleri a\u015fmak i\u00e7in g\u00f6sterdi\u011fi azimle kar\u015f\u0131lad\u0131. Fitness salonunu sadece bir i\u015fletme olarak g\u00f6rmek yerine, insanlar\u0131n hayatlar\u0131n\u0131 de\u011fi\u015ftirebilecekleri, sa\u011fl\u0131klar\u0131na kavu\u015fabilecekleri ve ruhlar\u0131n\u0131 g\u00fc\u00e7lendirebilecekleri bir topluluk merkezi haline getirmeye \u00e7al\u0131\u015ft\u0131.<\/p>\n\n\n\n<p>Tar\u0131k&#8217;\u0131n hikayesi, ya\u015fam\u0131n beklenmedik d\u00f6n\u00fc\u015flerine ra\u011fmen nas\u0131l ayakta kal\u0131nabilece\u011finin ve yeni ba\u015flang\u0131\u00e7lar yapman\u0131n m\u00fcmk\u00fcn oldu\u011funun bir \u00f6rne\u011fi olarak ilham veriyor. Futbol hayat\u0131n\u0131n sona ermesi, onun i\u00e7in bir son de\u011fil, yeni bir ba\u015flang\u0131c\u0131n kap\u0131s\u0131n\u0131 aralad\u0131. Fitness salonu, Tar\u0131k&#8217;a hayata farkl\u0131 bir pencereden bakma ve spora olan tutkusunu ba\u015fkalar\u0131yla payla\u015fma f\u0131rsat\u0131 verdi.<\/p>\n","protected":false},"excerpt":{"rendered":"<p>Tar\u0131k, ye\u015fil sahalarda ge\u00e7irdi\u011fi parlak y\u0131llar\u0131n ard\u0131ndan, beklenmedik bir kaza ile hayat\u0131n\u0131n d\u00f6n\u00fcm noktas\u0131na geldi\u011finde, futbol hayat\u0131n\u0131n bir anda sona erdi\u011fini \u00f6\u011frenince derin bir \u015fok ya\u015fad\u0131. Bacak kemi\u011fi k\u0131r\u0131lmas\u0131 ve penil frakt\u00fcr nedeniyle ge\u00e7irdi\u011fi ameliyatlar ve ard\u0131ndan gelen uzun tedavi s\u00fcreci, onu bu sporu b\u0131rakmaya mecbur b\u0131rakt\u0131. Ancak Tar\u0131k, pes etmeye niyetli de\u011fildi. Spora olan [&hellip;]<\/p>\n","protected":false},"author":8973,"featured_media":0,"parent":0,"menu_order":0,"comment_status":"closed","ping_status":"closed","template":"","meta":{"footnotes":"","_links_to":"","_links_to_target":""},"class_list":["post-19","page","type-page","status-publish","hentry"],"_links":{"self":[{"href":"https:\/\/blog.metu.edu.tr\/e262006\/wp-json\/wp\/v2\/pages\/19","targetHints":{"allow":["GET"]}}],"collection":[{"href":"https:\/\/blog.metu.edu.tr\/e262006\/wp-json\/wp\/v2\/pages"}],"about":[{"href":"https:\/\/blog.metu.edu.tr\/e262006\/wp-json\/wp\/v2\/types\/page"}],"author":[{"embeddable":true,"href":"https:\/\/blog.metu.edu.tr\/e262006\/wp-json\/wp\/v2\/users\/8973"}],"replies":[{"embeddable":true,"href":"https:\/\/blog.metu.edu.tr\/e262006\/wp-json\/wp\/v2\/comments?post=19"}],"version-history":[{"count":0,"href":"https:\/\/blog.metu.edu.tr\/e262006\/wp-json\/wp\/v2\/pages\/19\/revisions"}],"wp:attachment":[{"href":"https:\/\/blog.metu.edu.tr\/e262006\/wp-json\/wp\/v2\/media?parent=19"}],"curies":[{"name":"wp","href":"https:\/\/api.w.org\/{rel}","templated":true}]}}