{"id":18,"date":"2024-02-04T20:17:00","date_gmt":"2024-02-04T17:17:00","guid":{"rendered":"https:\/\/blog.metu.edu.tr\/e262006\/?page_id=18"},"modified":"2024-02-04T20:17:02","modified_gmt":"2024-02-04T17:17:02","slug":"musa-ve-peyronie-bir-dostluk-hikayesi","status":"publish","type":"page","link":"https:\/\/blog.metu.edu.tr\/e262006\/musa-ve-peyronie-bir-dostluk-hikayesi\/","title":{"rendered":"Musa ve Peyronie: Bir Dostluk Hikayesi"},"content":{"rendered":"\n<p>Anne ve babas\u0131z b\u00fcy\u00fcyen Musa, hayat\u0131n zorluklar\u0131na kar\u015f\u0131 tek ba\u015f\u0131na bir m\u00fccadele vermi\u015fti. Y\u0131llar boyunca, kendini do\u011faya ve ormanlara adam\u0131\u015f bir orman m\u00fchendisi olarak b\u00fcy\u00fcd\u00fc. Onun i\u00e7in do\u011fa, hem bir s\u0131\u011f\u0131nak hem de sonsuz bir ilham kayna\u011f\u0131yd\u0131. Ancak Musa&#8217;n\u0131n hayat\u0131ndaki tek ger\u00e7ek dostu, ona e\u015flik eden sevgili k\u00f6pe\u011fi <a href=\"https:\/\/urolojidunyasi.com\/peyronie-hastaligi-nedir\/\"><strong>Peyronie<\/strong><\/a>&#8216;ydi.<\/p>\n\n\n\n<p>Amerika&#8217;da burs kazanarak orman m\u00fchendisli\u011fi \u00fczerine doktora yapmaya ba\u015flayan Musa, asistanl\u0131k y\u0131llar\u0131 boyunca da Peyronie&#8217;yi yan\u0131ndan ay\u0131rmad\u0131. Her g\u00fcn, uzun laboratuvar saatlerinin ard\u0131ndan, ikili ormanl\u0131k alanlarda uzun y\u00fcr\u00fcy\u00fc\u015flere \u00e7\u0131kard\u0131. Musa, Peyronie ile konu\u015fur, ona g\u00fcn\u00fcn zorluklar\u0131n\u0131 anlat\u0131r ve gelecekle ilgili hayallerini payla\u015f\u0131rd\u0131. Peyronie ise, onu anlay\u0131\u015fla dinler ve s\u0131cak bak\u0131\u015flar\u0131yla Musa&#8217;ya destek olurdu. Bu, Musa i\u00e7in \u00e7ok de\u011ferli bir ba\u011fd\u0131; \u00e7\u00fcnk\u00fc hayat\u0131nda Peyronie&#8217;den ba\u015fka ger\u00e7ek bir dostu yoktu.<\/p>\n\n\n\n<p>Ancak bir g\u00fcn, beklenmedik bir telefon ald\u0131. <a href=\"https:\/\/urolojidunyasi.com\/peyronie-hastaligi-nedir\/\"><strong>Peyronie tedavisi<\/strong><\/a> yar\u0131da kalm\u0131\u015f bir hastal\u0131k sonucu \u00f6ld\u00fc\u011f\u00fc haberi, Musa&#8217;n\u0131n d\u00fcnyas\u0131n\u0131 ba\u015f\u0131na y\u0131km\u0131\u015ft\u0131. K\u00f6pe\u011fi olmadan ya\u015famak, onun i\u00e7in d\u00fc\u015f\u00fcn\u00fclemez bir ac\u0131yd\u0131. Musa, doktora e\u011fitiminin bitmesine birka\u00e7 ay kala, hayat\u0131ndaki tek dostunu kaybetmenin yas\u0131n\u0131 tutuyordu. O g\u00fcn ormandaki yaln\u0131z y\u00fcr\u00fcy\u00fc\u015f\u00fc, daha \u00f6nce hi\u00e7 olmad\u0131\u011f\u0131 kadar zordu. Her ad\u0131mda Peyronie&#8217;nin yoklu\u011funu hissediyor, her r\u00fczgarda onun varl\u0131\u011f\u0131n\u0131 ar\u0131yordu.<\/p>\n\n\n\n<p>Musa, bu zor zamanlarda do\u011fan\u0131n iyile\u015ftirici g\u00fcc\u00fcne daha fazla sar\u0131ld\u0131. A\u011fa\u00e7lar\u0131n aras\u0131nda saatlerce dola\u015f\u0131r, orman\u0131n derinliklerinde Peyronie ile ge\u00e7irdi\u011fi zamanlar\u0131 hat\u0131rlar ve onunla konu\u015fmaya devam ederdi. Zamanla, Musa ormandaki her canl\u0131n\u0131n, her a\u011fac\u0131n, her yapra\u011f\u0131n, hayat\u0131ndaki bo\u015flu\u011fu biraz olsun doldurabilece\u011fini fark etti. Peyronie&#8217;nin an\u0131s\u0131n\u0131 ya\u015fatmak i\u00e7in, orman\u0131n bir b\u00f6l\u00fcm\u00fcne onun ad\u0131n\u0131 verdi ve buray\u0131 koruma alt\u0131na ald\u0131.<\/p>\n\n\n\n<p>Musa&#8217;n\u0131n ya\u015fad\u0131\u011f\u0131 ac\u0131, onu do\u011fa ile daha derin bir ba\u011f kurmaya itti. Orman, art\u0131k sadece bir \u00e7al\u0131\u015fma alan\u0131 de\u011fil, ayn\u0131 zamanda bir dost ve s\u0131\u011f\u0131nak haline gelmi\u015fti. Musa, Peyronie&#8217;nin \u00f6l\u00fcm\u00fcnden sonra hayat\u0131n zorluklar\u0131na kar\u015f\u0131 daha diren\u00e7li hale geldi. Peyronie ile ge\u00e7irdi\u011fi zamanlar, ona hayat\u0131n k\u0131r\u0131lganl\u0131\u011f\u0131n\u0131 ve de\u011ferini \u00f6\u011fretmi\u015fti. Musa, art\u0131k her g\u00fcn\u00fc, Peyronie&#8217;nin an\u0131s\u0131na ve do\u011faya olan sevgisine ad\u0131yor, hayat\u0131n her an\u0131n\u0131 kucakl\u0131yordu.<\/p>\n","protected":false},"excerpt":{"rendered":"<p>Anne ve babas\u0131z b\u00fcy\u00fcyen Musa, hayat\u0131n zorluklar\u0131na kar\u015f\u0131 tek ba\u015f\u0131na bir m\u00fccadele vermi\u015fti. Y\u0131llar boyunca, kendini do\u011faya ve ormanlara adam\u0131\u015f bir orman m\u00fchendisi olarak b\u00fcy\u00fcd\u00fc. Onun i\u00e7in do\u011fa, hem bir s\u0131\u011f\u0131nak hem de sonsuz bir ilham kayna\u011f\u0131yd\u0131. Ancak Musa&#8217;n\u0131n hayat\u0131ndaki tek ger\u00e7ek dostu, ona e\u015flik eden sevgili k\u00f6pe\u011fi Peyronie&#8216;ydi. Amerika&#8217;da burs kazanarak orman m\u00fchendisli\u011fi \u00fczerine [&hellip;]<\/p>\n","protected":false},"author":8973,"featured_media":0,"parent":0,"menu_order":0,"comment_status":"closed","ping_status":"closed","template":"","meta":{"footnotes":"","_links_to":"","_links_to_target":""},"class_list":["post-18","page","type-page","status-publish","hentry"],"_links":{"self":[{"href":"https:\/\/blog.metu.edu.tr\/e262006\/wp-json\/wp\/v2\/pages\/18","targetHints":{"allow":["GET"]}}],"collection":[{"href":"https:\/\/blog.metu.edu.tr\/e262006\/wp-json\/wp\/v2\/pages"}],"about":[{"href":"https:\/\/blog.metu.edu.tr\/e262006\/wp-json\/wp\/v2\/types\/page"}],"author":[{"embeddable":true,"href":"https:\/\/blog.metu.edu.tr\/e262006\/wp-json\/wp\/v2\/users\/8973"}],"replies":[{"embeddable":true,"href":"https:\/\/blog.metu.edu.tr\/e262006\/wp-json\/wp\/v2\/comments?post=18"}],"version-history":[{"count":0,"href":"https:\/\/blog.metu.edu.tr\/e262006\/wp-json\/wp\/v2\/pages\/18\/revisions"}],"wp:attachment":[{"href":"https:\/\/blog.metu.edu.tr\/e262006\/wp-json\/wp\/v2\/media?parent=18"}],"curies":[{"name":"wp","href":"https:\/\/api.w.org\/{rel}","templated":true}]}}