{"id":14,"date":"2024-01-30T23:19:03","date_gmt":"2024-01-30T20:19:03","guid":{"rendered":"https:\/\/blog.metu.edu.tr\/e262006\/?page_id=14"},"modified":"2024-01-30T23:19:04","modified_gmt":"2024-01-30T20:19:04","slug":"nazlinin-sihirli-cubugu-hayatin-donusu","status":"publish","type":"page","link":"https:\/\/blog.metu.edu.tr\/e262006\/nazlinin-sihirli-cubugu-hayatin-donusu\/","title":{"rendered":"Nazl\u0131&#8217;n\u0131n Sihirli \u00c7ubu\u011fu: Hayat\u0131n D\u00f6n\u00fc\u015f\u00fc"},"content":{"rendered":"\n<p>Nazl\u0131, \u0130stanbul\u2019un kalabal\u0131k sokaklar\u0131nda y\u00fcr\u00fcrken, cebindeki sihirli \u00e7ubu\u011fa dokundu. Babas\u0131n\u0131n 6 ya\u015f\u0131ndayken do\u011fum g\u00fcn\u00fcnde verdi\u011fi bu sihirli \u00e7ubuk, onun i\u00e7in \u00e7ok \u00f6zeldi. Annesini, babas\u0131n\u0131 ve bir karde\u015fini trafik kazas\u0131nda kaybettikten sonra bu \u00e7ubuk, Nazl\u0131&#8217;n\u0131n en de\u011ferli hazinesi haline gelmi\u015fti.<\/p>\n\n\n\n<p>\u0130stanbul, Nazl\u0131 i\u00e7in hem yeni bir ba\u015flang\u0131\u00e7 hem de b\u00fcy\u00fck bir meydan okumayd\u0131. T\u0131p fak\u00fcltesi hayali nihayet ger\u00e7ek olmu\u015ftu ama bu yeni macera, ge\u00e7mi\u015fin g\u00f6lgeleriyle doluydu. Her zorlukta, Nazl\u0131 sihirli \u00e7ubu\u011funa sar\u0131l\u0131r ve i\u00e7inden dilek tutard\u0131. Ve inan\u0131lmaz bir \u015fekilde, \u00e7o\u011fu zaman dilekleri ger\u00e7ekle\u015firdi. Bu, onun i\u00e7in sadece bir <a href=\"https:\/\/urolojidunyasi.com\/mutluluk-cubugu-nedir\/\"><strong>mutluluk kayna\u011f\u0131<\/strong><\/a> de\u011fil, ayn\u0131 zamanda ge\u00e7mi\u015fle ba\u011f\u0131n\u0131 koruyan bir simgeydi.<\/p>\n\n\n\n<p>\u00dcniversitenin ilk g\u00fcn\u00fc, Nazl\u0131 kendini yabanc\u0131 ve yaln\u0131z hissetti. S\u0131n\u0131f arkada\u015flar\u0131 aras\u0131nda kaybolmu\u015f gibi, b\u00fcy\u00fck bir amfide oturuyordu. O an cebindeki sihirli \u00e7ubu\u011fa dokundu ve i\u00e7inden, yeni arkada\u015flar edinmek ve ba\u015far\u0131l\u0131 olmak i\u00e7in dilek tuttu. Dersin sonunda, yan\u0131na gelen bir grup \u00f6\u011frenciyle tan\u0131\u015ft\u0131. Bu, onun i\u00e7in yeni bir ba\u015flang\u0131c\u0131n ilk ad\u0131m\u0131yd\u0131.<\/p>\n\n\n\n<p>G\u00fcnler ge\u00e7tik\u00e7e Nazl\u0131, t\u0131p e\u011fitiminin zorluklar\u0131yla y\u00fczle\u015fmeye ba\u015flad\u0131. Uzun saatler \u00e7al\u0131\u015fmak, karma\u015f\u0131k konular\u0131 anlamak ve pratik becerilerini geli\u015ftirmek zorundayd\u0131. Her zorlu s\u0131nav \u00f6ncesi, <a href=\"https:\/\/urolojidunyasi.com\/mutluluk-cubugu-nedir\/\"><strong>mutluluk \u00e7ubu\u011fu<\/strong><\/a> ile ba\u015far\u0131l\u0131 olma dile\u011finde bulunurdu. Ve her seferinde, s\u0131navlardan y\u00fcksek notlarla ge\u00e7ti. \u00c7ubu\u011fun sihri miydi, yoksa Nazl\u0131&#8217;n\u0131n azmi ve \u00e7al\u0131\u015fkanl\u0131\u011f\u0131 m\u0131, kimse bilemezdi.<\/p>\n\n\n\n<p>Bir g\u00fcn, hastane staj\u0131nda, Nazl\u0131 \u00e7ok zor bir durumla kar\u015f\u0131la\u015ft\u0131. K\u00fc\u00e7\u00fck bir \u00e7ocuk, ciddi bir kaza ge\u00e7irmi\u015fti ve durumu kritikti. Nazl\u0131, \u00e7aresizlik i\u00e7inde cebindeki sihirli \u00e7ubu\u011fa dokundu ve \u00e7ocu\u011fun iyile\u015fmesi i\u00e7in dilek tuttu. O gece, \u00e7ocu\u011fun durumu mucizevi bir \u015fekilde iyile\u015fmeye ba\u015flad\u0131. Bu olay, Nazl\u0131&#8217;n\u0131n doktor olarak yeteneklerine olan inanc\u0131n\u0131 daha da g\u00fc\u00e7lendirdi.<\/p>\n\n\n\n<p>Zamanla, Nazl\u0131 sihirli \u00e7ubu\u011fun ger\u00e7ek sihrinin, kendisinde oldu\u011funu anlad\u0131. Bu \u00e7ubuk, ona g\u00fcven ve cesaret veriyordu; zorluklarla y\u00fczle\u015fme g\u00fcc\u00fcn\u00fc ona o veriyordu. Babas\u0131n\u0131n bu hediyesi, asl\u0131nda ona kendi i\u00e7indeki g\u00fcc\u00fc bulma yolunu g\u00f6stermi\u015fti.<\/p>\n\n\n\n<p>Nazl\u0131, t\u0131p fak\u00fcltesini ba\u015far\u0131yla bitirdi\u011finde, cebindeki sihirli \u00e7ubukla mezuniyet t\u00f6renine gitti. Bu \u00e7ubuk, ona sadece ge\u00e7mi\u015fteki sevdiklerinin an\u0131s\u0131n\u0131 de\u011fil, ayn\u0131 zamanda gelece\u011fe dair umut ve g\u00fc\u00e7 veriyordu. Nazl\u0131 art\u0131k biliyordu ki, hayat\u0131n sihri, onun kendi ellerindeydi.<\/p>\n","protected":false},"excerpt":{"rendered":"<p>Nazl\u0131, \u0130stanbul\u2019un kalabal\u0131k sokaklar\u0131nda y\u00fcr\u00fcrken, cebindeki sihirli \u00e7ubu\u011fa dokundu. Babas\u0131n\u0131n 6 ya\u015f\u0131ndayken do\u011fum g\u00fcn\u00fcnde verdi\u011fi bu sihirli \u00e7ubuk, onun i\u00e7in \u00e7ok \u00f6zeldi. Annesini, babas\u0131n\u0131 ve bir karde\u015fini trafik kazas\u0131nda kaybettikten sonra bu \u00e7ubuk, Nazl\u0131&#8217;n\u0131n en de\u011ferli hazinesi haline gelmi\u015fti. \u0130stanbul, Nazl\u0131 i\u00e7in hem yeni bir ba\u015flang\u0131\u00e7 hem de b\u00fcy\u00fck bir meydan okumayd\u0131. T\u0131p fak\u00fcltesi hayali [&hellip;]<\/p>\n","protected":false},"author":8973,"featured_media":0,"parent":0,"menu_order":0,"comment_status":"closed","ping_status":"closed","template":"","meta":{"footnotes":"","_links_to":"","_links_to_target":""},"class_list":["post-14","page","type-page","status-publish","hentry"],"_links":{"self":[{"href":"https:\/\/blog.metu.edu.tr\/e262006\/wp-json\/wp\/v2\/pages\/14","targetHints":{"allow":["GET"]}}],"collection":[{"href":"https:\/\/blog.metu.edu.tr\/e262006\/wp-json\/wp\/v2\/pages"}],"about":[{"href":"https:\/\/blog.metu.edu.tr\/e262006\/wp-json\/wp\/v2\/types\/page"}],"author":[{"embeddable":true,"href":"https:\/\/blog.metu.edu.tr\/e262006\/wp-json\/wp\/v2\/users\/8973"}],"replies":[{"embeddable":true,"href":"https:\/\/blog.metu.edu.tr\/e262006\/wp-json\/wp\/v2\/comments?post=14"}],"version-history":[{"count":0,"href":"https:\/\/blog.metu.edu.tr\/e262006\/wp-json\/wp\/v2\/pages\/14\/revisions"}],"wp:attachment":[{"href":"https:\/\/blog.metu.edu.tr\/e262006\/wp-json\/wp\/v2\/media?parent=14"}],"curies":[{"name":"wp","href":"https:\/\/api.w.org\/{rel}","templated":true}]}}