{"id":13,"date":"2024-01-27T21:36:26","date_gmt":"2024-01-27T18:36:26","guid":{"rendered":"https:\/\/blog.metu.edu.tr\/e262006\/?page_id=13"},"modified":"2024-01-27T21:36:28","modified_gmt":"2024-01-27T18:36:28","slug":"selma-hemsire-sistitten-sanata-yolculuk","status":"publish","type":"page","link":"https:\/\/blog.metu.edu.tr\/e262006\/selma-hemsire-sistitten-sanata-yolculuk\/","title":{"rendered":"Selma Hem\u015fire: Sistitten Sanata Yolculuk"},"content":{"rendered":"\n<p>Selma Hem\u015fire, uzun y\u0131llar\u0131n\u0131 hastalar\u0131na adad\u0131ktan sonra, kendi sa\u011fl\u0131k sorunlar\u0131yla y\u00fczle\u015fmek zorunda kald\u0131. Kendisini y\u0131pratan ve ya\u015fam kalitesini d\u00fc\u015f\u00fcren kronik <a href=\"https:\/\/urolojidunyasi.com\/sistit-nedir\/\"><strong>sistit<\/strong><\/a>, hem mesleki hayat\u0131n\u0131 hem de \u00f6zel ya\u015fam\u0131n\u0131 olumsuz etkiliyordu. Ancak Selma, hastal\u0131\u011f\u0131na ra\u011fmen her zaman g\u00fc\u00e7l\u00fc bir irade ve pozitif bir bak\u0131\u015f a\u00e7\u0131s\u0131na sahipti.<\/p>\n\n\n\n<p><a href=\"https:\/\/urolojidunyasi.com\/sistit-nedir\/\"><strong>Sistit tedavisi<\/strong><\/a> s\u00fcrecinde, hastal\u0131\u011f\u0131n getirdi\u011fi a\u011fr\u0131 ve s\u0131k\u0131nt\u0131lara ra\u011fmen, hastalar\u0131na \u015fefkatle yakla\u015fan Selma Hem\u015fire, erken emeklili\u011fe ayr\u0131lmaya karar verdi. Emekli olduktan sonra ise, hayat\u0131n\u0131 yeni bir tutkuya, ebru sanat\u0131na adad\u0131. \u00c7ocuklu\u011fundan beri sanata ilgi duyan Selma, bu zorlu s\u00fcreci sanatla iyile\u015ftirmek istedi. Ebru sanat\u0131, ona hem i\u00e7 huzuru hem de yarat\u0131c\u0131 bir \u00e7\u0131k\u0131\u015f yolu sundu. Ebru sanat\u0131n\u0131n renklerine ve desenlerine kendini kapt\u0131ran Selma, her ge\u00e7en g\u00fcn bu alanda daha da ustala\u015ft\u0131. Ebru yapraklar\u0131n\u0131n su \u00fczerindeki dans\u0131, ona hem fiziksel hem de ruhsal bir terapi sa\u011fl\u0131yordu. Selma&#8217;n\u0131n ebrular\u0131, sadece bir hobi de\u011fil, ayn\u0131 zamanda onun ya\u015fam sevincinin bir yans\u0131mas\u0131yd\u0131.<\/p>\n\n\n\n<p>Selma, ebru sanat\u0131yla ilgili at\u00f6lyelere kat\u0131larak kendini geli\u015ftirmeye devam etti. Yapt\u0131\u011f\u0131 eserler, \u00e7evresindekiler taraf\u0131ndan b\u00fcy\u00fck be\u011feni toplad\u0131. Ebru sanat\u0131ndaki yetene\u011fi ve yarat\u0131c\u0131l\u0131\u011f\u0131, onu k\u0131sa s\u00fcrede bu alanda tan\u0131nan bir isim haline getirdi. Sanat\u0131n\u0131n sadece bir terapi arac\u0131 olmaktan \u00e7\u0131k\u0131p, ba\u015fkalar\u0131na da ilham kayna\u011f\u0131 olmas\u0131 onu \u00e7ok mutlu ediyordu. \u00dc\u00e7 y\u0131l sonra, ulusal bir sanat yar\u0131\u015fmas\u0131na kat\u0131lan Selma, ebru sanat\u0131ndaki ustal\u0131\u011f\u0131n\u0131 t\u00fcm \u00fclkeye g\u00f6sterme f\u0131rsat\u0131 buldu. Yar\u0131\u015fmada g\u00f6sterdi\u011fi ola\u011fan\u00fcst\u00fc performans ve yarat\u0131c\u0131l\u0131k, ona b\u00fcy\u00fck bir \u00f6d\u00fcl kazand\u0131rd\u0131. Bu ba\u015far\u0131, sadece sanatsal bir ba\u015far\u0131 de\u011fil, ayn\u0131 zamanda hayat\u0131n zorluklar\u0131na kar\u015f\u0131 g\u00f6sterdi\u011fi direncin ve azmin de bir g\u00f6stergesiydi.<\/p>\n\n\n\n<p>Selma&#8217;n\u0131n hikayesi, hastal\u0131kla m\u00fccadele eden bir\u00e7ok insan i\u00e7in ilham kayna\u011f\u0131 oldu. Kronik bir hastal\u0131kla ya\u015faman\u0131n, hayalleri ger\u00e7ekle\u015ftirmeye engel olmad\u0131\u011f\u0131n\u0131 g\u00f6sterdi. Ebru sanat\u0131na olan tutkusu ve bu alandaki ba\u015far\u0131s\u0131, onun ya\u015fam\u0131na yeni bir anlam ve ama\u00e7 kazand\u0131rd\u0131.<\/p>\n\n\n\n<p>Selma, emekli g\u00fcnlerini art\u0131k ebru sanat\u0131na adayarak ge\u00e7iriyor. At\u00f6lyesinde, suyun \u00fczerinde dans eden renklerle oynarken, hayat\u0131n t\u00fcm zorluklar\u0131na kar\u015f\u0131 pozitif bir tutum sergiliyor. Ebru yapraklar\u0131, onun hayat hikayesini, m\u00fccadelesini ve zaferini anlat\u0131yor. Selma Hem\u015fire, ebru sanat\u0131 sayesinde ya\u015fam\u0131n her an\u0131n\u0131 de\u011ferli k\u0131lan, hayat\u0131n renklerini kucaklayan bir sanat\u00e7\u0131ya d\u00f6n\u00fc\u015ft\u00fc. Selma Hem\u015fire&#8217;nin hikayesi, zorluklar kar\u015f\u0131s\u0131nda azim ve umudu asla kaybetmemenin, hayat\u0131 sanatla g\u00fczelle\u015ftirmenin g\u00fczel bir \u00f6rne\u011fidir.<\/p>\n","protected":false},"excerpt":{"rendered":"<p>Selma Hem\u015fire, uzun y\u0131llar\u0131n\u0131 hastalar\u0131na adad\u0131ktan sonra, kendi sa\u011fl\u0131k sorunlar\u0131yla y\u00fczle\u015fmek zorunda kald\u0131. Kendisini y\u0131pratan ve ya\u015fam kalitesini d\u00fc\u015f\u00fcren kronik sistit, hem mesleki hayat\u0131n\u0131 hem de \u00f6zel ya\u015fam\u0131n\u0131 olumsuz etkiliyordu. Ancak Selma, hastal\u0131\u011f\u0131na ra\u011fmen her zaman g\u00fc\u00e7l\u00fc bir irade ve pozitif bir bak\u0131\u015f a\u00e7\u0131s\u0131na sahipti. Sistit tedavisi s\u00fcrecinde, hastal\u0131\u011f\u0131n getirdi\u011fi a\u011fr\u0131 ve s\u0131k\u0131nt\u0131lara ra\u011fmen, hastalar\u0131na [&hellip;]<\/p>\n","protected":false},"author":8973,"featured_media":0,"parent":0,"menu_order":0,"comment_status":"closed","ping_status":"closed","template":"","meta":{"footnotes":"","_links_to":"","_links_to_target":""},"class_list":["post-13","page","type-page","status-publish","hentry"],"_links":{"self":[{"href":"https:\/\/blog.metu.edu.tr\/e262006\/wp-json\/wp\/v2\/pages\/13","targetHints":{"allow":["GET"]}}],"collection":[{"href":"https:\/\/blog.metu.edu.tr\/e262006\/wp-json\/wp\/v2\/pages"}],"about":[{"href":"https:\/\/blog.metu.edu.tr\/e262006\/wp-json\/wp\/v2\/types\/page"}],"author":[{"embeddable":true,"href":"https:\/\/blog.metu.edu.tr\/e262006\/wp-json\/wp\/v2\/users\/8973"}],"replies":[{"embeddable":true,"href":"https:\/\/blog.metu.edu.tr\/e262006\/wp-json\/wp\/v2\/comments?post=13"}],"version-history":[{"count":0,"href":"https:\/\/blog.metu.edu.tr\/e262006\/wp-json\/wp\/v2\/pages\/13\/revisions"}],"wp:attachment":[{"href":"https:\/\/blog.metu.edu.tr\/e262006\/wp-json\/wp\/v2\/media?parent=13"}],"curies":[{"name":"wp","href":"https:\/\/api.w.org\/{rel}","templated":true}]}}