{"id":12,"date":"2024-01-25T09:21:00","date_gmt":"2024-01-25T06:21:00","guid":{"rendered":"https:\/\/blog.metu.edu.tr\/e262006\/?page_id=12"},"modified":"2024-01-25T09:21:02","modified_gmt":"2024-01-25T06:21:02","slug":"umutsuzlugun-ardindan-16-yilin-sonunda-bebek-gulucukleri","status":"publish","type":"page","link":"https:\/\/blog.metu.edu.tr\/e262006\/umutsuzlugun-ardindan-16-yilin-sonunda-bebek-gulucukleri\/","title":{"rendered":"Umutsuzlu\u011fun Ard\u0131ndan: 16 Y\u0131l\u0131n Sonunda Bebek G\u00fcl\u00fcc\u00fckleri"},"content":{"rendered":"\n<p>Bir zamanlar \u0130zmir&#8217;in tarih kokan k\u00f6ylerinden biri olan \u015eirince&#8217;de, 16 y\u0131ll\u0131k evli bir \u00f6\u011fretmen \u00e7ift, hayatlar\u0131na umutla bakan ama bir o kadar da zorlu bir yolculu\u011fun i\u00e7indeydiler. Zeynep ve Murat, sevgi dolu bir evlili\u011fe sahipti, ancak y\u0131llar ge\u00e7tik\u00e7e \u00e7ocuk sahibi olma hayali, i\u00e7lerinde derin bir bo\u015flu\u011fa d\u00f6n\u00fc\u015f\u00fcyordu.<\/p>\n\n\n\n<p>\u00c7ift, uzun bir s\u00fcre boyunca <a href=\"https:\/\/urolojidunyasi.com\/erkeklerde-kisirlik-belirtileri\/\"><strong>infertilite<\/strong><\/a> ile m\u00fccadele etti ve \u00e7e\u015fitli t\u0131bbi tedavilere ba\u015fvurdu, bir\u00e7ok doktorla g\u00f6r\u00fc\u015ft\u00fc, fakat bir t\u00fcrl\u00fc bekledikleri mutlu haber gelmedi. Murat&#8217;\u0131n azospermi sorunu, \u00e7iftin \u00f6n\u00fcnde b\u00fcy\u00fck bir engel olarak duruyordu. Ancak Zeynep ve Murat, umutsuzlu\u011fa kap\u0131lmadan, birbirlerine destek olmaya karar verdiler.<\/p>\n\n\n\n<p>\u0130kinci bir umut \u0131\u015f\u0131\u011f\u0131, \u00e7iftin kar\u015f\u0131s\u0131na \u00e7\u0131kt\u0131\u011f\u0131nda, bu sefer daha fazla inan\u00e7la m\u00fccadelelerine devam ettiler. <a href=\"https:\/\/urolojidunyasi.com\/azospermi-bitkisel-tedavi\/\"><strong>Azospermi tedavisi<\/strong><\/a>, doktorun \u00f6nerdi\u011fi plana sad\u0131k kalmak ve birlikte bu zorlu s\u00fcreci atlatmak, \u00e7iftin sevgisini daha da g\u00fc\u00e7lendirdi. Her bir a\u015famada birbirlerine olan destekleri, ya\u015fad\u0131klar\u0131 s\u0131k\u0131nt\u0131lara kar\u015f\u0131 diren\u00e7lerini art\u0131rd\u0131.<\/p>\n\n\n\n<p>Nihayet, 16 y\u0131l aradan sonra, Zeynep ve Murat&#8217;\u0131n evi, bebek g\u00fcl\u00fcc\u00fckleriyle dolup ta\u015ft\u0131. Azospermi tedavisi, \u00e7iftin sabr\u0131n\u0131 ve kararl\u0131l\u0131\u011f\u0131n\u0131 \u00f6d\u00fcllendirmi\u015fti. K\u00fc\u00e7\u00fck bir mucize ger\u00e7ekle\u015fmi\u015f, aileleri tamamlanm\u0131\u015ft\u0131. Minik bebekleri, onlar\u0131n y\u0131llar s\u00fcren bekleyi\u015finin ard\u0131ndan, evlerine ve kalplerine umutla gelmi\u015fti.<\/p>\n\n\n\n<p>\u015eirince&#8217;nin tarih kokan sokaklar\u0131, bu sefer \u00e7ocuk kahkahalar\u0131yla dolup ta\u015ft\u0131. K\u00f6y halk\u0131, Zeynep ve Murat&#8217;\u0131n ya\u015fad\u0131\u011f\u0131 mutlulu\u011fa ortak oldu. \u00c7ift, uzun y\u0131llar s\u00fcren m\u00fccadelelerinin ard\u0131ndan, aile olman\u0131n ne kadar k\u0131ymetli oldu\u011funu daha da iyi anlam\u0131\u015ft\u0131.<\/p>\n\n\n\n<p>Zeynep ve Murat&#8217;\u0131n \u00f6yk\u00fcs\u00fc, sadece bir \u00e7iftin de\u011fil, ayn\u0131 zamanda umutsuzlu\u011fa kar\u015f\u0131 direncin ve sevginin zaferini anlatan bir \u00f6yk\u00fcyd\u00fc. Onlar, birbirlerine olan inan\u00e7lar\u0131 ve kararl\u0131l\u0131klar\u0131 sayesinde, hayallerine ula\u015fman\u0131n ne kadar g\u00fczel bir duygu oldu\u011funu t\u00fcm k\u00f6ye g\u00f6stermi\u015fti.<\/p>\n","protected":false},"excerpt":{"rendered":"<p>Bir zamanlar \u0130zmir&#8217;in tarih kokan k\u00f6ylerinden biri olan \u015eirince&#8217;de, 16 y\u0131ll\u0131k evli bir \u00f6\u011fretmen \u00e7ift, hayatlar\u0131na umutla bakan ama bir o kadar da zorlu bir yolculu\u011fun i\u00e7indeydiler. Zeynep ve Murat, sevgi dolu bir evlili\u011fe sahipti, ancak y\u0131llar ge\u00e7tik\u00e7e \u00e7ocuk sahibi olma hayali, i\u00e7lerinde derin bir bo\u015flu\u011fa d\u00f6n\u00fc\u015f\u00fcyordu. \u00c7ift, uzun bir s\u00fcre boyunca infertilite ile m\u00fccadele [&hellip;]<\/p>\n","protected":false},"author":8973,"featured_media":0,"parent":0,"menu_order":0,"comment_status":"closed","ping_status":"closed","template":"","meta":{"footnotes":"","_links_to":"","_links_to_target":""},"class_list":["post-12","page","type-page","status-publish","hentry"],"_links":{"self":[{"href":"https:\/\/blog.metu.edu.tr\/e262006\/wp-json\/wp\/v2\/pages\/12","targetHints":{"allow":["GET"]}}],"collection":[{"href":"https:\/\/blog.metu.edu.tr\/e262006\/wp-json\/wp\/v2\/pages"}],"about":[{"href":"https:\/\/blog.metu.edu.tr\/e262006\/wp-json\/wp\/v2\/types\/page"}],"author":[{"embeddable":true,"href":"https:\/\/blog.metu.edu.tr\/e262006\/wp-json\/wp\/v2\/users\/8973"}],"replies":[{"embeddable":true,"href":"https:\/\/blog.metu.edu.tr\/e262006\/wp-json\/wp\/v2\/comments?post=12"}],"version-history":[{"count":0,"href":"https:\/\/blog.metu.edu.tr\/e262006\/wp-json\/wp\/v2\/pages\/12\/revisions"}],"wp:attachment":[{"href":"https:\/\/blog.metu.edu.tr\/e262006\/wp-json\/wp\/v2\/media?parent=12"}],"curies":[{"name":"wp","href":"https:\/\/api.w.org\/{rel}","templated":true}]}}