{"id":10,"date":"2024-01-24T11:16:02","date_gmt":"2024-01-24T08:16:02","guid":{"rendered":"https:\/\/blog.metu.edu.tr\/e262006\/?page_id=10"},"modified":"2024-02-04T20:05:35","modified_gmt":"2024-02-04T17:05:35","slug":"hayatin-mucadeleleri-takuyinin-kanseri-yenme-hikayesi","status":"publish","type":"page","link":"https:\/\/blog.metu.edu.tr\/e262006\/hayatin-mucadeleleri-takuyinin-kanseri-yenme-hikayesi\/","title":{"rendered":"Hayat\u0131n M\u00fccadeleleri: Takuyi&#8217;nin Kanseri Yenme Hikayesi"},"content":{"rendered":"\n<p>Bir zamanlar, uzak diyarlardan gelmi\u015f olan Takuyi adl\u0131 bir Japon, Japonya&#8217;n\u0131n huzurlu atmosferinden ayr\u0131larak Ankara&#8217;ya ta\u015f\u0131nm\u0131\u015ft\u0131. Ya\u015fam\u0131n\u0131 T\u00fcrkiye&#8217;de s\u00fcrd\u00fcr\u00fcrken, hayat ona hi\u00e7 beklemedi\u011fi bir s\u0131nav sunacakt\u0131. Takuyi, beklenmedik bir \u015fekilde <a href=\"https:\/\/urolojidunyasi.com\/gec-kalinmis-prostat-kanseri\/\"><strong>prostat kanseri<\/strong><\/a> te\u015fhisi alarak hayat\u0131n\u0131n en zorlu m\u00fccadelesine giri\u015fecekti.<\/p>\n\n\n\n<p><a href=\"https:\/\/urolojidunyasi.com\/gec-kalinmis-prostat-kanseri\/\"><strong>Ge\u00e7 kal\u0131nm\u0131\u015f prostat kanseri<\/strong><\/a>, gen\u00e7 adam\u0131 derinden sarsm\u0131\u015ft\u0131. Ancak Takuyi, bu zorlu s\u00fcreci bir s\u0131nav olarak g\u00f6rd\u00fc ve kararl\u0131l\u0131kla m\u00fccadele etmeye karar verdi. T\u00fcrk sa\u011fl\u0131k sistemine g\u00fcvenerek, tedaviye hemen ba\u015flad\u0131. Ankara&#8217;n\u0131n hastanelerinde, doktorlar\u0131n\u0131n rehberli\u011finde, Takuyi kanserle sava\u015f\u0131n\u0131 kararl\u0131l\u0131kla s\u00fcrd\u00fcrd\u00fc.<\/p>\n\n\n\n<p>Takuyi&#8217;nin ya\u015fad\u0131\u011f\u0131 bu zorlu s\u00fcre\u00e7, onun i\u00e7indeki g\u00fc\u00e7l\u00fc iradeyi g\u00fcn y\u00fcz\u00fcne \u00e7\u0131kard\u0131. Kanseri sadece bir hastal\u0131k olarak de\u011fil, ayn\u0131 zamanda hayata meydan okuma f\u0131rsat\u0131 olarak g\u00f6rd\u00fc. G\u00fcnl\u00fck ya\u015fam\u0131nda, T\u00fcrk k\u00fclt\u00fcr\u00fcn\u00fc benimseyerek ve yerel dostluklar kurarak moral buldu. Bir yandan tedavi g\u00f6r\u00fcrken, bir yandan da T\u00fcrk mutfa\u011f\u0131n\u0131 ke\u015ffetti ve yerel sanat etkinliklerine kat\u0131larak ya\u015fama ba\u011fland\u0131.<\/p>\n\n\n\n<p>Takuyi&#8217;nin \u00e7evresindeki insanlar, onun kararl\u0131l\u0131\u011f\u0131na ve pozitif enerjisine hayran kald\u0131. Hastal\u0131\u011f\u0131na ra\u011fmen, \u00e7evresindeki insanlara umut a\u015f\u0131lad\u0131. Arkada\u015flar\u0131 ve kom\u015fular\u0131, onunla birlikte olman\u0131n g\u00fcc\u00fcn\u00fc hissetti ve destekleriyle ona moral verdiler.<\/p>\n\n\n\n<p>Zamanla, Takuyi&#8217;nin tedavisi olumlu sonu\u00e7lar vermeye ba\u015flad\u0131. Kanserle yapt\u0131\u011f\u0131 m\u00fccadelede zafer kazanm\u0131\u015ft\u0131. Takuyi&#8217;nin hikayesi, sadece bir ki\u015finin kanseri yenebilme g\u00fcc\u00fcn\u00fc de\u011fil, ayn\u0131 zamanda farkl\u0131 k\u00fclt\u00fcrlerin bir araya gelerek birbirine destek olma g\u00fcc\u00fcn\u00fc de g\u00f6steriyordu.<\/p>\n\n\n\n<p>Ankara, art\u0131k Takuyi&#8217;nin ikinci bir eviydi. Onun hikayesi, sadece bir sa\u011fl\u0131k zaferi de\u011fil, ayn\u0131 zamanda insan\u0131n i\u00e7indeki g\u00fcc\u00fcn ve dayan\u0131\u015fman\u0131n ne kadar b\u00fcy\u00fck bir etkiye sahip olabilece\u011fini g\u00f6steren unutulmaz bir \u00f6yk\u00fcyd\u00fc.<\/p>\n","protected":false},"excerpt":{"rendered":"<p>Bir zamanlar, uzak diyarlardan gelmi\u015f olan Takuyi adl\u0131 bir Japon, Japonya&#8217;n\u0131n huzurlu atmosferinden ayr\u0131larak Ankara&#8217;ya ta\u015f\u0131nm\u0131\u015ft\u0131. Ya\u015fam\u0131n\u0131 T\u00fcrkiye&#8217;de s\u00fcrd\u00fcr\u00fcrken, hayat ona hi\u00e7 beklemedi\u011fi bir s\u0131nav sunacakt\u0131. Takuyi, beklenmedik bir \u015fekilde prostat kanseri te\u015fhisi alarak hayat\u0131n\u0131n en zorlu m\u00fccadelesine giri\u015fecekti. Ge\u00e7 kal\u0131nm\u0131\u015f prostat kanseri, gen\u00e7 adam\u0131 derinden sarsm\u0131\u015ft\u0131. Ancak Takuyi, bu zorlu s\u00fcreci bir s\u0131nav olarak [&hellip;]<\/p>\n","protected":false},"author":8973,"featured_media":0,"parent":0,"menu_order":0,"comment_status":"closed","ping_status":"closed","template":"","meta":{"footnotes":"","_links_to":"","_links_to_target":""},"class_list":["post-10","page","type-page","status-publish","hentry"],"_links":{"self":[{"href":"https:\/\/blog.metu.edu.tr\/e262006\/wp-json\/wp\/v2\/pages\/10","targetHints":{"allow":["GET"]}}],"collection":[{"href":"https:\/\/blog.metu.edu.tr\/e262006\/wp-json\/wp\/v2\/pages"}],"about":[{"href":"https:\/\/blog.metu.edu.tr\/e262006\/wp-json\/wp\/v2\/types\/page"}],"author":[{"embeddable":true,"href":"https:\/\/blog.metu.edu.tr\/e262006\/wp-json\/wp\/v2\/users\/8973"}],"replies":[{"embeddable":true,"href":"https:\/\/blog.metu.edu.tr\/e262006\/wp-json\/wp\/v2\/comments?post=10"}],"version-history":[{"count":0,"href":"https:\/\/blog.metu.edu.tr\/e262006\/wp-json\/wp\/v2\/pages\/10\/revisions"}],"wp:attachment":[{"href":"https:\/\/blog.metu.edu.tr\/e262006\/wp-json\/wp\/v2\/media?parent=10"}],"curies":[{"name":"wp","href":"https:\/\/api.w.org\/{rel}","templated":true}]}}