{"id":15,"date":"2022-12-04T18:22:30","date_gmt":"2022-12-04T18:22:30","guid":{"rendered":"https:\/\/blog.metu.edu.tr\/e256765\/?page_id=15"},"modified":"2022-12-04T23:32:04","modified_gmt":"2022-12-04T23:32:04","slug":"animations-and-video-tools","status":"publish","type":"page","link":"https:\/\/blog.metu.edu.tr\/e256765\/animations-and-video-tools\/","title":{"rendered":"Animations and Video Tools"},"content":{"rendered":"\n<p><strong>Vyond (GoAnimate)<\/strong><\/p>\n\n\n<div class=\"wp-block-image\">\n<figure class=\"alignleft size-full\"><img loading=\"lazy\" decoding=\"async\" width=\"146\" height=\"53\" src=\"https:\/\/blog.metu.edu.tr\/e256765\/files\/2022\/12\/resim_2022-12-05_022433775.png\" alt=\"\" class=\"wp-image-40\" \/><\/figure>\n<\/div>\n\n\n<p>\u00de&nbsp;14 days free trial<\/p>\n\n\n\n<p>\u00de&nbsp;Allows to produce professional looking animations even suitable for advertisements etc.<\/p>\n\n\n\n<p><strong>&nbsp;Animoto<\/strong><\/p>\n\n\n<div class=\"wp-block-image\">\n<figure class=\"alignleft size-full is-resized\"><img loading=\"lazy\" decoding=\"async\" src=\"https:\/\/blog.metu.edu.tr\/e256765\/files\/2022\/12\/resim_2022-12-05_022450384.png\" alt=\"\" class=\"wp-image-41\" width=\"231\" height=\"54\" \/><\/figure>\n<\/div>\n\n\n<p>\u00de&nbsp;Fast&nbsp; &amp; free screen recording program<\/p>\n\n\n\n<p>\u00de\u00a0Additional video editing feature<\/p>\n\n\n\n<p><strong>&nbsp;Animaker<\/strong><\/p>\n\n\n<div class=\"wp-block-image\">\n<figure class=\"alignleft size-full\"><img loading=\"lazy\" decoding=\"async\" width=\"177\" height=\"92\" src=\"https:\/\/blog.metu.edu.tr\/e256765\/files\/2022\/12\/resim_2022-12-05_022503374.png\" alt=\"\" class=\"wp-image-42\" \/><\/figure>\n<\/div>\n\n\n<p>\u00de&nbsp;Unlimited free trial<\/p>\n\n\n\n<p>\u00de&nbsp;All the functionality is provided except no watermark and hd import option<\/p>\n","protected":false},"excerpt":{"rendered":"<p>Vyond (GoAnimate) \u00de&nbsp;14 days free trial \u00de&nbsp;Allows to produce professional looking animations even suitable for advertisements etc. &nbsp;Animoto \u00de&nbsp;Fast&nbsp; &amp; free screen recording program \u00de\u00a0Additional video editing feature &nbsp;Animaker \u00de&nbsp;Unlimited free trial \u00de&nbsp;All the functionality is provided except no watermark and hd import option<\/p>\n","protected":false},"author":8269,"featured_media":0,"parent":0,"menu_order":0,"comment_status":"closed","ping_status":"closed","template":"","meta":{"footnotes":"","_links_to":"","_links_to_target":""},"class_list":["post-15","page","type-page","status-publish","hentry","column","twocol"],"_links":{"self":[{"href":"https:\/\/blog.metu.edu.tr\/e256765\/wp-json\/wp\/v2\/pages\/15","targetHints":{"allow":["GET"]}}],"collection":[{"href":"https:\/\/blog.metu.edu.tr\/e256765\/wp-json\/wp\/v2\/pages"}],"about":[{"href":"https:\/\/blog.metu.edu.tr\/e256765\/wp-json\/wp\/v2\/types\/page"}],"author":[{"embeddable":true,"href":"https:\/\/blog.metu.edu.tr\/e256765\/wp-json\/wp\/v2\/users\/8269"}],"replies":[{"embeddable":true,"href":"https:\/\/blog.metu.edu.tr\/e256765\/wp-json\/wp\/v2\/comments?post=15"}],"version-history":[{"count":0,"href":"https:\/\/blog.metu.edu.tr\/e256765\/wp-json\/wp\/v2\/pages\/15\/revisions"}],"wp:attachment":[{"href":"https:\/\/blog.metu.edu.tr\/e256765\/wp-json\/wp\/v2\/media?parent=15"}],"curies":[{"name":"wp","href":"https:\/\/api.w.org\/{rel}","templated":true}]}}