{"id":39,"date":"2024-01-18T14:16:16","date_gmt":"2024-01-18T14:16:16","guid":{"rendered":"https:\/\/blog.metu.edu.tr\/e256751\/?page_id=39"},"modified":"2024-01-18T18:11:25","modified_gmt":"2024-01-18T18:11:25","slug":"objectives","status":"publish","type":"page","link":"https:\/\/blog.metu.edu.tr\/e256751\/objectives\/","title":{"rendered":"Objectives"},"content":{"rendered":"\n<ol class=\"wp-block-list\">\n<li>Bilgisayar ve internet hakk\u0131nda bilgi sahibi olur<\/li>\n\n\n\n<li>Bili\u015fim su\u00e7lar\u0131 hakk\u0131nda bilgi sahibi olur<\/li>\n\n\n\n<li>Bili\u015fim su\u00e7lar\u0131yla ilgili kanunlar\u0131 \u00f6zetleyebilir<\/li>\n\n\n\n<li>Bili\u015fim su\u00e7lar\u0131na kar\u015f\u0131 al\u0131nacak \u00f6nlemleri ve stratejileri geli\u015ftirebilir<\/li>\n<\/ol>\n","protected":false},"excerpt":{"rendered":"","protected":false},"author":8941,"featured_media":0,"parent":0,"menu_order":0,"comment_status":"closed","ping_status":"closed","template":"","meta":{"footnotes":"","_links_to":"","_links_to_target":""},"class_list":["post-39","page","type-page","status-publish","hentry"],"_links":{"self":[{"href":"https:\/\/blog.metu.edu.tr\/e256751\/wp-json\/wp\/v2\/pages\/39","targetHints":{"allow":["GET"]}}],"collection":[{"href":"https:\/\/blog.metu.edu.tr\/e256751\/wp-json\/wp\/v2\/pages"}],"about":[{"href":"https:\/\/blog.metu.edu.tr\/e256751\/wp-json\/wp\/v2\/types\/page"}],"author":[{"embeddable":true,"href":"https:\/\/blog.metu.edu.tr\/e256751\/wp-json\/wp\/v2\/users\/8941"}],"replies":[{"embeddable":true,"href":"https:\/\/blog.metu.edu.tr\/e256751\/wp-json\/wp\/v2\/comments?post=39"}],"version-history":[{"count":0,"href":"https:\/\/blog.metu.edu.tr\/e256751\/wp-json\/wp\/v2\/pages\/39\/revisions"}],"wp:attachment":[{"href":"https:\/\/blog.metu.edu.tr\/e256751\/wp-json\/wp\/v2\/media?parent=39"}],"curies":[{"name":"wp","href":"https:\/\/api.w.org\/{rel}","templated":true}]}}