{"id":35,"date":"2023-12-10T12:35:47","date_gmt":"2023-12-10T12:35:47","guid":{"rendered":"https:\/\/blog.metu.edu.tr\/e256751\/?page_id=35"},"modified":"2024-01-18T14:50:47","modified_gmt":"2024-01-18T14:50:47","slug":"cover-page","status":"publish","type":"page","link":"https:\/\/blog.metu.edu.tr\/e256751\/materials\/cover-page\/","title":{"rendered":"Questions"},"content":{"rendered":"<p><b>1. Bilgisayar nedir, Bilgisayar\u0131n iki ana k\u0131sm\u0131 nedir ? A\u00e7\u0131klay\u0131n\u0131z.<\/b><\/p>\n<p><b>2. \u0130nternet nedir? A\u00e7\u0131klay\u0131n\u0131z.<\/b><\/p>\n<p><b>3. Bili\u015fim Su\u00e7lar\u0131n\u0131n tan\u0131m\u0131n\u0131 yap\u0131n\u0131z. \u00a0 <\/b><\/p>\n<p><b>4. A\u015fa\u011f\u0131dakilerden hangisi siber su\u00e7lar\u0131n g\u00fcn\u00fcm\u00fczde artmas\u0131n\u0131n sebeplerinden de\u011fildir?<\/b><\/p>\n<p>A) \u0130nternet ve bir elektronik cihaz\u0131n yeterli olmas\u0131<\/p>\n<p>B) Sahte bilgilerle yap\u0131labilmesi<\/p>\n<p>C) Fiziksel bir g\u00f6r\u00fc\u015fmenin zorunlu olmas\u0131<\/p>\n<p><b>5. Bili\u015fim su\u00e7lar\u0131na 5 \u00f6rnek veriniz.<\/b><\/p>\n<p><b>6. A\u015fa\u011f\u0131da verilen bili\u015fim su\u00e7lar\u0131na kar\u015f\u0131 al\u0131nacak \u00f6nlemlerden de\u011fildir?<\/b><\/p>\n<p>A) \u015eifrelerimizi her yere not etmek<\/p>\n<p>B) Farkl\u0131 hesaplar\u0131m\u0131zda farkl\u0131 \u015fifreler kullanmak<\/p>\n<p>C) Elektronik cihazlar\u0131m\u0131zda parmak izi, y\u00fcz tan\u0131ma gibi giri\u015f y\u00f6ntemlerini kullanmak<\/p>\n<p>D) \u015eifrelerimizde ki\u015fisel bilgilerimizi kullanmamak<\/p>\n<p><b>7. \u015eifre belirlerken a\u015fa\u011f\u0131dakilerden hangisinin yap\u0131lmas\u0131 g\u00fcvenli bir \u015fifre olu\u015fturmam\u0131z\u0131 sa\u011flar?<\/b><\/p>\n<p>A) \u015eifrelerimizi en az 7 karakter olacak \u015fekilde belirlemeliyiz.<br \/>\nB) \u015eifremizde sadece k\u00fc\u00e7\u00fck karakterler kullanmal\u0131y\u0131z.<br \/>\nC) \u015eifremizde rakam kullanmamal\u0131y\u0131z.<br \/>\nD) \u015eifremizde ard\u0131\u015f\u0131k say\u0131lar kullanmal\u0131y\u0131z.<\/p>\n<p><b>8. \u00dclkemizde bili\u015fim su\u00e7lar\u0131yla ilgili olan kanunlara g\u00f6re a\u015fa\u011f\u0131dakilerden hangileri yanl\u0131\u015ft\u0131r?<\/b><\/p>\n<p>A) Bir bili\u015fim sistemine hukuka ayk\u0131r\u0131 olarak girilmesi su\u00e7tur ve cezas\u0131 vard\u0131r.<\/p>\n<p>B) Ba\u015fkas\u0131na ait bir kredi kart\u0131n\u0131n kullan\u0131lmas\u0131nda bir sak\u0131nca yoktur.<\/p>\n<p>C) Ba\u015fkas\u0131na ait bir kredi kart\u0131n\u0131n kullan\u0131lmas\u0131 sonucunda ki\u015fi ceza al\u0131r.<\/p>\n<p>D) Bili\u015fim sisteminin i\u015fleyi\u015fini bozan ki\u015fi bir y\u0131ldan be\u015f y\u0131la kadar hapis cezas\u0131 ile cezaland\u0131r\u0131r.<\/p>\n","protected":false},"excerpt":{"rendered":"<p>1. Bilgisayar nedir, Bilgisayar\u0131n iki ana k\u0131sm\u0131 nedir ? A\u00e7\u0131klay\u0131n\u0131z. 2. \u0130nternet nedir? A\u00e7\u0131klay\u0131n\u0131z. 3. Bili\u015fim Su\u00e7lar\u0131n\u0131n tan\u0131m\u0131n\u0131 yap\u0131n\u0131z. \u00a0 4. A\u015fa\u011f\u0131dakilerden hangisi siber su\u00e7lar\u0131n g\u00fcn\u00fcm\u00fczde artmas\u0131n\u0131n sebeplerinden de\u011fildir? A) \u0130nternet ve bir elektronik cihaz\u0131n yeterli olmas\u0131 B) Sahte bilgilerle yap\u0131labilmesi C) Fiziksel bir g\u00f6r\u00fc\u015fmenin zorunlu olmas\u0131 5. Bili\u015fim su\u00e7lar\u0131na 5 \u00f6rnek veriniz. 6. A\u015fa\u011f\u0131da [&hellip;]<\/p>\n","protected":false},"author":8941,"featured_media":0,"parent":21,"menu_order":0,"comment_status":"closed","ping_status":"closed","template":"","meta":{"footnotes":"","_links_to":"","_links_to_target":""},"class_list":["post-35","page","type-page","status-publish","hentry"],"_links":{"self":[{"href":"https:\/\/blog.metu.edu.tr\/e256751\/wp-json\/wp\/v2\/pages\/35","targetHints":{"allow":["GET"]}}],"collection":[{"href":"https:\/\/blog.metu.edu.tr\/e256751\/wp-json\/wp\/v2\/pages"}],"about":[{"href":"https:\/\/blog.metu.edu.tr\/e256751\/wp-json\/wp\/v2\/types\/page"}],"author":[{"embeddable":true,"href":"https:\/\/blog.metu.edu.tr\/e256751\/wp-json\/wp\/v2\/users\/8941"}],"replies":[{"embeddable":true,"href":"https:\/\/blog.metu.edu.tr\/e256751\/wp-json\/wp\/v2\/comments?post=35"}],"version-history":[{"count":0,"href":"https:\/\/blog.metu.edu.tr\/e256751\/wp-json\/wp\/v2\/pages\/35\/revisions"}],"up":[{"embeddable":true,"href":"https:\/\/blog.metu.edu.tr\/e256751\/wp-json\/wp\/v2\/pages\/21"}],"wp:attachment":[{"href":"https:\/\/blog.metu.edu.tr\/e256751\/wp-json\/wp\/v2\/media?parent=35"}],"curies":[{"name":"wp","href":"https:\/\/api.w.org\/{rel}","templated":true}]}}