{"id":7,"date":"2020-09-17T20:34:13","date_gmt":"2020-09-17T20:34:13","guid":{"rendered":"http:\/\/blog.metu.edu.tr\/e251993\/?page_id=7"},"modified":"2021-05-04T07:25:18","modified_gmt":"2021-05-04T07:25:18","slug":"tarim-dostu-gunes-paneli-montaj-aparati","status":"publish","type":"page","link":"https:\/\/blog.metu.edu.tr\/e251993\/tarim-dostu-gunes-paneli-montaj-aparati\/","title":{"rendered":"Proje Hakk\u0131nda\/ About the Project"},"content":{"rendered":"\n<ul class=\"wp-block-list\" type=\"1\"><li><strong>Proje \u00d6zeti:<\/strong><\/li><\/ul>\n\n\n\n<p>Tar\u0131m alan\u0131ndaki maddi zorluklardan en \u00f6nemlisi elektrik ihtiyac\u0131d\u0131r. Tarlalarda elektrik en \u00e7ok su motoru i\u00e7in harcan\u0131r. Elektrik da\u011f\u0131t\u0131m hatlar\u0131na uzak olan arazilerde ise elektrik ihtiyac\u0131 \u00e7ift\u00e7i i\u00e7in b\u00fcy\u00fck bir sorun te\u015fkil etmektedir. Yap\u0131lan projede bahsi ge\u00e7en elektrik ihtiyac\u0131n\u0131n yenilik\u00e7i g\u00fcne\u015f paneli montaj aparat\u0131 tasar\u0131m\u0131 ile tarlaya zarar vermeden ve tar\u0131m arazisini m\u00fcmk\u00fcn olan en az \u015fekilde i\u015fgal edip kirletmeden kar\u015f\u0131lanabilmesi ama\u00e7lanm\u0131\u015ft\u0131r. Burada se\u00e7ilen arazi de g\u00fcne\u015f panellerinin kullan\u0131labilir olmas\u0131 a\u00e7\u0131s\u0131ndan \u00f6nem te\u015fkil etmektedir. G\u00fcne\u015f panellerinin kullan\u0131labilir olmas\u0131 i\u00e7in gerekli parametreler \u015funlard\u0131r: y\u0131ll\u0131k ya\u011f\u0131\u015f miktar\u0131n\u0131n d\u00fc\u015f\u00fck olmas\u0131, sissiz bir atmosfere sahip olmas\u0131, hava kirlili\u011fin olmamas\u0131, ormanl\u0131k ve a\u011fa\u00e7l\u0131k b\u00f6lgelerden uzak olmas\u0131, r\u00fczgar h\u0131z\u0131n\u0131n d\u00fc\u015f\u00fck olmas\u0131 [1]. \u00c7ift\u00e7imiz g\u00fcne\u015f panellerinden elde edilecek elektrikle sulama ihtiyac\u0131n\u0131 kar\u015f\u0131layacak, fazla elektri\u011fi de da\u011f\u0131t\u0131m \u015firketlerine satarak ek gelir elde edecektir. Geli\u015ftirilen montaj aparat\u0131 sayesinde g\u00fcne\u015f panelleri arazide daha az yer kaplamas\u0131na kar\u015f\u0131n, \u00e7ift eksende g\u00fcne\u015f takip \u00f6zelli\u011fi sayesinde kullan\u0131lan sistemlere nazaran daha fazla enerji verimlili\u011fi sa\u011flayacakt\u0131r. Panellerin do\u011fru konumland\u0131r\u0131lmas\u0131 sonucunda, \u00e7ift\u00e7i ayn\u0131 arazide hem elektrik \u00fcretebilecek hem de tarlas\u0131nda mahsul\u00fcn\u00fc yeti\u015ftirecektir.<\/p>\n\n\n\n<ul class=\"wp-block-list\"><li><strong>Tespit Edilen Sorun<\/strong><strong>:<\/strong><strong><\/strong><\/li><\/ul>\n\n\n\n<p>Tar\u0131m alan\u0131nda, \u00fclkemizde \u00e7ift\u00e7ilerin en b\u00fcy\u00fck maddi giderinin elektrik ihtiyac\u0131 oldu\u011fu; hatta bu ihtiya\u00e7 y\u00fcz\u00fcnden \u00e7ift\u00e7ilerimizin belirli d\u00f6nemlerde baz\u0131 yerlerde tar\u0131m yapamad\u0131\u011f\u0131 yap\u0131lan saha \u00e7al\u0131\u015fmalar\u0131 sonucunda tespit edilmi\u015ftir. Bahsi ge\u00e7en bu yerler elektrik da\u011f\u0131t\u0131m \u015firketlerinin ula\u015famad\u0131\u011f\u0131 yerler ya da elektrik maliyetinin fazla oldu\u011fu yerler olup topra\u011f\u0131n bereketli olmas\u0131na kar\u015f\u0131n elektrik imkan\u0131 bulunamamas\u0131 sebebiyle sadece ya\u011fmur d\u00f6nemlerinde k\u0131smi tar\u0131m yapmaya elveri\u015flidir. Bahsi ge\u00e7en alanlarda suyu pompalamak i\u00e7in gereken elektrik bulunmad\u0131\u011f\u0131ndan sadece mevsimlik olarak ekin ve arpa yeti\u015ftirilebilir.<\/p>\n\n\n\n<ul class=\"wp-block-list\" type=\"1\"><li><strong>\u00c7\u00f6z\u00fcm:<\/strong><\/li><\/ul>\n\n\n\n<p>Yukar\u0131da bahsedilen sorunlar\u0131n \u00e7\u00f6z\u00fcm\u00fcne y\u00f6nelik, elektrik olmayan veya elektrik g\u00f6t\u00fcrmesi maliyetli olan tar\u0131m arazilerinde petrol t\u00fcrevi maddelerle \u00e7al\u0131\u015fan pompalar kullan\u0131lmaktad\u0131r. Bu sistemler daimi bak\u0131m gerektirir ve sadece ula\u015f\u0131m\u0131 kolay olan yerlerde kullan\u0131labilirler. Bu sistemlerin alternatifi olarak \u00e7evreci ve kolay kullan\u0131m bak\u0131m\u0131ndan yenilenebilir enerji sistemleri kullan\u0131lmas\u0131 gerekmektedir.<\/p>\n\n\n\n<p>Ba\u015fl\u0131ca yenilenebilir enerji kaynaklar\u0131: hidrolik, g\u00fcne\u015f, biyok\u00fctle, r\u00fczgar, jeotermal, dalga ve hidrojen kaynaklar\u0131d\u0131r [2].<\/p>\n\n\n\n<p>Bu kaynaklardan g\u00fcne\u015f enerjisi \u00fclkemizdeki \u00e7o\u011fu tar\u0131m arazisi i\u00e7in potansiyel enerji kayna\u011f\u0131d\u0131r.<\/p>\n\n\n\n<p>G\u00fcne\u015f enerjisiyle \u00e7al\u0131\u015fan su pompas\u0131 sistemleri daimi bak\u0131m istemedikleri gibi istenilen herhangi bir yerde, d\u00fc\u015fen g\u00fcne\u015f \u0131\u015f\u0131nlar\u0131n\u0131n verimli olmas\u0131 \u015fart\u0131yla kurulabilirler. Bu tip pompalar\u0131n ilk kurulu\u015f masraflar\u0131n\u0131n kullan\u0131lan di\u011fer sistemlere nazaran y\u00fcksek olmas\u0131na ra\u011fmen, kurulum sonras\u0131 masraflar\u0131 \u00e7ok d\u00fc\u015f\u00fckt\u00fcr. Bu nedenle, \u00f6zellikle g\u00fcne\u015f potansiyeli y\u00fcksek yerlerde k\u0131sa s\u00fcreler i\u00e7inde daha ekonomik duruma ge\u00e7erler [3].<\/p>\n\n\n\n<p>G\u00fcne\u015f panellerinde yap\u0131lan yenilik\u00e7i de\u011fi\u015fimler sayesinde \u00e7ift\u00e7imiz sulama sistemleri i\u00e7in gerekli olan elektrik maliyetlerini kendileri kar\u015f\u0131layabilece\u011fi gibi \u00fcretti\u011fi enerjiden kalan\u0131n\u0131 elektrik da\u011f\u0131t\u0131m \u015firketlerine satmak yoluyla ek gelir sa\u011flayabilecektir.<\/p>\n\n\n\n<p>Yap\u0131lan montaj aparat\u0131 \u00fc\u00e7 temel bile\u015fenden olu\u015fuyor: Toprakla temas eden alt montaj par\u00e7as\u0131, g\u00fcne\u015f panelini y\u00fckselten orta par\u00e7a ve g\u00fcne\u015f panelinin monte edilece\u011fi \u00fcst par\u00e7a. Bu \u00fc\u00e7 par\u00e7a, birbirine yar\u0131 oynar malzemeler kullan\u0131larak ba\u011fland\u0131\u011f\u0131 i\u00e7in sistem ayr\u0131ca g\u00fcne\u015f takibi yapabilmektedir. Kullan\u0131lan yap\u0131 malzemeleri kompozit ve metal t\u00fcrevleridir.<\/p>\n\n\n\n<p>G\u00fcne\u015f panellerinin konumland\u0131r\u0131lmas\u0131, foto\u011fraf 1 ve 2\u2019de de g\u00f6r\u00fclebilece\u011fi \u00fczere ayn\u0131 arazide hem elektrik \u00fcretmek hem de tar\u0131m yapmak i\u00e7in tasarland\u0131. Bu sayede \u00e7ift\u00e7iler elektrik ihtiya\u00e7lar\u0131n\u0131 kar\u015f\u0131larken g\u00fcne\u015f panellerinin kurulum yerleri i\u00e7in arazilerinin belirli b\u00f6l\u00fcmlerini ay\u0131rmak zorunda kalmayacaklard\u0131r.<\/p>\n\n\n\n<ul class=\"wp-block-list\" type=\"1\"><li><strong>Projenin Yenilik\u00e7i (\u0130novatif) Y\u00f6n\u00fc :<\/strong><\/li><\/ul>\n\n\n\n<p>\u015eu an kullan\u0131lan sistemlerde, sulama i\u00e7in elektrik ihtiyac\u0131 olan b\u00f6lgelerde konvansiyonel enerji kaynaklar\u0131 ile \u00e7al\u0131\u015fan su pompalar\u0131 kullan\u0131l\u0131r [4]. Bahsi ge\u00e7en enerji kaynaklar\u0131 maliyeti ve \u00e7evreye b\u0131rakt\u0131klar\u0131 at\u0131klar sebebi ile kullan\u0131lmamal\u0131d\u0131r. Buna alternatif olarak bu projedeki sistem, \u00e7evreci olmas\u0131 ve bak\u0131m maliyetlerinin \u00e7ok d\u00fc\u015f\u00fck olmas\u0131 sebebi ile kullan\u0131labilir. Ayr\u0131ca halihaz\u0131rda kullan\u0131lan g\u00fcne\u015f enerji sistemlerinin topra\u011fa monte a\u015famas\u0131nda beton, \u00e7imento ve t\u00fcrevi kimyasal maddeler kullan\u0131lmak zorundad\u0131r. Bu kimyasal maddeler topra\u011fa a\u011f\u0131r metaller sa\u00e7ar. \u00c7imento kullan\u0131m\u0131 toprakta kadmiyum ve bak\u0131r kirlili\u011fine yol a\u00e7ar [5]. \u00d6nerilen sistemde, sistemin toprak ile temas y\u00fczeyi d\u00fc\u015f\u00fcr\u00fclerek bu kirlili\u011fin en az d\u00fczeye getirilmesi ama\u00e7lanm\u0131\u015ft\u0131r. Ayr\u0131ca \u00e7imento gibi kimyasal maddelerin kullan\u0131m\u0131n\u0131 en az d\u00fczeyde tutmak i\u00e7in sistemin kaz\u0131k \u00e7akma y\u00f6ntemi ile topra\u011fa sabitlenmesi \u00f6nerilmi\u015ftir. \u00c7o\u011funlukla kullan\u0131lan g\u00fcne\u015f santrallerinin aksine panelin iki eksenli hareketinin olmas\u0131, verimi \u00e7ok b\u00fcy\u00fck \u00f6l\u00e7\u00fcde artt\u0131rmaktad\u0131r.<\/p>\n\n\n\n<ul class=\"wp-block-list\" type=\"1\"><li><strong>Sonu\u00e7 ve \u00d6neriler<\/strong><\/li><\/ul>\n\n\n\n<p>Yap\u0131lan \u00e7al\u0131\u015fmalardan anla\u015f\u0131ld\u0131\u011f\u0131 \u00fczere tasarlanan GES (G\u00fcne\u015f enerji santrali) tasar\u0131m\u0131n\u0131n hali haz\u0131rda tarlalarda kullan\u0131lan y\u00f6ntemlere nazaran daha verimli ve \u00e7evre dostu oldu\u011fu sonucuna ula\u015f\u0131lm\u0131\u015ft\u0131r. Ayn\u0131 zamanda tasarlanan g\u00fcne\u015f panellerinin iki eksenli oldu\u011fu ve g\u00fcne\u015fi takip edebildi\u011fi i\u00e7in \u00fcretilen elektrik de maksimum d\u00fczeyde olmu\u015ftur. Kullan\u0131lmas\u0131 planlanan malzemenin metal ve kompozit t\u00fcrevlerinden olu\u015fmas\u0131, g\u00fcne\u015f \u0131\u015f\u0131\u011f\u0131n\u0131 yans\u0131taca\u011f\u0131 i\u00e7in sistemin alt\u0131ndaki bitkilerin geli\u015fimine zarar vermeyecektir.<\/p>\n\n\n\n<p>Bu projenin geli\u015fmesi halinde \u00fclkemizdeki g\u00fcne\u015f enerji potansiyeli daha verimli kullan\u0131laca\u011f\u0131 i\u00e7in enerjide d\u0131\u015fa ba\u011f\u0131ml\u0131l\u0131k azalacak ve olu\u015facak Ar-Ge ortam\u0131 sebebiyle maliyetler d\u00fc\u015fecektir. Ayr\u0131ca verilebilecek te\u015fvikler ile \u00e7ift\u00e7inin yenilenebilir enerjiye yat\u0131r\u0131m yapmas\u0131 sa\u011flanarak \u00e7ift\u00e7inin \u00fczerinden elektrik k\u00fclfeti kalkacakt\u0131r. \u00d6nerilen sistemin topraklar\u0131 minimum d\u00fczeyde kirletmesi sebebiyle b\u00f6lge se\u00e7imi konusunda esneklikler s\u00f6z konusu olabilecek ve daha \u00e7ok alana g\u00fcne\u015f enerji sistemleri kurulabilecektir.<\/p>\n\n\n\n<p>Projenin fikri m\u00fclkiyet haklar\u0131n\u0131 korumak maksad\u0131yla patent ba\u015fvuru i\u015flemlerine ba\u015flanm\u0131\u015ft\u0131r.<\/p>\n\n\n\n<p>Projenin tasar\u0131m\u0131 6769 say\u0131l\u0131 S\u0131nai M\u00fclkiyet Kanunu kapsam\u0131nda tescil edilmi\u015f olunup T\u00fcrk Patent ve Marka Kurumundaki dosya numaras\u0131: 2018 04598\u2019dir.<\/p>\n\n\n\n<p>Projenin ticari de\u011feri bak\u0131m\u0131ndan faydal\u0131 model tescil ba\u015fvurusunda bulunulmu\u015ftur. \u0130lgili dosya numaras\u0131: 2019 03340\u2019t\u0131r.<\/p>\n\n\n\n<ul class=\"wp-block-list\" type=\"1\"><li><strong>Kaynak\u00e7a<\/strong><\/li><\/ul>\n\n\n\n<ol class=\"wp-block-list\" type=\"1\"><li>YEGM, 2018, http:\/\/www.yegm.gov.tr\/yenilenebilir\/g_enj_tekno.aspx<\/li><li>Ko\u00e7, E., Kaya, K. (2015). \u201cEnerji Kaynaklar\u0131\u2013Yenilenebilir Enerji Durumu,\u201d M\u00fchendis ve Makina, cilt 56, say\u0131 668, s. 36-47<\/li><li>Atay, \u00dc., I\u015f\u0131ker, Y., Ye\u015filata, B. (2011). G\u00fcne\u015f Enerjili Damla Sulama Sistemi Arazi Performans\u0131n\u0131n Deneysel De\u011ferlendirilmesi. M\u00fchendis ve Makina. 53(634):15-20.<\/li><li>Atay, \u00dc., I\u015f\u0131ker, Y., Ye\u015filata, B., Fotovoltaik G\u00fc\u00e7 Destekli Mikro Sulama Sistemi Projesi-1: Genel Esaslar, V. Yenilenebilir Enerji Kaynaklar\u0131 Sempozyumu, Diyarbak\u0131r, 2009.<\/li><li>Impact of Soil Heavy Metal Pollution on Food Safety in China Jiangsu Provincial Key Laboratory of Geographic Information Science and Technology, International Institute for Earth System Science, Nanjing University, Nanjing, 210023, China<\/li><\/ol>\n\n\n\n<ul class=\"wp-block-list\"><li><strong>G\u00f6rseller:<\/strong><\/li><\/ul>\n\n\n\n<figure class=\"wp-block-image size-large\"><img loading=\"lazy\" decoding=\"async\" width=\"619\" height=\"304\" src=\"https:\/\/blog.metu.edu.tr\/e251993\/files\/2021\/05\/Ekran-Alintisi.png\" alt=\"\" class=\"wp-image-28\" srcset=\"https:\/\/blog.metu.edu.tr\/e251993\/files\/2021\/05\/Ekran-Alintisi.png 619w, https:\/\/blog.metu.edu.tr\/e251993\/files\/2021\/05\/Ekran-Alintisi-300x147.png 300w\" sizes=\"auto, (max-width: 619px) 100vw, 619px\" \/><\/figure>\n\n\n\n<hr class=\"wp-block-separator\" \/>\n\n\n\n<figure class=\"wp-block-image size-large\"><img loading=\"lazy\" decoding=\"async\" width=\"489\" height=\"344\" src=\"https:\/\/blog.metu.edu.tr\/e251993\/files\/2021\/05\/Ekran-Alintisi2.png\" alt=\"\" class=\"wp-image-29\" srcset=\"https:\/\/blog.metu.edu.tr\/e251993\/files\/2021\/05\/Ekran-Alintisi2.png 489w, https:\/\/blog.metu.edu.tr\/e251993\/files\/2021\/05\/Ekran-Alintisi2-300x211.png 300w\" sizes=\"auto, (max-width: 489px) 100vw, 489px\" \/><\/figure>\n\n\n\n<figure class=\"wp-block-image size-large\"><img loading=\"lazy\" decoding=\"async\" width=\"682\" height=\"346\" src=\"https:\/\/blog.metu.edu.tr\/e251993\/files\/2021\/05\/Ekran-Alintisi3.png\" alt=\"\" class=\"wp-image-30\" srcset=\"https:\/\/blog.metu.edu.tr\/e251993\/files\/2021\/05\/Ekran-Alintisi3.png 682w, https:\/\/blog.metu.edu.tr\/e251993\/files\/2021\/05\/Ekran-Alintisi3-300x152.png 300w\" sizes=\"auto, (max-width: 682px) 100vw, 682px\" \/><\/figure>\n\n\n\n<p>&#8212;&#8212;&#8212;&#8212;&#8212;&#8212;&#8212;&#8212;&#8212;&#8212;&#8212;&#8212;&#8212;&#8212;&#8212;&#8212;&#8212;&#8212;&#8212;&#8212;&#8212;&#8212;&#8212;&#8212;&#8212;&#8212;&#8212;&#8212;&#8212;&#8212;&#8212;&#8212;-<\/p>\n\n\n\n<p><\/p>\n\n\n\n<ul class=\"wp-block-list\" type=\"1\"><li><strong>The project summary:<\/strong><\/li><\/ul>\n\n\n\n<p>The most important financial challenge in agriculture is the need for electricity. In the fields, electricity is mostly used for water engines. In lands far from electricity distribution lines, the need for electricity poses a major problem for the farmer. This project aims to meet the electricity need with the innovative solar panel mounting apparatus design without damaging the field. It will occupy the agricultural land as little as possible without polluting it. The land chosen here is also important in terms of the usability of solar panels. The parameters required for functioning solar panels are: low annual rainfall, having a fog-free atmosphere, no air pollution, being far from forested and wooded areas, and low wind speed [1]. Our farmer will meet the irrigation needs with the electricity obtained from the solar panels, and will earn additional income by selling the excess electricity to distribution companies. Although the solar panels take up less space in the field thanks to the developed mounting apparatus, they will provide more energy efficiency than the systems used owing to the solar tracking feature in the dual-axis. As a result of the correct positioning of the panels, the farmer will be able to both generate electricity and grow his crops in the same field.<\/p>\n\n\n\n<ul class=\"wp-block-list\"><li><strong>Detected Problem:<\/strong><\/li><\/ul>\n\n\n\n<p>In the field of agriculture, the biggest financial expense of farmers in our country is electricity. In fact, the result of field studies has shown that our farmers are not able to farm in certain places due to this need. These are places where electricity distribution companies cannot access or where electricity costs are high. In addition, even though the soil is fertile, they are suitable for partial agriculture only during rainy periods due to the lack of electricity. Crops and barley can only be grown seasonally, as there is no electricity required to pump water in the aforementioned areas.<\/p>\n\n\n\n<ul class=\"wp-block-list\"><li><strong>Solution:<\/strong><\/li><\/ul>\n\n\n\n<p>To solve the problems mentioned above, pumps operating with petroleum derivatives are used in agricultural lands that do not have electricity or are costly to carry electricity to. These systems require constant maintenance and can only be used in places with easy access. As an alternative to these systems, renewable energy systems should be used in terms of being environmentally friendly and practical.<\/p>\n\n\n\n<p>Major renewable energy sources are: hydraulic, solar, biomass, wind, geothermal, wave and hydrogen sources [2].<\/p>\n\n\n\n<p>Among these sources, solar energy is a potential energy source for most of the agricultural lands in our country.<\/p>\n\n\n\n<p>Solar-powered water pump systems do not require permanent maintenance and can be installed in any desired location, provided that the falling sun rays are efficient. Although the initial installation costs of these types of pumps are higher than other systems used, post-installation costs are very low. Therefore, they become more economical in a short time, especially in places with high solar potential [3].<\/p>\n\n\n\n<p>Thanks to the innovative changes made in solar panels, our farmers will be able to meet the electricity costs required for irrigation systems themselves, as well as generate additional income by selling the remaining energy to electricity distribution companies.<\/p>\n\n\n\n<p>The mounting apparatus consists of three basic components: the lower mounting part in contact with the ground, the middle part that raises the solar panel, and the upper part where the solar panel will be mounted. Since these three parts are connected to each other using semi-movable materials, the system can also track the sun. The building materials used are composite and metal derivatives.<\/p>\n\n\n\n<p>The positioning of the solar panels, as can be seen in photos 1 and 2, is designed to both generate electricity and do farming in the same field. In this way, farmers will not have to separate certain parts of their land for the installation locations of solar panels while meeting their electricity needs.<\/p>\n\n\n\n<ul class=\"wp-block-list\"><li><strong>Innovative Aspect of the Project:<\/strong><\/li><\/ul>\n\n\n\n<p>In the systems currently used, water pumps operating with conventional energy sources are used in regions that require electricity for irrigation [4]. These energy resources should not be used due to the cost and the wastes they leave on the environment. Alternatively, the system in this project can be used because it is environmentally friendly and its maintenance costs are very low. In addition, concrete, cement and derivative chemicals must be used in the soil mounting phase of the current solar energy systems. These chemicals scatter heavy metals into the soil. The use of cement causes cadmium and copper pollution in the soil [5]. The proposed system aims to minimize this pollution by reducing the contact surface of the system with the soil. In addition, in order to minimize the use of chemicals such as cement, the system can be fixed to the soil by the piling method. In contrast to the frequently used solar power plants, the biaxial movement of the panel greatly increases efficiency.<\/p>\n\n\n\n<ul class=\"wp-block-list\"><li><strong>Conclusion and Suggestions<\/strong><\/li><\/ul>\n\n\n\n<p>As can be understood from the studies, the designed GES (Solar power plant) design is more efficient and environmentally friendly than the methods currently used in the fields. Furthermore, since the designed solar panels are biaxial and can follow the sun, the generated electricity is also at the maximum level. The material planned to be used consists of metal and composite derivatives and will not harm the growth of the plants under the system as it will reflect sunlight.<\/p>\n\n\n\n<p>With the development of this project, since the solar energy potential in our country will be used more efficiently, the external dependency on energy will decrease and costs will decrease due to the R&amp;D environment that will be formed. In addition, with the incentives, the farmer will be empowered to invest in renewable energy, and the electricity burden of the farmer will be removed. Due to the minimum pollution of the proposed system, there may be flexibility in the selection of the region and solar energy systems can be installed in more areas.<\/p>\n\n\n\n<p>Patent application procedures have been initiated in order to protect the intellectual property rights of the project.<\/p>\n\n\n\n<p>The design of the project has been registered under the Industrial Property Law No.6769 and the file number in the Turkish Patent and Trademark Office is 2018 04598.<\/p>\n\n\n\n<p>A utility model registration application was made in terms of the commercial value of the project. Relevant file number: 2019 03340.<\/p>\n\n\n\n<p><strong>Works Cited<\/strong><\/p>\n\n\n\n<ol class=\"wp-block-list\" type=\"1\"><li>YEGM, 2018, http:\/\/www.yegm.gov.tr\/yenilenebilir\/g_enj_tekno.aspx<\/li><li>Ko\u00e7, E., Kaya, K. (2015). \u201cEnerji Kaynaklar\u0131\u2013Yenilenebilir Enerji Durumu,\u201d M\u00fchendis ve Makina, cilt 56, say\u0131 668, s. 36-47<\/li><li>Atay, \u00dc., I\u015f\u0131ker, Y., Ye\u015filata, B. (2011). G\u00fcne\u015f Enerjili Damla Sulama Sistemi Arazi Performans\u0131n\u0131n Deneysel De\u011ferlendirilmesi. M\u00fchendis ve Makina. 53(634):15-20.<\/li><li>Atay, \u00dc., I\u015f\u0131ker, Y., Ye\u015filata, B., Fotovoltaik G\u00fc\u00e7 Destekli Mikro Sulama Sistemi Projesi-1: Genel Esaslar, V. Yenilenebilir Enerji Kaynaklar\u0131 Sempozyumu, Diyarbak\u0131r, 2009.<\/li><li>Impact of Soil Heavy Metal Pollution on Food Safety in China Jiangsu Provincial Key Laboratory of Geographic Information Science and Technology, International Institute for Earth System Science, Nanjing University, Nanjing, 210023, China<\/li><\/ol>\n\n\n\n<p><\/p>\n\n\n\n<ul class=\"wp-block-list\"><li><strong>Images:<\/strong><\/li><\/ul>\n\n\n\n<figure class=\"wp-block-image size-large\"><img loading=\"lazy\" decoding=\"async\" width=\"638\" height=\"293\" src=\"https:\/\/blog.metu.edu.tr\/e251993\/files\/2021\/05\/Ekran-Alintisi4.png\" alt=\"\" class=\"wp-image-31\" srcset=\"https:\/\/blog.metu.edu.tr\/e251993\/files\/2021\/05\/Ekran-Alintisi4.png 638w, https:\/\/blog.metu.edu.tr\/e251993\/files\/2021\/05\/Ekran-Alintisi4-300x138.png 300w\" sizes=\"auto, (max-width: 638px) 100vw, 638px\" \/><\/figure>\n\n\n\n<figure class=\"wp-block-image size-large\"><img loading=\"lazy\" decoding=\"async\" width=\"447\" height=\"335\" src=\"https:\/\/blog.metu.edu.tr\/e251993\/files\/2021\/05\/Ekran-Alintisi5.png\" alt=\"\" class=\"wp-image-32\" srcset=\"https:\/\/blog.metu.edu.tr\/e251993\/files\/2021\/05\/Ekran-Alintisi5.png 447w, https:\/\/blog.metu.edu.tr\/e251993\/files\/2021\/05\/Ekran-Alintisi5-300x225.png 300w\" sizes=\"auto, (max-width: 447px) 100vw, 447px\" \/><\/figure>\n\n\n\n<figure class=\"wp-block-image size-large\"><img loading=\"lazy\" decoding=\"async\" width=\"642\" height=\"347\" src=\"https:\/\/blog.metu.edu.tr\/e251993\/files\/2021\/05\/Ekran-Alintisi6.png\" alt=\"\" class=\"wp-image-33\" srcset=\"https:\/\/blog.metu.edu.tr\/e251993\/files\/2021\/05\/Ekran-Alintisi6.png 642w, https:\/\/blog.metu.edu.tr\/e251993\/files\/2021\/05\/Ekran-Alintisi6-300x162.png 300w\" sizes=\"auto, (max-width: 642px) 100vw, 642px\" \/><\/figure>\n\n\n\n<p><\/p>\n\n\n\n<p><\/p>\n\n\n\n<p><\/p>\n","protected":false},"excerpt":{"rendered":"<p>Proje \u00d6zeti: Tar\u0131m alan\u0131ndaki maddi zorluklardan en \u00f6nemlisi elektrik ihtiyac\u0131d\u0131r. Tarlalarda elektrik en \u00e7ok su motoru i\u00e7in harcan\u0131r. Elektrik da\u011f\u0131t\u0131m hatlar\u0131na uzak olan arazilerde ise elektrik ihtiyac\u0131 \u00e7ift\u00e7i i\u00e7in b\u00fcy\u00fck bir sorun te\u015fkil etmektedir. Yap\u0131lan projede bahsi ge\u00e7en elektrik ihtiyac\u0131n\u0131n yenilik\u00e7i g\u00fcne\u015f paneli montaj aparat\u0131 tasar\u0131m\u0131 ile tarlaya zarar vermeden ve tar\u0131m arazisini m\u00fcmk\u00fcn olan [&hellip;]<\/p>\n","protected":false},"author":7119,"featured_media":0,"parent":0,"menu_order":0,"comment_status":"closed","ping_status":"closed","template":"","meta":{"footnotes":"","_links_to":"","_links_to_target":""},"class_list":["post-7","page","type-page","status-publish","hentry"],"_links":{"self":[{"href":"https:\/\/blog.metu.edu.tr\/e251993\/wp-json\/wp\/v2\/pages\/7","targetHints":{"allow":["GET"]}}],"collection":[{"href":"https:\/\/blog.metu.edu.tr\/e251993\/wp-json\/wp\/v2\/pages"}],"about":[{"href":"https:\/\/blog.metu.edu.tr\/e251993\/wp-json\/wp\/v2\/types\/page"}],"author":[{"embeddable":true,"href":"https:\/\/blog.metu.edu.tr\/e251993\/wp-json\/wp\/v2\/users\/7119"}],"replies":[{"embeddable":true,"href":"https:\/\/blog.metu.edu.tr\/e251993\/wp-json\/wp\/v2\/comments?post=7"}],"version-history":[{"count":0,"href":"https:\/\/blog.metu.edu.tr\/e251993\/wp-json\/wp\/v2\/pages\/7\/revisions"}],"wp:attachment":[{"href":"https:\/\/blog.metu.edu.tr\/e251993\/wp-json\/wp\/v2\/media?parent=7"}],"curies":[{"name":"wp","href":"https:\/\/api.w.org\/{rel}","templated":true}]}}