{"id":38,"date":"2021-05-04T07:42:50","date_gmt":"2021-05-04T07:42:50","guid":{"rendered":"https:\/\/blog.metu.edu.tr\/e251993\/?page_id=38"},"modified":"2021-05-04T07:42:50","modified_gmt":"2021-05-04T07:42:50","slug":"dereceler","status":"publish","type":"page","link":"https:\/\/blog.metu.edu.tr\/e251993\/dereceler\/","title":{"rendered":"Dereceler"},"content":{"rendered":"<ul>\n<li>2018- Inspo Turkey: Yedek Finalist<\/li>\n<li>2018- Necmettin Erbakan Uluslararas\u0131 Proje Yar\u0131\u015fmas\u0131: Enerji Kategorisi 1.lik<\/li>\n<li>2018- Teknofest: \u0130nsanl\u0131k Yarar\u0131na Teknoloji Kategorisi Finalist<\/li>\n<li>2018- Uluda\u011f \u00dcniversitesi Ar-Ge G\u00fcnleri: Finalist<\/li>\n<li>2021- Teknofest: Tar\u0131m Teknolojileri Yar\u0131 Finalist-s\u00fcre\u00e7 devam etmekte-<\/li>\n<\/ul>\n","protected":false},"excerpt":{"rendered":"<p>2018- Inspo Turkey: Yedek Finalist 2018- Necmettin Erbakan Uluslararas\u0131 Proje Yar\u0131\u015fmas\u0131: Enerji Kategorisi 1.lik 2018- Teknofest: \u0130nsanl\u0131k Yarar\u0131na Teknoloji Kategorisi Finalist 2018- Uluda\u011f \u00dcniversitesi Ar-Ge G\u00fcnleri: Finalist 2021- Teknofest: Tar\u0131m Teknolojileri Yar\u0131 Finalist-s\u00fcre\u00e7 devam etmekte-<\/p>\n","protected":false},"author":7119,"featured_media":0,"parent":0,"menu_order":0,"comment_status":"closed","ping_status":"closed","template":"","meta":{"footnotes":"","_links_to":"","_links_to_target":""},"class_list":["post-38","page","type-page","status-publish","hentry"],"_links":{"self":[{"href":"https:\/\/blog.metu.edu.tr\/e251993\/wp-json\/wp\/v2\/pages\/38","targetHints":{"allow":["GET"]}}],"collection":[{"href":"https:\/\/blog.metu.edu.tr\/e251993\/wp-json\/wp\/v2\/pages"}],"about":[{"href":"https:\/\/blog.metu.edu.tr\/e251993\/wp-json\/wp\/v2\/types\/page"}],"author":[{"embeddable":true,"href":"https:\/\/blog.metu.edu.tr\/e251993\/wp-json\/wp\/v2\/users\/7119"}],"replies":[{"embeddable":true,"href":"https:\/\/blog.metu.edu.tr\/e251993\/wp-json\/wp\/v2\/comments?post=38"}],"version-history":[{"count":0,"href":"https:\/\/blog.metu.edu.tr\/e251993\/wp-json\/wp\/v2\/pages\/38\/revisions"}],"wp:attachment":[{"href":"https:\/\/blog.metu.edu.tr\/e251993\/wp-json\/wp\/v2\/media?parent=38"}],"curies":[{"name":"wp","href":"https:\/\/api.w.org\/{rel}","templated":true}]}}