{"id":169,"date":"2023-12-15T15:31:18","date_gmt":"2023-12-15T15:31:18","guid":{"rendered":"https:\/\/blog.metu.edu.tr\/e243543\/?page_id=169"},"modified":"2023-12-15T15:31:52","modified_gmt":"2023-12-15T15:31:52","slug":"booklet","status":"publish","type":"page","link":"https:\/\/blog.metu.edu.tr\/e243543\/booklet\/","title":{"rendered":"BOOKLET"},"content":{"rendered":"\n<div data-wp-interactive=\"core\/file\" class=\"wp-block-file\"><object data-wp-bind--hidden=\"!state.hasPdfPreview\" hidden class=\"wp-block-file__embed\" data=\"https:\/\/blog.metu.edu.tr\/e243543\/files\/2023\/12\/bl4.pdf\" type=\"application\/pdf\" style=\"width:100%;height:600px\" aria-label=\"bl4 g\u00f6m\u00fcs\u00fc.\"><\/object><a id=\"wp-block-file--media-2854f76c-ae0d-4a7e-8c65-49663ae95063\" href=\"https:\/\/blog.metu.edu.tr\/e243543\/files\/2023\/12\/bl4.pdf\">bl4<\/a><a href=\"https:\/\/blog.metu.edu.tr\/e243543\/files\/2023\/12\/bl4.pdf\" class=\"wp-block-file__button wp-element-button\" download aria-describedby=\"wp-block-file--media-2854f76c-ae0d-4a7e-8c65-49663ae95063\">\u0130ndir<\/a><\/div>\n","protected":false},"excerpt":{"rendered":"","protected":false},"author":8588,"featured_media":0,"parent":0,"menu_order":0,"comment_status":"closed","ping_status":"closed","template":"","meta":{"footnotes":"","_links_to":"","_links_to_target":""},"class_list":["post-169","page","type-page","status-publish","hentry"],"_links":{"self":[{"href":"https:\/\/blog.metu.edu.tr\/e243543\/wp-json\/wp\/v2\/pages\/169","targetHints":{"allow":["GET"]}}],"collection":[{"href":"https:\/\/blog.metu.edu.tr\/e243543\/wp-json\/wp\/v2\/pages"}],"about":[{"href":"https:\/\/blog.metu.edu.tr\/e243543\/wp-json\/wp\/v2\/types\/page"}],"author":[{"embeddable":true,"href":"https:\/\/blog.metu.edu.tr\/e243543\/wp-json\/wp\/v2\/users\/8588"}],"replies":[{"embeddable":true,"href":"https:\/\/blog.metu.edu.tr\/e243543\/wp-json\/wp\/v2\/comments?post=169"}],"version-history":[{"count":0,"href":"https:\/\/blog.metu.edu.tr\/e243543\/wp-json\/wp\/v2\/pages\/169\/revisions"}],"wp:attachment":[{"href":"https:\/\/blog.metu.edu.tr\/e243543\/wp-json\/wp\/v2\/media?parent=169"}],"curies":[{"name":"wp","href":"https:\/\/api.w.org\/{rel}","templated":true}]}}