{"id":150,"date":"2023-12-15T15:07:26","date_gmt":"2023-12-15T15:07:26","guid":{"rendered":"https:\/\/blog.metu.edu.tr\/e243543\/?page_id=150"},"modified":"2023-12-15T15:08:08","modified_gmt":"2023-12-15T15:08:08","slug":"about-me","status":"publish","type":"page","link":"https:\/\/blog.metu.edu.tr\/e243543\/about-me\/","title":{"rendered":"ABOUT ME"},"content":{"rendered":"\n<figure class=\"wp-block-image size-full\"><img loading=\"lazy\" decoding=\"async\" width=\"531\" height=\"667\" src=\"https:\/\/blog.metu.edu.tr\/e243543\/files\/2023\/12\/7e1b8027-da63-4c7d-b36b-dc447e3c65ad-2.jpg\" alt=\"\" class=\"wp-image-151\" srcset=\"https:\/\/blog.metu.edu.tr\/e243543\/files\/2023\/12\/7e1b8027-da63-4c7d-b36b-dc447e3c65ad-2.jpg 531w, https:\/\/blog.metu.edu.tr\/e243543\/files\/2023\/12\/7e1b8027-da63-4c7d-b36b-dc447e3c65ad-2-239x300.jpg 239w\" sizes=\"auto, (max-width: 531px) 100vw, 531px\" \/><\/figure>\n\n\n<p>Hi everyone, I am M\u00fcberra \u015eevval K\u0131d\u0131k and I am student at Middle East Technical University and my department is computer education and instructional technology.If you have any question you can contact by e-mail.<br \/>sevval.kidik@metu.edu.tr<\/p>","protected":false},"excerpt":{"rendered":"<p>Hi everyone, I am M\u00fcberra \u015eevval K\u0131d\u0131k and I am student at Middle East Technical University and my department is computer education and instructional technology.If you have any question you can contact by e-mail.sevval.kidik@metu.edu.tr<\/p>\n","protected":false},"author":8588,"featured_media":0,"parent":0,"menu_order":0,"comment_status":"closed","ping_status":"closed","template":"","meta":{"footnotes":"","_links_to":"","_links_to_target":""},"class_list":["post-150","page","type-page","status-publish","hentry"],"_links":{"self":[{"href":"https:\/\/blog.metu.edu.tr\/e243543\/wp-json\/wp\/v2\/pages\/150","targetHints":{"allow":["GET"]}}],"collection":[{"href":"https:\/\/blog.metu.edu.tr\/e243543\/wp-json\/wp\/v2\/pages"}],"about":[{"href":"https:\/\/blog.metu.edu.tr\/e243543\/wp-json\/wp\/v2\/types\/page"}],"author":[{"embeddable":true,"href":"https:\/\/blog.metu.edu.tr\/e243543\/wp-json\/wp\/v2\/users\/8588"}],"replies":[{"embeddable":true,"href":"https:\/\/blog.metu.edu.tr\/e243543\/wp-json\/wp\/v2\/comments?post=150"}],"version-history":[{"count":0,"href":"https:\/\/blog.metu.edu.tr\/e243543\/wp-json\/wp\/v2\/pages\/150\/revisions"}],"wp:attachment":[{"href":"https:\/\/blog.metu.edu.tr\/e243543\/wp-json\/wp\/v2\/media?parent=150"}],"curies":[{"name":"wp","href":"https:\/\/api.w.org\/{rel}","templated":true}]}}