{"id":34,"date":"2020-08-04T17:07:00","date_gmt":"2020-08-04T17:07:00","guid":{"rendered":"http:\/\/blog.metu.edu.tr\/e230491\/?page_id=34"},"modified":"2020-08-04T17:27:04","modified_gmt":"2020-08-04T17:27:04","slug":"homepage","status":"publish","type":"page","link":"https:\/\/blog.metu.edu.tr\/e230491\/","title":{"rendered":"Ana Sayfa"},"content":{"rendered":"<ul class=\"wp-block-latest-posts__list has-dates wp-block-latest-posts\"><li><a class=\"wp-block-latest-posts__post-title\" href=\"https:\/\/blog.metu.edu.tr\/e230491\/2020\/08\/04\/ozlu-sozler\/\">\u00d6ZL\u00dc S\u00d6ZLER<\/a><time datetime=\"2020-08-04T16:34:00+00:00\" class=\"wp-block-latest-posts__post-date\">August 4, 2020<\/time><div class=\"wp-block-latest-posts__post-excerpt\">deneme yaz\u0131s\u0131 bu birdir. gereksiz \u015feyler ggg evet bu b\u00f6yle bir \u015feydir. haha i\u015fte ben b\u00f6yle yapar\u0131m<\/div><\/li>\n<li><a class=\"wp-block-latest-posts__post-title\" href=\"https:\/\/blog.metu.edu.tr\/e230491\/2020\/05\/19\/hello-world\/\">Hello world!<\/a><time datetime=\"2020-05-19T13:33:17+00:00\" class=\"wp-block-latest-posts__post-date\">May 19, 2020<\/time><div class=\"wp-block-latest-posts__post-excerpt\">Welcome to METU Blog Service. This is your first post. Edit or delete it, then start blogging!<\/div><\/li>\n<\/ul>\n\n\n<figure class=\"wp-block-audio\"><audio controls=\"\" src=\"https:\/\/blog.metu.edu.tr\/e230491\/files\/2020\/08\/hos\u0327geldiniz.mp3\" autoplay=\"1\" preload=\"metadata\"><\/audio><\/figure>\n","protected":false},"excerpt":{"rendered":"","protected":false},"author":7051,"featured_media":0,"parent":0,"menu_order":0,"comment_status":"closed","ping_status":"closed","template":"","meta":{"footnotes":"","_links_to":"","_links_to_target":""},"class_list":["post-34","page","type-page","status-publish","hentry"],"_links":{"self":[{"href":"https:\/\/blog.metu.edu.tr\/e230491\/wp-json\/wp\/v2\/pages\/34","targetHints":{"allow":["GET"]}}],"collection":[{"href":"https:\/\/blog.metu.edu.tr\/e230491\/wp-json\/wp\/v2\/pages"}],"about":[{"href":"https:\/\/blog.metu.edu.tr\/e230491\/wp-json\/wp\/v2\/types\/page"}],"author":[{"embeddable":true,"href":"https:\/\/blog.metu.edu.tr\/e230491\/wp-json\/wp\/v2\/users\/7051"}],"replies":[{"embeddable":true,"href":"https:\/\/blog.metu.edu.tr\/e230491\/wp-json\/wp\/v2\/comments?post=34"}],"version-history":[{"count":0,"href":"https:\/\/blog.metu.edu.tr\/e230491\/wp-json\/wp\/v2\/pages\/34\/revisions"}],"wp:attachment":[{"href":"https:\/\/blog.metu.edu.tr\/e230491\/wp-json\/wp\/v2\/media?parent=34"}],"curies":[{"name":"wp","href":"https:\/\/api.w.org\/{rel}","templated":true}]}}