{"id":34,"date":"2023-03-22T17:19:53","date_gmt":"2023-03-22T14:19:53","guid":{"rendered":"https:\/\/blog.metu.edu.tr\/e222792\/?page_id=34"},"modified":"2025-10-20T16:10:55","modified_gmt":"2025-10-20T13:10:55","slug":"cv","status":"publish","type":"page","link":"https:\/\/blog.metu.edu.tr\/e222792\/cv\/","title":{"rendered":"CV"},"content":{"rendered":"\n<p><strong>Personal Information<\/strong><\/p>\n\n\n\n<p>Atasev Do\u011fukan Ta\u015fba\u015f\u0131<\/p>\n\n\n\n<p>e-mail: atasevt@metu.edu.tr<\/p>\n\n\n\n<p>phone: +90 (312) 210 2412<\/p>\n\n\n\n<p><\/p>\n\n\n\n<p><strong>Education Information<\/strong><\/p>\n\n\n\n<ul class=\"wp-block-list\">\n<li><strong>Bal\u0131kesir-Ayval\u0131k Anatolian High School<\/strong> <strong>(2012 &#8211; 2013)<\/strong><\/li>\n<\/ul>\n\n\n\n<p>Average Grade at the end of First Year: 90.16\/100<\/p>\n\n\n\n<ul class=\"wp-block-list\">\n<li><strong>Ankara-S\u00fcleyman Demirel Anatolian High School<\/strong> <strong>(2013 &#8211; 2016)<\/strong><\/li>\n<\/ul>\n\n\n\n<p>Average Grade at the end of Fourth Year&nbsp; : 92.24\/100<\/p>\n\n\n\n<ul class=\"wp-block-list\">\n<li><strong>Middle East Technical University<\/strong> <strong>(2016 &#8211; )<\/strong><\/li>\n<\/ul>\n\n\n\n<p>&#8211; Bachelor\u2019s Degree (B.Sc.) (2016-2021):<\/p>\n\n\n\n<p>(EPE) English Proficiency Exam Grade: 78.5\/100 in 2017<\/p>\n\n\n\n<p>CGPA: 3.74\/4.00 (High Honor)<\/p>\n\n\n\n<p>&#8211; Master\u2019s Degree (M.Sc.) (2021-2024):<\/p>\n\n\n\n<p>Advisor: Assoc. Prof. Dr. Nejan HUVAJ SARIHAN<\/p>\n\n\n\n<p>Thesis Title: Preliminary Geotechnical Design of Offshore Wind Turbine Monopiles in T\u00fcrkiye using FEM<\/p>\n\n\n\n<p>(EPE) English Proficiency Exam Grade: 73.5\/100 in 2021<\/p>\n\n\n\n<p>CGPA: 3.64\/4.00<\/p>\n\n\n\n<p>&#8211; Doctor of Philosophy (Ph.D.) (2024- ) <\/p>\n\n\n\n<p>Advisor: Prof. Dr. Kemal \u00d6nder \u00c7etin<\/p>\n\n\n\n<p>CGPA: 4.00\/4.00 (Currently in 3rd semester)<\/p>\n\n\n\n<p><strong>Work Experience<\/strong><\/p>\n\n\n\n<ul class=\"wp-block-list\">\n<li><strong>Renaissance Construction (REC International, June 2019 &#8211; July 2019)<\/strong><\/li>\n<\/ul>\n\n\n\n<p>Summer intern at the construction of Supreme Court in \u0130ncek\/Ankara<\/p>\n\n\n\n<ul class=\"wp-block-list\">\n<li><strong>Promer Consultancy Engineering Inc. (July 2020 &#8211; August 2020)<\/strong><\/li>\n<\/ul>\n\n\n\n<p>Summer Intern: Technical Office (Steel Design)<\/p>\n\n\n\n<ul class=\"wp-block-list\">\n<li><strong>METU CE STAR (February 2020 \u2013 March 2021)<\/strong><\/li>\n<\/ul>\n\n\n\n<p>Undergraduate researcher about scaling ground motion records and its effects on the structural buildings<\/p>\n\n\n\n<ul class=\"wp-block-list\">\n<li><strong>TOKER Drilling and Construction Engineering Consulting Co. (April 2022 &#8211; April 2023)<\/strong><\/li>\n<\/ul>\n\n\n\n<p>Geotechnical Design Engineer<\/p>\n\n\n\n<p>Projects:<\/p>\n\n\n\n<p>TP-OTC \u2013 Filyos Natural Gas Stream: <\/p>\n\n\n\n<ul class=\"wp-block-list\">\n<li>Settlement evaluation reports for individual structures<\/li>\n\n\n\n<li>Pile Load Test Reports (vertical &amp; lateral)<\/li>\n\n\n\n<li>Geotechnical notes for soil improvement (soil replacement\/CFA) under individual structures and pipe supports<\/li>\n<\/ul>\n\n\n\n<p>MR Grup \u2013 N\u00fcfus ve Vatanda\u015fl\u0131k \u0130\u015fleri (NV\u0130) Archive Building Geotechnical Evaluation and Shoring Report and Application Project:<\/p>\n\n\n\n<ul class=\"wp-block-list\">\n<li>Geotechnical Investigation Report<\/li>\n\n\n\n<li>Shoring Report<\/li>\n\n\n\n<li>Pile Integrity Report<\/li>\n<\/ul>\n\n\n\n<ul class=\"wp-block-list\">\n<li><strong>Research Project Assistant at Middle East Technical University (March 2023 \u2013 August 2023)<\/strong><\/li>\n<\/ul>\n\n\n\n<p>Floating Hybrid Renewable Energy Systems for Turkey (TUB\u0130TAK Project No: 120N973):<\/p>\n\n\n\n<ul class=\"wp-block-list\">\n<li>Work Package 2 (WP2): Analysis of seabed foundations \/ anchoring systems<\/li>\n\n\n\n<li>Work Package 3 (WP3): Probabilistic design and optimization of foundations \/ anchoring alternatives<\/li>\n<\/ul>\n\n\n\n<ul class=\"wp-block-list\">\n<li><strong>Scientific Project Specialist at Middle East Technical University (April 2023 &#8211; August 2025)<\/strong><\/li>\n<\/ul>\n\n\n\n<p>TE\u0130A\u015e Do\u011fa Olaylar\u0131na Kar\u015f\u0131 Risk Projesi: <\/p>\n\n\n\n<p>Civil geotechnical engineering, foundation design, slope stability, preparation of maps, project reports and academic publications   <\/p>\n\n\n\n<ul class=\"wp-block-list\">\n<li><strong>Teaching Assistant at Tufts University (August 2023 &#8211; December 2023)<\/strong><\/li>\n<\/ul>\n\n\n\n<p>ES-8 Fluid Mechanics<\/p>\n\n\n\n<p>Advisor: Prof. Dr. Robert Viesca<\/p>\n\n\n\n<ul class=\"wp-block-list\">\n<li><strong>Research &amp; Teaching Assistant at Middle East Technical University<\/strong> <strong>(January 2024 &#8211; )<\/strong><\/li>\n<\/ul>\n\n\n\n<p>Geotechnical Engineering<\/p>\n\n\n\n<p><\/p>\n\n\n\n<p><strong>Exam Records<\/strong><\/p>\n\n\n\n<p><strong>1) ALES (Akademik Personel ve Lisans\u00fcst\u00fc E\u011fitimi Giri\u015f S\u0131nav\u0131)<\/strong><\/p>\n\n\n\n<p>Grade: 92.33645\/100 (599<sup>th<\/sup>, out of 139 469 applicants 2022\/3)<\/p>\n\n\n\n<p><strong>2) YDS (Yabanc\u0131 Dil S\u0131nav\u0131):<\/strong><\/p>\n\n\n\n<p>Grade: 87.5\/100 (B)<\/p>\n\n\n\n<p><strong>3) Y\u00d6KD\u0130L (Y\u00fcksek \u00d6\u011fretim Kurumlar\u0131 Yabanc\u0131 Dil S\u0131nav\u0131)<\/strong><\/p>\n\n\n\n<p>Grade: 92.5\/100<strong><\/strong><\/p>\n\n\n\n<p><strong>4) IELTS Academic<\/strong><\/p>\n\n\n\n<p>Overall Grade: 6.5 (B2)<\/p>\n\n\n\n<p><strong>5) GRE (Graduate Record Examination)<\/strong><\/p>\n\n\n\n<p>Verbal Reasoning: 137\/170<\/p>\n\n\n\n<p>Quantitative Reasoning: 162\/170<\/p>\n\n\n\n<p><strong>Skills<\/strong><\/p>\n\n\n\n<ul class=\"wp-block-list\">\n<li>Geotechnical engineering, offshore wind energy, academic research, project reading, report writing, presentation, literature review, collaborating, planning, time management, organizing and managing the construction site, teamwork, following health and safety rules. <\/li>\n<\/ul>\n\n\n\n<ul class=\"wp-block-list\">\n<li>Softwares\/Programs:\n<ul class=\"wp-block-list\">\n<li>High Skills: MS Office Programs, AutoCAD, MATLAB, MathCAD, Plaxis 2D, Plaxis 3D, Plaxis Monopile Designer, openFAST, DEEPSOIL<\/li>\n\n\n\n<li>Low Skills: Python, QGIS, sap2000, Mathematica, SLOPE\/W<\/li>\n<\/ul>\n<\/li>\n<\/ul>\n\n\n\n<ul class=\"wp-block-list\">\n<li>Languages: <strong><\/strong><\/li>\n<\/ul>\n\n\n\n<p>Turkish: Native<\/p>\n\n\n\n<p>English: Professional<\/p>\n\n\n\n<p>German: Beginner <strong><\/strong><\/p>\n\n\n\n<p><strong>Events\/Seminars<\/strong><\/p>\n\n\n\n<ul class=\"wp-block-list\">\n<li>GDG \u2013 Offshore Wind Foundations<\/li>\n\n\n\n<li>Afet Ara\u015ft\u0131rmalar\u0131 Derne\u011fi \u2013 Co\u011frafi Bilgi Sistemleri<strong><\/strong><\/li>\n\n\n\n<li>D\u00dcRED Offshore Wind Energy Training<\/li>\n\n\n\n<li>T.C. \u0130\u00e7i\u015fleri Bakanl\u0131\u011f\u0131 AFAD Hafif Arama ve Kurtarma E\u011fitimi<strong><\/strong><\/li>\n\n\n\n<li>AGERP \u2013 Foundation Design<strong><\/strong><\/li>\n\n\n\n<li>D\u00dcRED\/UWEA \u2013 Marine Spatial Planning and Offshore Wind Development<strong><\/strong><\/li>\n\n\n\n<li>Institute of Geotechnics TU Darmstadt \u2013 Investigation of the Monopile Installation and Its Effect on the Lateral Response<strong><\/strong><\/li>\n\n\n\n<li>Energy Geotechnics \u2013 Geotechnics for Low Carbon Offshore Wind Energy Production<strong><\/strong><\/li>\n\n\n\n<li>NAWEA\/WindTech \u2013 Offshore Wind Panel <strong><\/strong><\/li>\n\n\n\n<li>DNV \u2013 Floating PV Solar Structures<strong><\/strong><\/li>\n\n\n\n<li>Dokuz Eyl\u00fcl University SUMER &#8211; A\u00e7\u0131k Deniz R\u00fczgar T\u00fcrbinleri<strong><\/strong><\/li>\n\n\n\n<li>IRENA &#8211; Accelerating Offshore Wind and Floating Solar PV in Small Island Developing States<strong><\/strong><\/li>\n\n\n\n<li>Zemin Mekani\u011fi ve Geoteknik M\u00fchendisli\u011fi\u201918 (September 28-30, 2022, Kayseri\/T\u00fcrkiye)<\/li>\n\n\n\n<li>ECSMGE 24 XVIII European Conference on Soil Mechanics and Geotechnical Engineering (August 26-30, 2024, Lisboa\/Portugal)<\/li>\n\n\n\n<li>Zemin Mekani\u011fi ve Geoteknik M\u00fchendisli\u011fi\u201919 (October 16-18, 2024 Ankara\/T\u00fcrkiye)<\/li>\n\n\n\n<li>T\u00fcrk Deprem M\u00fchendisli\u011fi Konferans\u0131&#8217;10 (October 8-10, 2025, Istanbul\/T\u00fcrkiye)<\/li>\n<\/ul>\n\n\n\n<p><\/p>\n\n\n\n<p><strong>Other Information\/Interests<\/strong><\/p>\n\n\n\n<ul class=\"wp-block-list\">\n<li>Old professional chess player (Fourth Ranking in Ayval\u0131k\/Bal\u0131kesir in 2013)<\/li>\n\n\n\n<li>Table tennis, chess, hiking, cycling<\/li>\n\n\n\n<li>Driving License: Class M, A1, A2, B1, B, F<\/li>\n<\/ul>\n\n\n\n<p><\/p>\n\n\n\n<p><strong>Reference(s)<\/strong><\/p>\n\n\n\n<figure class=\"wp-block-table\"><table><tbody><tr><td>Prof. Dr. Kemal \u00d6nder \u00c7ET\u0130N<\/td><td>+90 (312) 210 2418<\/td><td>ocetin@metu.edu.tr<\/td><\/tr><tr><td>Assoc. Prof. Dr. Nejan HUVAJ SARIHAN<\/td><td>+90 (312) 210 5489<\/td><td>nejan@metu.edu.tr<\/td><\/tr><tr><td>Assoc. Prof. Dr. Nabi Kartal TOKER<\/td><td>+90 (312) 210 5488<\/td><td>toker@metu.edu.tr<\/td><\/tr><\/tbody><\/table><\/figure>\n\n\n\n<p><\/p>\n\n\n\n<p><\/p>\n\n\n\n<p><\/p>\n\n\n\n<p><\/p>\n","protected":false},"excerpt":{"rendered":"<p>Personal Information Atasev Do\u011fukan Ta\u015fba\u015f\u0131 e-mail: atasevt@metu.edu.tr phone: +90 (312) 210 2412 Education Information Average Grade at the end of First Year: 90.16\/100 Average Grade at the end of Fourth Year&nbsp; : 92.24\/100 &#8211; Bachelor\u2019s Degree (B.Sc.) (2016-2021): (EPE) English Proficiency Exam Grade: 78.5\/100 in 2017 CGPA: 3.74\/4.00 (High Honor) &#8211; Master\u2019s Degree (M.Sc.) (2021-2024): [&hellip;]<\/p>\n","protected":false},"author":8302,"featured_media":0,"parent":0,"menu_order":0,"comment_status":"closed","ping_status":"closed","template":"","meta":{"footnotes":"","_links_to":"","_links_to_target":""},"class_list":["post-34","page","type-page","status-publish","hentry"],"_links":{"self":[{"href":"https:\/\/blog.metu.edu.tr\/e222792\/wp-json\/wp\/v2\/pages\/34","targetHints":{"allow":["GET"]}}],"collection":[{"href":"https:\/\/blog.metu.edu.tr\/e222792\/wp-json\/wp\/v2\/pages"}],"about":[{"href":"https:\/\/blog.metu.edu.tr\/e222792\/wp-json\/wp\/v2\/types\/page"}],"author":[{"embeddable":true,"href":"https:\/\/blog.metu.edu.tr\/e222792\/wp-json\/wp\/v2\/users\/8302"}],"replies":[{"embeddable":true,"href":"https:\/\/blog.metu.edu.tr\/e222792\/wp-json\/wp\/v2\/comments?post=34"}],"version-history":[{"count":0,"href":"https:\/\/blog.metu.edu.tr\/e222792\/wp-json\/wp\/v2\/pages\/34\/revisions"}],"wp:attachment":[{"href":"https:\/\/blog.metu.edu.tr\/e222792\/wp-json\/wp\/v2\/media?parent=34"}],"curies":[{"name":"wp","href":"https:\/\/api.w.org\/{rel}","templated":true}]}}