{"id":12,"date":"2019-07-20T14:41:27","date_gmt":"2019-07-20T14:41:27","guid":{"rendered":"http:\/\/blog.metu.edu.tr\/e217464\/?page_id=12"},"modified":"2025-04-10T21:28:20","modified_gmt":"2025-04-10T21:28:20","slug":"cv","status":"publish","type":"page","link":"https:\/\/blog.metu.edu.tr\/e217464\/cv\/","title":{"rendered":"CV"},"content":{"rendered":"<h2 style=\"text-align: center\">Yelaman Baidol<\/h2>\n<p style=\"text-align: center\">Middle East Technical University, Department of Civil Engineering, Ankara TR-06800, TURKEY<\/p>\n<hr \/>\n<h4>Contact Information:<\/h4>\n<ul>\n<li style=\"text-align: justify\">Email:\u00a0 \u00a0 \u00a0 <a href=\"https:\/\/blog.metu.edu.tr\/e217464\/contact\/\" target=\"_blank\" rel=\"noopener\">yelaman.baidol@metu.edu.tr<\/a><\/li>\n<li><a href=\"https:\/\/www.linkedin.com\/in\/yelaman-baidol\/\" target=\"_blank\" rel=\"noopener\">Linkedin<\/a><\/li>\n<li><a href=\"https:\/\/orcid.org\/0000-0001-9917-8113\" target=\"_blank\" rel=\"noopener\">ORCID<\/a> : https:\/\/orcid.org\/0000-0001-9917-8113<\/li>\n<\/ul>\n<hr \/>\n<h4 style=\"text-align: justify\">Education:<\/h4>\n<p style=\"padding-left: 60px\"><strong>Middle East Technical University<\/strong>, Ankara, Turkey<br \/><strong>Department of Civil Engineering<\/strong><\/p>\n<p style=\"padding-left: 90px\">\u2212 Master of Science (M.S.) in Civil Engineering (CGPA: 4.00\/4.00)<br \/>\u00a0 \u00a0Conducting thesis research on a topic related to Unsaturated Soils<br \/>\u00a0 \u00a0Supervisor: Assoc. Prof. Nabi Kartal Toker.\u00a0<\/p>\n<p style=\"padding-left: 60px\"><strong>Middle East Technical University<\/strong>, Ankara, Turkey<br \/><strong>Department of Civil Engineering<\/strong><\/p>\n<p style=\"padding-left: 90px\">\u2212 Bachelor of Science (B.S.) in Civil Engineering (CGPA: 3.87\/4.00)<br \/>\u00a0 \u00a0<a href=\"https:\/\/ce.metu.edu.tr\/en\/top-ranking-students\" target=\"_blank\" rel=\"noopener\">High Honor<\/a> Student<\/p>\n<p style=\"padding-left: 60px\"><strong>Mongolian University of Science and Technology<\/strong>, Ulaanbaatar, Mongolia<br \/><strong>School of Civil Engineering and Architecture<\/strong><\/p>\n<p style=\"padding-left: 90px\">\u2212 Bachelor of Science (B.S.) in Civil Engineering (CGPA: 3.99\/4.00)<br \/>\u00a0 \u00a0High Honor Student (changed university after first year)<\/p>\n<hr \/>\n<h4>Experience:<\/h4>\n<ul>\n<li style=\"list-style-type: none\">\n<ul>\n<li><strong>Asgat Kent LLC, Bayan-Ulgii, Mongolia<\/strong><br \/>Civil Engineer (Bridge Engineer) (hybrid work)<br \/>Aug 2020 \u2013 Present<\/li>\n<li><strong>Middle East Technical University, Ankara, Turkey<\/strong><br \/>METU Civil Engineering Geotechnics Division <br \/><em>Volunteer Teaching Assistant in the Soil Mechanics Lab<\/em><br \/><em>Dec 2024 \u2013 Jan 2025<\/em><\/li>\n<li><strong>AI2LAB Middle East Technical University, Ankara, Turkey<\/strong><br \/><em>Graduate Student Researcher<\/em><br \/><em>May 2022 \u2013 Oct 2022<\/em><\/li>\n<li><strong>Middle East Technical University, Ankara, Turkey<\/strong><br \/><em>Undergraduate Student Researcher<\/em><br \/><em>Jun 2019 \u2013 Jul 2020<\/em><\/li>\n<li><strong>Middle East Technical University, Ankara, Turkey<\/strong><br \/>METU Civil Engineering Geotechnics Division <br \/><em>Geomechanics and Technology Research Group Member <\/em><br \/><em>Jun 2019 \u2013 Jul 2020<\/em><\/li>\n<li><strong>Niigata University &amp; Fukushima University, Japan<\/strong><br \/>Global Disaster Risk Reduction and Recovery Program<br \/><em>Glocal Age 2020 Student Exchange Program Participant<\/em><br \/><em>Aug 2019 \u2013 Sept 2019<\/em><\/li>\n<li><strong>Shell &amp; Turcas Petrol A.\u015e., Istanbul, Turkey<\/strong><br \/><em>Internship Trainee<\/em><br \/><em>Jun 2019 \u2013 Jul 2019<\/em><\/li>\n<li><strong>\u00d6z MHF Insaat, Ankara, Turkey<\/strong><br \/><em>Internship Trainee<\/em><br \/><em>Aug 2018 \u2013 Sept 2018<\/em><\/li>\n<\/ul>\n<\/li>\n<\/ul>\n<hr \/>\n<h4>Languages and Skills:<\/h4>\n<p style=\"padding-left: 40px\"><strong>Languages:<\/strong><\/p>\n<ul>\n<li style=\"list-style-type: none\">\n<ul>\n<li>Kazakh (Native)<\/li>\n<li>English (Advanced)<\/li>\n<li>Turkish (Advanced)<\/li>\n<li>Mongolian (Advanced)<\/li>\n<li>Russian (Elementary)<\/li>\n<\/ul>\n<\/li>\n<\/ul>\n<p style=\"padding-left: 40px\"><strong>Computer Skills:<\/strong><\/p>\n<ul>\n<li style=\"list-style-type: none\">\n<ul>\n<li>MATLAB<\/li>\n<li>Python<\/li>\n<li>AutoCAD<\/li>\n<li>Mathcad<\/li>\n<li>Microsoft Office<\/li>\n<\/ul>\n<\/li>\n<\/ul>\n<ul>\n<li style=\"list-style-type: none\">\u00a0<\/li>\n<\/ul>\n<hr \/>\n<h4>Awards &amp; Honors:<\/h4>\n<ul>\n<li style=\"list-style-type: none\">\n<ul>\n<li>Gold, Silver &amp; Bronze Medalist at National Olympiad in Mathematics and IQ, Bayan-Ulgii, Mongolia, in Secondary and High School years<br \/>(organized by Ministry of Education, Culture, Science and Sports, Mongolia)<\/li>\n<li>Bronze medalist in the First Asia-Pacific Mathematics Olympiad for University Students, Ulaanbaatar, Mongolia, 2015<\/li>\n<li>METU Full Tuition Exemption Merit-Based Scholarship for International Undergraduate Students, 2017 \u2013 2020<br \/>(Awarded only to top 10% international students registered in an undergraduate program and who have a CGPA of 3.50\/4.00 or higher)<\/li>\n<li>High Honor Student, Middle East Technical University, Fall 2016 \u2013 Spring 2020<\/li>\n<li>Japan Government, The Ministry of Education, Culture, Sports, Science and Technology (MEXT) Scholarship, 2019<\/li>\n<\/ul>\n<\/li>\n<\/ul>\n<hr \/>\n<h4>Publication:<\/h4>\n<ul>\n<li style=\"list-style-type: none\">\n<ul>\n<li>\u00c7ok\u00e7a, E., &amp; Baidol, Y., (2023). <em>Modeling the contaminant migration in soils with matlab <\/em>. V. International Turkic World Congress on Science and Engineering (pp.1-16). Bishkek, Kyrgyzstan<\/li>\n<li>Huvaj, N., Caceo\u011flu, E., &amp; Baidol, Y., (2019). <em>DEN\u0130Z \u00dcST\u00dc R\u00dcZGAR T\u00dcRB\u0130NLER\u0130: TEMEL T\u0130P\u0130 SE\u00c7\u0130M\u0130 VE DEN\u0130Z TABANI ZEM\u0130N ARA\u015eTIRMALARI<\/em> . 5. \u0130zmir R\u00fczg\u00e2r Sempozyumu (pp.1). \u0130zmir, Turkey<\/li>\n<\/ul>\n<\/li>\n<\/ul>\n\n\n<p><\/p>\n","protected":false},"excerpt":{"rendered":"<p>Yelaman Baidol Middle East Technical University, Department of Civil Engineering, Ankara TR-06800, TURKEY Contact Information: Email:\u00a0 \u00a0 \u00a0 yelaman.baidol@metu.edu.tr Linkedin ORCID : https:\/\/orcid.org\/0000-0001-9917-8113 Education: Middle East Technical University, Ankara, TurkeyDepartment of Civil Engineering \u2212 Master of Science (M.S.) in Civil Engineering (CGPA: 4.00\/4.00)\u00a0 \u00a0Conducting thesis research on a topic related to Unsaturated Soils\u00a0 \u00a0Supervisor: Assoc. [&hellip;]<\/p>\n","protected":false},"author":6533,"featured_media":0,"parent":0,"menu_order":0,"comment_status":"closed","ping_status":"closed","template":"","meta":{"footnotes":"","_links_to":"","_links_to_target":""},"class_list":["post-12","page","type-page","status-publish","hentry"],"_links":{"self":[{"href":"https:\/\/blog.metu.edu.tr\/e217464\/wp-json\/wp\/v2\/pages\/12","targetHints":{"allow":["GET"]}}],"collection":[{"href":"https:\/\/blog.metu.edu.tr\/e217464\/wp-json\/wp\/v2\/pages"}],"about":[{"href":"https:\/\/blog.metu.edu.tr\/e217464\/wp-json\/wp\/v2\/types\/page"}],"author":[{"embeddable":true,"href":"https:\/\/blog.metu.edu.tr\/e217464\/wp-json\/wp\/v2\/users\/6533"}],"replies":[{"embeddable":true,"href":"https:\/\/blog.metu.edu.tr\/e217464\/wp-json\/wp\/v2\/comments?post=12"}],"version-history":[{"count":0,"href":"https:\/\/blog.metu.edu.tr\/e217464\/wp-json\/wp\/v2\/pages\/12\/revisions"}],"wp:attachment":[{"href":"https:\/\/blog.metu.edu.tr\/e217464\/wp-json\/wp\/v2\/media?parent=12"}],"curies":[{"name":"wp","href":"https:\/\/api.w.org\/{rel}","templated":true}]}}