{"id":12,"date":"2025-10-31T13:56:43","date_gmt":"2025-10-31T13:56:43","guid":{"rendered":"https:\/\/blog.metu.edu.tr\/e189920\/?page_id=12"},"modified":"2025-10-31T13:56:43","modified_gmt":"2025-10-31T13:56:43","slug":"licenses-certifications","status":"publish","type":"page","link":"https:\/\/blog.metu.edu.tr\/e189920\/licenses-certifications\/","title":{"rendered":"Licenses &amp; Certifications"},"content":{"rendered":"<p><strong>Master Teaching Certificate (Usta \u00d6\u011freticilik)<br \/>\n<\/strong><em>T\u00fcrkiye Cumhuriyeti Mill\u00ee E\u011fitim Bakanl\u0131\u011f\u0131<br \/>\n<\/em>Issued Dec 2022<br \/>\nCredential ID 22491520220001241781<\/p>\n<p><strong>Arduino: Make an IoT environment monitor by Dr. Peter Dalmaris<br \/>\n<\/strong><em>Udemy<\/em><br \/>\nIssued Oct 2022<br \/>\nCredential ID UC-21b17dd7-c521-40b7-b760-fa99bb75e67b<\/p>\n<p><strong>ESP32 and PlatformIO IoT Project by Dr. Peter Dalmaris<br \/>\n<\/strong><em>Udemy<\/em><br \/>\nIssued Aug 2022<br \/>\nCredential ID UC-589fbd9c-88b4-420e-aac0-08f47ca82588<\/p>\n<p><strong>Basic electronics for Arduino Makers by Dr. Peter Dalmaris<br \/>\n<\/strong><em>Udemy<\/em><br \/>\nIssued May 2022<br \/>\nCredential ID UC-5dba25a8-e90b-4bcb-ad14-b8a650514054<\/p>\n<p><strong>Arduino Step by Step: Getting Serious by Dr. Peter Dalmaris<br \/>\n<\/strong><em>Udemy<\/em><br \/>\nIssued Mar 2022<br \/>\nCredential ID UC-dd8059f2-eaaa-4047-bd38-ed8651ef120e<\/p>\n<p><strong>Learn Maltese in Maltese: speak and write Malta\u2019s language<br \/>\n<\/strong><em>Udemy<\/em><br \/>\nIssued Mar 2022<br \/>\nCredential ID UC-02b905b1-9a06-4590-adec-57df6dcd2159<\/p>\n<p><strong>ESP32 for Arduino Makers by Dr. Peter Dalmaris<br \/>\n<\/strong><em>Udemy<\/em><br \/>\nIssued Feb 2022<br \/>\nCredential ID UC-b38b0677-cb78-47ff-898c-01e93e6e00db<\/p>\n<p><strong>Interrupt Driven Embedded Applications<br \/>\n<\/strong><em>Udemy<\/em><br \/>\nIssued Feb 2022<br \/>\nCredential ID UC-37a120d9-f55b-41b1-ba06-13fb34f9463d<\/p>\n<p><strong>Object Oriented Programming<br \/>\n<\/strong><em>Udemy<\/em><br \/>\nIssued Feb 2022<br \/>\nCredential ID UC-49561a7a-14b7-4d74-8957-8febfc39620c<\/p>\n<p><strong>Inventory Management<br \/>\n<\/strong><em>HP LIFE<br \/>\n<\/em>Issued Nov 2021<br \/>\nCredential ID 41d275ff-6747-49f4-b7e4-bffdb7d5ad99<\/p>\n<p><strong>Setting Prices<br \/>\n<\/strong><em>HP LIFE<br \/>\n<\/em>Issued Nov 2021<br \/>\nCredential ID 9e00582a-62c2-4142-8770-c79aada7a2c0<\/p>\n<p><strong>Contracts Bottom Line, Claims Universe &amp; Disputes Resolution<br \/>\n<\/strong><em>Udemy<\/em><br \/>\nIssued Jun 2021<br \/>\nCredential ID UC-29565b08-b28f-4bfd-9255-8b1305302e6b<\/p>\n<p><strong>Blynk mobile development for Arduino by Dr. Peter Dalmaris<br \/>\n<\/strong><em>Udemy<\/em><br \/>\nIssued Mar 2021<br \/>\nCredential ID UC-522bcd08-1e07-4f0c-b54b-251be3dfa768<\/p>\n<p><strong>Business Communications<br \/>\n<\/strong><em>HP LIFE<br \/>\n<\/em>Issued Mar 2021<br \/>\nCredential ID 4c00d848-d8f4-4c4f-8d1d-726265f386b6<\/p>\n<p><strong>Design Thinking<br \/>\n<\/strong><em>HP LIFE<br \/>\n<\/em>Issued Mar 2021<br \/>\nCredential ID 21bc4aff-7f47-4bd0-8847-744dc5207f5d.pdf<\/p>\n<p><strong>Presenting Data<br \/>\n<\/strong><em>HP LIFE<br \/>\n<\/em>Issued Mar 2021<br \/>\nCredential ID 86201f68-b809-4901-9d3a-5636a16450a7<\/p>\n<p><strong>Arduino Bootcamp : Learning Through Projects<br \/>\n<\/strong><em>Udemy<\/em><br \/>\nIssued Feb 2021<br \/>\nCredential ID UC-74e7c37f-b758-4ecf-992d-6c3c235281f1<\/p>\n<p><strong>Arduino Step by Step: Getting Started by Dr. Peter Dalmaris<br \/>\n<\/strong><em>Udemy<\/em><br \/>\nIssued Oct 2020<br \/>\nCredential ID UC-36cab651-9df3-46d2-bb18-680ec4ed2165<\/p>\n<p><strong>Business Email<br \/>\n<\/strong><em>HP LIFE<br \/>\n<\/em>Issued Oct 2020<br \/>\nCredential ID b58ee76f-2857-4e7a-93d5-06f45b91c822<\/p>\n<p><strong>Effective Leadership<br \/>\n<\/strong><em>HP LIFE<br \/>\n<\/em>Issued Oct 2020<br \/>\nCredential ID 3b8328bb-44f4-4a85-a3e1-80cff4860acc<\/p>\n<p><strong>Effective Presentation<br \/>\n<\/strong><em>HP LIFE<br \/>\n<\/em>Issued Oct 2020<br \/>\nCredential ID 4c9439cc-45g5-4b96-b4f2-91dgg5971bdd<\/p>\n<p><strong>Introduction to Electronics Fundamentals<br \/>\n<\/strong><em>Udemy<\/em><br \/>\nIssued Oct 2020<br \/>\nCredential ID UC-1f467519-f5cc-4bed-8125-66714fb6b611<\/p>\n<p><strong>Strategic Planning<br \/>\n<\/strong><em>HP LIFE<br \/>\n<\/em>Issued Oct 2020<br \/>\nCredential ID 3ea54679-2a6f-404d-a6cf-6a2fbc7083bb<\/p>\n<p><strong>Success Mindset<br \/>\n<\/strong><em>HP LIFE<br \/>\n<\/em>Issued Oct 2020<br \/>\nCredential ID d086aae0-c2e4-4ea2-8a4f-38cf6d3f5cf2<\/p>\n<p><strong>SPIKE Certificate of Merit (Socio-cultural Professional and Industrial Knowledge and Experience)<br \/>\n<\/strong><em>Eastern Mediterranean University<br \/>\n<\/em>Issued Sep 2009<\/p>\n<p><strong>Cyber Security Foundation \u2013 CSFPC\u2122<br \/>\n<\/strong><em>CertiProf<\/em><br \/>\nIssued Apr 2021 \u00b7 Expires Apr 2023<br \/>\nCredential ID 66a8734e-5fdc-420d-98fe-ebe408b07029<\/p>\n<p><strong>Remote Work and Virtual Collaboration Professional Certificate (RWVCPC)<br \/>\n<\/strong><em>CertiProf<\/em><br \/>\nIssued Mar 2021 \u00b7 Expired Mar 2023<br \/>\nCredential ID 58485760<\/p>\n","protected":false},"excerpt":{"rendered":"<p>Master Teaching Certificate (Usta \u00d6\u011freticilik) T\u00fcrkiye Cumhuriyeti Mill\u00ee E\u011fitim Bakanl\u0131\u011f\u0131 Issued Dec 2022 Credential ID 22491520220001241781 Arduino: Make an IoT environment monitor by Dr. Peter Dalmaris Udemy Issued Oct 2022 Credential ID UC-21b17dd7-c521-40b7-b760-fa99bb75e67b ESP32 and PlatformIO IoT Project by Dr. Peter Dalmaris Udemy Issued Aug 2022 Credential ID UC-589fbd9c-88b4-420e-aac0-08f47ca82588 Basic electronics for Arduino Makers by [&hellip;]<\/p>\n","protected":false},"author":9474,"featured_media":0,"parent":0,"menu_order":0,"comment_status":"closed","ping_status":"closed","template":"","meta":{"footnotes":"","_links_to":"","_links_to_target":""},"class_list":["post-12","page","type-page","status-publish","hentry"],"_links":{"self":[{"href":"https:\/\/blog.metu.edu.tr\/e189920\/wp-json\/wp\/v2\/pages\/12","targetHints":{"allow":["GET"]}}],"collection":[{"href":"https:\/\/blog.metu.edu.tr\/e189920\/wp-json\/wp\/v2\/pages"}],"about":[{"href":"https:\/\/blog.metu.edu.tr\/e189920\/wp-json\/wp\/v2\/types\/page"}],"author":[{"embeddable":true,"href":"https:\/\/blog.metu.edu.tr\/e189920\/wp-json\/wp\/v2\/users\/9474"}],"replies":[{"embeddable":true,"href":"https:\/\/blog.metu.edu.tr\/e189920\/wp-json\/wp\/v2\/comments?post=12"}],"version-history":[{"count":0,"href":"https:\/\/blog.metu.edu.tr\/e189920\/wp-json\/wp\/v2\/pages\/12\/revisions"}],"wp:attachment":[{"href":"https:\/\/blog.metu.edu.tr\/e189920\/wp-json\/wp\/v2\/media?parent=12"}],"curies":[{"name":"wp","href":"https:\/\/api.w.org\/{rel}","templated":true}]}}