{"id":37,"date":"2013-03-27T20:51:21","date_gmt":"2013-03-27T18:51:21","guid":{"rendered":"http:\/\/blog.metu.edu.tr\/e166560\/?page_id=37"},"modified":"2013-03-27T20:51:21","modified_gmt":"2013-03-27T18:51:21","slug":"ana-sayfa","status":"publish","type":"page","link":"https:\/\/blog.metu.edu.tr\/e166560\/","title":{"rendered":"Ana Sayfa"},"content":{"rendered":"<p>Instructional Technology and Material Development dersi kapsam\u0131nda e\u011fitim teknolojileri odakl\u0131 payla\u015f\u0131mlar yapmak i\u00e7in bu blogu kullanmaktay\u0131m.<\/p>\n","protected":false},"excerpt":{"rendered":"<p>Instructional Technology and Material Development dersi kapsam\u0131nda e\u011fitim teknolojileri odakl\u0131 payla\u015f\u0131mlar yapmak i\u00e7in bu blogu kullanmaktay\u0131m.<\/p>\n","protected":false},"author":1240,"featured_media":0,"parent":0,"menu_order":0,"comment_status":"open","ping_status":"open","template":"","meta":{"footnotes":"","_links_to":"","_links_to_target":""},"class_list":["post-37","page","type-page","status-publish","hentry"],"_links":{"self":[{"href":"https:\/\/blog.metu.edu.tr\/e166560\/wp-json\/wp\/v2\/pages\/37","targetHints":{"allow":["GET"]}}],"collection":[{"href":"https:\/\/blog.metu.edu.tr\/e166560\/wp-json\/wp\/v2\/pages"}],"about":[{"href":"https:\/\/blog.metu.edu.tr\/e166560\/wp-json\/wp\/v2\/types\/page"}],"author":[{"embeddable":true,"href":"https:\/\/blog.metu.edu.tr\/e166560\/wp-json\/wp\/v2\/users\/1240"}],"replies":[{"embeddable":true,"href":"https:\/\/blog.metu.edu.tr\/e166560\/wp-json\/wp\/v2\/comments?post=37"}],"version-history":[{"count":0,"href":"https:\/\/blog.metu.edu.tr\/e166560\/wp-json\/wp\/v2\/pages\/37\/revisions"}],"wp:attachment":[{"href":"https:\/\/blog.metu.edu.tr\/e166560\/wp-json\/wp\/v2\/media?parent=37"}],"curies":[{"name":"wp","href":"https:\/\/api.w.org\/{rel}","templated":true}]}}