{"id":28,"date":"2013-03-22T10:50:37","date_gmt":"2013-03-22T08:50:37","guid":{"rendered":"http:\/\/blog.metu.edu.tr\/e166560\/?page_id=28"},"modified":"2013-05-04T19:40:47","modified_gmt":"2013-05-04T16:40:47","slug":"hakkinda","status":"publish","type":"page","link":"https:\/\/blog.metu.edu.tr\/e166560\/hakkinda\/","title":{"rendered":"Hakk\u0131nda"},"content":{"rendered":"<p>Ad\u0131m \u015eahap Ak\u015fab. Orta Do\u011fu Teknik \u00dcniversitesi \u0130lk\u00f6\u011fretim Matematik \u00d6\u011fretmenli\u011fi 3. s\u0131n\u0131f \u00f6\u011frencisiyim. \u0130leti\u015fim:<\/p>\n<p><strong>Twitter:<\/strong>\u00a0<a href=\"http:\/\/twitter.com\/Sahapaksab\" target=\"_blank\" rel=\"nofollow me\">http:\/\/twitter.com\/Sahapaksab<\/a><\/p>\n<p><strong>Metumail:<\/strong>\u00a0e166560@metu.edu.tr<\/p>\n<p><strong>\u00a0<\/strong><\/p>\n<p>&nbsp;<\/p>\n","protected":false},"excerpt":{"rendered":"<p>Ad\u0131m \u015eahap Ak\u015fab. Orta Do\u011fu Teknik \u00dcniversitesi \u0130lk\u00f6\u011fretim Matematik \u00d6\u011fretmenli\u011fi 3. s\u0131n\u0131f \u00f6\u011frencisiyim. \u0130leti\u015fim: Twitter:\u00a0http:\/\/twitter.com\/Sahapaksab Metumail:\u00a0e166560@metu.edu.tr \u00a0 &nbsp;<\/p>\n","protected":false},"author":1240,"featured_media":0,"parent":0,"menu_order":0,"comment_status":"open","ping_status":"open","template":"","meta":{"footnotes":"","_links_to":"","_links_to_target":""},"class_list":["post-28","page","type-page","status-publish","hentry"],"_links":{"self":[{"href":"https:\/\/blog.metu.edu.tr\/e166560\/wp-json\/wp\/v2\/pages\/28","targetHints":{"allow":["GET"]}}],"collection":[{"href":"https:\/\/blog.metu.edu.tr\/e166560\/wp-json\/wp\/v2\/pages"}],"about":[{"href":"https:\/\/blog.metu.edu.tr\/e166560\/wp-json\/wp\/v2\/types\/page"}],"author":[{"embeddable":true,"href":"https:\/\/blog.metu.edu.tr\/e166560\/wp-json\/wp\/v2\/users\/1240"}],"replies":[{"embeddable":true,"href":"https:\/\/blog.metu.edu.tr\/e166560\/wp-json\/wp\/v2\/comments?post=28"}],"version-history":[{"count":0,"href":"https:\/\/blog.metu.edu.tr\/e166560\/wp-json\/wp\/v2\/pages\/28\/revisions"}],"wp:attachment":[{"href":"https:\/\/blog.metu.edu.tr\/e166560\/wp-json\/wp\/v2\/media?parent=28"}],"curies":[{"name":"wp","href":"https:\/\/api.w.org\/{rel}","templated":true}]}}