{"id":347,"date":"2023-01-31T14:02:55","date_gmt":"2023-01-31T11:02:55","guid":{"rendered":"https:\/\/blog.metu.edu.tr\/dozlen\/?page_id=347"},"modified":"2023-02-02T16:50:34","modified_gmt":"2023-02-02T13:50:34","slug":"publications-yayinlar","status":"publish","type":"page","link":"https:\/\/blog.metu.edu.tr\/dozlen\/publications-yayinlar\/","title":{"rendered":"Publications\/ Yay\u0131nlar"},"content":{"rendered":"<div>You need to add a widget, row, or prebuilt layout before you&#8217;ll see anything here. \ud83d\ude42<\/div>\n\n\n<p><\/p>\n\n\n\n<h2 class=\"wp-block-heading\">Journal Papers<\/h2>\n\n\n\n<p><strong>Hakemli Dergilerde Yay\u0131nlanan Makaleler<\/strong><\/p>\n\n\n\n<p><\/p>\n\n\n\n<p>Koyuncu, E. D. &amp; <strong>Demircan, H. \u00d6.<\/strong> (2022). An Evaluative Case Study on Investigating Preschool Teachers\u2019 Views on Philosophy with Children<strong><em>. <\/em><\/strong><em>Education and Science, 47<\/em>(210). 161-191.doi:&nbsp;10.15390\/EB.2022.10380<\/p>\n\n\n\n<p>\u00c7etin, M. &nbsp;&amp; <strong>Demircan, H. \u00d6.<\/strong>&nbsp;(2022).&nbsp;Coparenting and parental involvement in education: the mediating role of motivational beliefs. <em>Journal of Family Studies. <\/em>doi:&nbsp;<a href=\"https:\/\/doi.org\/10.1080\/13229400.2022.2045210\">10.1080\/13229400.2022.2045210<\/a><\/p>\n\n\n\n<p><strong>Demircan, H. \u00d6. <\/strong>(2022).<em> \u201cHow am I supposed to do this on my own?\u201d:<\/em> A case study on perspectives of preschool teachers regarding integrative STEM practices. <em>Journal of Early Childhood Research.20<\/em>(1), 93-112.<em> &nbsp;<\/em>doi: <a href=\"https:\/\/doi.org\/10.1177%2F1476718X211052749\">10.1177\/1476718X211052749<\/a><\/p>\n\n\n\n<p>Ata-Akt\u00fcrk, A. &amp; <strong>Demircan, H. \u00d6. <\/strong>(2021). Engineers and engineering through the eyes of preschoolers: A phenomenographic study of children\u2019s drawings. <em>European Early Childhood Education Research Journal.<\/em>&nbsp; doi: <a href=\"https:\/\/doi.org\/10.1080\/1350293X.2021.1974067\" target=\"_blank\" rel=\"noreferrer noopener\">10.1080\/1350293X.2021.1974067<\/a><\/p>\n\n\n\n<p>Ata-Akt\u00fcrk, A., <strong>Demircan, H.\u00d6. <\/strong>(2021). An analysis of picture books for children aged 3 to 6 years: Portrayals of engineers and the engineering design process.&nbsp;<em>International Journal of Early Childhood<\/em>. <em>53<\/em>, 261-268. <a href=\"https:\/\/doi.org\/10.1007\/s13158-021-00294-8\">doi:10.1007\/s13158-021-00294-8<\/a><\/p>\n\n\n\n<p>Filik-Uyan\u0131k R. &amp; <strong>Demircan, H. \u00d6.<\/strong> (2021). Mass media and intensive mothering predict motivators of mother engagement in children\u2019s education. <em>Journal of Child and Family Studies.<\/em> <em>30,<\/em> 1895-1909, doi: 10.1007\/s10826-021-02003-4<\/p>\n\n\n\n<p>Filik-Uyan\u0131k, R., <strong>Demircan, H. \u00d6.<\/strong> &amp; I\u015f\u0131k\u00e7\u0131-Ba\u015fkaya, G. (2021). <em>\u201cLet me have a seat and see what&#8217;s going on in this class\u201d<\/em>: Perspectives of early childhood teachers about parental confrontation. <em>Participatory Educational Research, 8<\/em>(3),105-120.<em>&nbsp; d<\/em>oi&nbsp; 10.17275\/per.21.56.8.3<\/p>\n\n\n\n<p>Ata-Akt\u00fcrk, A. &amp; <strong>Demircan, H. \u00d6.<\/strong> (2021). Supporting preschool cildren\u2019s STEM learning with parent-involved early engineering education. <em>Early Childhood Education Journal, 49,<\/em> 607-621. doi:10.1007\/s10643-020-01100-1<\/p>\n\n\n\n<p>\u00c7etin, M. &amp; <strong>Demircan, H. \u00d6. <\/strong>(2020). Empowering technology and engineering for STEM education through programming robots: A systematic literature review. <em>Early Child Development and Care, 190<\/em>(9), 1323-1335. doi: 10.1080\/03004430.2018.1534844<\/p>\n\n\n\n<p>\u00c7etin, M., <strong>Demircan, H. \u00d6., <\/strong>\u015eenyurt, E. &amp; Ata-Akt\u00fcrk, A. (2020). An analysis of young children\u2019s preferences on stem activities in terms of gender. <em>Journal of Education and Future. 18, 1-15. <\/em><a href=\"https:\/\/doi:10.30786\/jef.650246\">doi:10.30786\/jef.650246<\/a><\/p>\n\n\n\n<p>I\u015f\u0131k\u00e7\u0131-Ba\u015fkaya, G., Alisinano\u011flu, F., <strong>Demircan, H. \u00d6. <\/strong>&amp; Tahta, F. (2020). Erken \u00e7ocukluk d\u00f6nemi \u00f6\u011fretmenlerinin \u00e7okk\u00fclt\u00fcrl\u00fcl\u00fc\u011fe dair bak\u0131\u015f a\u00e7\u0131lar\u0131 ve uygulamalar\u0131 \u00fczerine bir inceleme. <em>Journal of Early Childhood Studies, 4<\/em>(2), 9-29. doi: 10.24130\/eccd-jecs.1967202042223<\/p>\n\n\n\n<p>\u00c7etin, M. &amp; <strong>Demircan H.\u00d6. <\/strong>(2020). Erken \u00e7ocukluk d\u00f6neminde STEM e\u011fitimi anlay\u0131\u015f\u0131. <em>\u0130n\u00f6n\u00fc \u00dcniversitesi E\u011fitim Fak\u00fcltesi Dergisi, 21<\/em>(1), 102-117. doi: 10.17679\/inuefd.437445<\/p>\n\n\n\n<p>Ata-Akt\u00fcrk, A. &amp;<strong> Demircan, H. \u00d6., <\/strong>(2018). Development of preschool children sibling rivalry scale<em>. Child<\/em> <em>Indicators Research<\/em>, <em>11<\/em>(1), 117-136. doi: 10.1007\/s12187-016-9425-8<\/p>\n\n\n\n<p><\/p>\n\n\n\n<p>I\u015f\u0131k\u00e7\u0131-Ba\u015fkaya, G. &amp; <strong>Demircan, H. \u00d6. (2018).<\/strong> Ailelerle \u00e7al\u0131\u015fma \u00f6z yeterlilik \u00f6l\u00e7e\u011fi T\u00fcrk\u00e7e formu\u2019nun ge\u00e7erlik ve g\u00fcvenilirlik \u00e7al\u0131\u015fmas\u0131.&nbsp; <em>Uluslararas\u0131 Aile \u00c7ocuk ve E\u011fitim Dergisi, 16<\/em>(2), 88-108. doi: 10.17359\/ACED.2018.3.5<\/p>\n\n\n\n<p><strong>Demircan, H. \u00d6.<\/strong> (2018). Okul \u00f6ncesi e\u011fitimde sistemi geni\u015fletmek: aile-ebeveyn \u201cba\u011fl\u0131l\u0131\u011f\u0131, i\u015fbirli\u011fi, kat\u0131l\u0131m\u0131 ve e\u011fitimi\u201d. <em>\u0130lk\u00f6\u011fretim Online,<\/em> <em>17<\/em>(4), 1-19. doi: 10.17051\/ilkonline.2019.507008<\/p>\n\n\n\n<p>Ata-Akt\u00fcrk, A.,&nbsp;<strong>Demircan, H. \u00d6.,&nbsp;<\/strong>Senyurt, E. &amp; Cetin, M. (2017).STEM education related &nbsp;&nbsp;aspects of Turkish early childhood education curriculum: A document analysis.&nbsp;<em>Journal of Turkish Science Education, 14<\/em>(4),1-14.doi: 10.12973\/tused.10210a<\/p>\n\n\n\n<p>Ata-Akt\u00fcrk, A. &amp; <strong>Demircan, H. \u00d6.<\/strong> (2017). Preschool teachers\u2019 teacher-child communication skills: the role of self-efficacy beliefs and some demographics. <em>Journal of Education and Human Development<\/em>, <em>6<\/em>(3), 1-15. doi: 10.15640\/jehd.v6n3a1<\/p>\n\n\n\n<p>Ata-Akt\u00fcrk, A.,&nbsp;<strong>Demircan, H. \u00d6.<\/strong>&nbsp;(2017). A review of studies on STEM and STEAM education.&nbsp;<em>K\u0131r\u015fehir E\u011fitim Fak\u00fcltesi Dergisi KEFAD,<\/em>&nbsp;<em>18<\/em>(2), 757-776. ISSN:&nbsp;2147-1037 \/ 2147-1037<\/p>\n\n\n\n<p>Ata-Akt\u00fcrk, A. &amp; <strong>Demircan, H. \u00d6.<\/strong> (2017). Preschool teachers\u2019 teacher-child communication skills: the role of self-efficacy beliefs and some demographics. <em>Journal of Education and Human Development<\/em>, <em>6<\/em>(3), 1-15. doi: 10.15640\/jehd.v6n3a1<\/p>\n\n\n\n<p><strong>Demircan, \u00d6.<\/strong> &amp; Tantekin Erden F. (2015). Parental involvement and developmentally appropriate practices: a comparison of parent and teacher beliefs. <em>Early Child Development and Care, 185,<\/em> (2), 209-225.&nbsp; doi: 10.1080\/03004430.2014.919493<\/p>\n\n\n\n<p><strong>Demircan, H. \u00d6. &amp; <\/strong>Demir, A. (2014) Children&#8217;s sense of loneliness and social dissatisfaction: the role of after school care. <em>Psychological Reports. 114<\/em>(1), 169-175. doi:10.2466\/10.17.PR0.114k10w4<\/p>\n\n\n\n<p><strong>Demircan, H. \u00d6.<\/strong> &amp; Olgan, R. (2011). Assessment in early childhood education: Commonly used curriculum models and Turkish curriculum. <em>The Online Journal of New Horizons in Education, 2<\/em>(3),16-22. https:\/\/www.tojned.net\/journals\/tojned\/articles\/v01i03\/v01i03-03.pdf<\/p>\n\n\n\n<h2 class=\"wp-block-heading\">Editorial<\/h2>\n\n\n\n<p>Edit\u00f6rl\u00fck<\/p>\n\n\n\n<p>Riojas-Cortez, M. &amp; Berger (2023). E\u011fitim Payda\u015flar\u0131 Olarak Aileler: Birlikte \u00c7al\u0131\u015fan Aileler ve Okullar (<strong>Demircan, H. \u00d6 <\/strong>&amp; Karaduman, M. A. &amp;Trans. Edt.). Palme Yay\u0131nc\u0131l\u0131k. (Original work published 2020\/Pearson). \u00a0<\/p>\n\n\n\n<p>Tantekin-Erden F. &amp; <strong>Demircan, H. \u00d6.<\/strong> (2021). Erken \u00c7ocukluk D\u00f6neminde E\u011fitim Yakla\u015f\u0131mlar\u0131 (Approaches to Early Childhood Education). Ankara: E\u011fiten Kitap.<\/p>\n\n\n\n<h2 class=\"wp-block-heading\">Book Chapters<\/h2>\n\n\n\n<p>Kitap B\u00f6l\u00fcmleri<\/p>\n\n\n\n<p>Riojas-Cortez, M. &amp; Berger (2023). <em>Aile ba\u011fl\u0131l\u0131\u011f\u0131: Tarihi ve sosyal etkiler.<\/em> E\u011fitim Payda\u015flar\u0131 Olarak Aileler: Birlikte \u00c7al\u0131\u015fan Aileler ve Okullar (<strong>Demircan, H. \u00d6, <\/strong>Trans.). Ankara: Palme Yay\u0131nc\u0131l\u0131k. (Original work published 2020\/Pearson). &nbsp;<\/p>\n\n\n\n<p>K\u00f6kl\u00fc-Yaylac\u0131, H.<strong> &amp; Demircan, H. \u00d6. <\/strong>(2022).<em>Erken \u00c7ocuklukta STEM E\u011fitimi ve Matematik E\u011fitimi.<\/em> Ak\u0131nc\u0131-Co\u015fgun, A., Gen\u00e7-\u00c7opur, H. &amp; Uluta\u015f, \u0130. (Ed). Erken \u00c7ocukluk Matematik E\u011fitiminde G\u00fcncel Konular. Ankara: Nobel<\/p>\n\n\n\n<p><a><strong>Demircan, H. \u00d6. &amp; <\/strong><\/a>Filik-Uyan\u0131k R. (2021). <strong>&nbsp;<\/strong><em>Proje Yakla\u015f\u0131m\u0131.<\/em><strong> <\/strong>Tantekin-Erden F. &amp; Demircan, H. \u00d6. (Ed).<strong> <\/strong>Erken \u00c7ocukluk D\u00f6neminde E\u011fitim Yakla\u015f\u0131mlar\u0131 (Approaches to Early Childhood Education). Ankara: E\u011fiten Kitap.<\/p>\n\n\n\n<p><strong>Demircan, H. \u00d6. &amp; <\/strong>I\u015fik\u00e7i, G. (2021). <strong>&nbsp;<\/strong><em>Farkl\u0131l\u0131klara Sayg\u0131 Program\u0131.<\/em><strong> <\/strong>Tantekin-Erden F. &amp; Demircan, H. \u00d6. (Ed).<strong> <\/strong>Erken \u00c7ocukluk D\u00f6neminde E\u011fitim Yakla\u015f\u0131mlar\u0131. Ankara: E\u011fiten Kitap. <strong><\/strong><\/p>\n\n\n\n<p><strong>Demircan, H. \u00d6.<\/strong> &amp; Sa\u00e7an, S. (2019). <em>Fiziksel ve Motor Geli\u015fim.<\/em> \u00d6\u011fretir-\u00d6z\u00e7elik, D. (Ed), \u00c7ocuk Geli\u015fimi, 1-30. Ankara: Pegem Akademi.<\/p>\n\n\n\n<p>\u00d6\u011fretir-\u00d6z\u00e7elik, A. D. &amp; <strong>Demircan, H. \u00d6.<\/strong> (2019). <em>Aile.<\/em> \u00d6\u011fretir-\u00d6z\u00e7elik, D. (Ed), \u00c7ocuk Geli\u015fimi, 269-297. Ankara: Pegem Akademi.<\/p>\n","protected":false},"excerpt":{"rendered":"<p>Journal Papers Hakemli Dergilerde Yay\u0131nlanan Makaleler Koyuncu, E. D. &amp; Demircan, H. \u00d6. (2022). An Evaluative Case Study on Investigating Preschool Teachers\u2019 Views on Philosophy with Children. Education and Science, 47(210). 161-191.doi:&nbsp;10.15390\/EB.2022.10380 \u00c7etin, M. &nbsp;&amp; Demircan, H. \u00d6.&nbsp;(2022).&nbsp;Coparenting and parental involvement in education: the mediating role of motivational beliefs. Journal of Family Studies. doi:&nbsp;10.1080\/13229400.2022.2045210 Demircan, &hellip; <\/p>\n<p class=\"link-more\"><a href=\"https:\/\/blog.metu.edu.tr\/dozlen\/publications-yayinlar\/\" class=\"more-link\">Continue reading<span class=\"screen-reader-text\"> &#8220;Publications\/ Yay\u0131nlar&#8221;<\/span><\/a><\/p>\n","protected":false},"author":4461,"featured_media":0,"parent":0,"menu_order":0,"comment_status":"closed","ping_status":"closed","template":"","meta":{"footnotes":"","_links_to":"","_links_to_target":""},"class_list":["post-347","page","type-page","status-publish","hentry"],"_links":{"self":[{"href":"https:\/\/blog.metu.edu.tr\/dozlen\/wp-json\/wp\/v2\/pages\/347","targetHints":{"allow":["GET"]}}],"collection":[{"href":"https:\/\/blog.metu.edu.tr\/dozlen\/wp-json\/wp\/v2\/pages"}],"about":[{"href":"https:\/\/blog.metu.edu.tr\/dozlen\/wp-json\/wp\/v2\/types\/page"}],"author":[{"embeddable":true,"href":"https:\/\/blog.metu.edu.tr\/dozlen\/wp-json\/wp\/v2\/users\/4461"}],"replies":[{"embeddable":true,"href":"https:\/\/blog.metu.edu.tr\/dozlen\/wp-json\/wp\/v2\/comments?post=347"}],"version-history":[{"count":0,"href":"https:\/\/blog.metu.edu.tr\/dozlen\/wp-json\/wp\/v2\/pages\/347\/revisions"}],"wp:attachment":[{"href":"https:\/\/blog.metu.edu.tr\/dozlen\/wp-json\/wp\/v2\/media?parent=347"}],"curies":[{"name":"wp","href":"https:\/\/api.w.org\/{rel}","templated":true}]}}