{"id":323,"date":"2019-10-10T15:35:22","date_gmt":"2019-10-10T12:35:22","guid":{"rendered":"http:\/\/blog.metu.edu.tr\/dozlen\/?page_id=323"},"modified":"2019-10-10T15:35:22","modified_gmt":"2019-10-10T12:35:22","slug":"academic-adviser-akademik-danismanlik","status":"publish","type":"page","link":"https:\/\/blog.metu.edu.tr\/dozlen\/academic-adviser-akademik-danismanlik\/","title":{"rendered":"Academic Adviser \/ Akademik Dan\u0131\u015fmanl\u0131k"},"content":{"rendered":"<p>Academic adviser of\u00a0 \u201c<strong>METU Kids\u2019 Style in Science\/ Bilimin \u00c7ocuk Dili\u201d<\/strong> student club and society. The society aims to get in touch with young children through science. It also aims to get in touch with young children, teachers and parents through social media. Via its Instagram account, with over 35000 followers; the society shares scientific knowledge with the followers.<\/p>\n<p>Academic adviser of <strong>Serpil S\u00fcmer Preschool<\/strong><\/p>\n<p>Academic adviser of <strong>K\u0131br\u0131sk\u00f6y\u00fc Preschool<\/strong><\/p>\n","protected":false},"excerpt":{"rendered":"<p>Academic adviser of\u00a0 \u201cMETU Kids\u2019 Style in Science\/ Bilimin \u00c7ocuk Dili\u201d student club and society. The society aims to get in touch with young children through science. It also aims to get in touch with young children, teachers and parents through social media. Via its Instagram account, with over 35000 followers; the society shares scientific &hellip; <\/p>\n<p class=\"link-more\"><a href=\"https:\/\/blog.metu.edu.tr\/dozlen\/academic-adviser-akademik-danismanlik\/\" class=\"more-link\">Continue reading<span class=\"screen-reader-text\"> &#8220;Academic Adviser \/ Akademik Dan\u0131\u015fmanl\u0131k&#8221;<\/span><\/a><\/p>\n","protected":false},"author":4461,"featured_media":0,"parent":0,"menu_order":0,"comment_status":"closed","ping_status":"closed","template":"","meta":{"footnotes":"","_links_to":"","_links_to_target":""},"class_list":["post-323","page","type-page","status-publish","hentry"],"_links":{"self":[{"href":"https:\/\/blog.metu.edu.tr\/dozlen\/wp-json\/wp\/v2\/pages\/323","targetHints":{"allow":["GET"]}}],"collection":[{"href":"https:\/\/blog.metu.edu.tr\/dozlen\/wp-json\/wp\/v2\/pages"}],"about":[{"href":"https:\/\/blog.metu.edu.tr\/dozlen\/wp-json\/wp\/v2\/types\/page"}],"author":[{"embeddable":true,"href":"https:\/\/blog.metu.edu.tr\/dozlen\/wp-json\/wp\/v2\/users\/4461"}],"replies":[{"embeddable":true,"href":"https:\/\/blog.metu.edu.tr\/dozlen\/wp-json\/wp\/v2\/comments?post=323"}],"version-history":[{"count":0,"href":"https:\/\/blog.metu.edu.tr\/dozlen\/wp-json\/wp\/v2\/pages\/323\/revisions"}],"wp:attachment":[{"href":"https:\/\/blog.metu.edu.tr\/dozlen\/wp-json\/wp\/v2\/media?parent=323"}],"curies":[{"name":"wp","href":"https:\/\/api.w.org\/{rel}","templated":true}]}}