{"id":251,"date":"2018-11-08T13:42:27","date_gmt":"2018-11-08T10:42:27","guid":{"rendered":"http:\/\/blog.metu.edu.tr\/dozlen\/?page_id=251"},"modified":"2023-02-03T15:31:11","modified_gmt":"2023-02-03T12:31:11","slug":"administrative-positions-idari-gorevler","status":"publish","type":"page","link":"https:\/\/blog.metu.edu.tr\/dozlen\/administrative-positions-idari-gorevler\/","title":{"rendered":"Administrative Positions \/ \u0130dari G\u00f6revler"},"content":{"rendered":"<p>October 2016-October 2019 Head of Department; METU Faculty of Education (FEDU), Department of Elementary and Early Childhood Education.<\/p>\n<p>Ekim 2016- Ekim 2019 ODT\u00dc E\u011fitim Fak\u00fcltesi Temel E\u011fitim B\u00f6l\u00fcm\u00fc Ba\u015fkanl\u0131\u011f\u0131.<\/p>\n<p>October 2016- October 2019 Head of Department; METU Graduate School of Social Sciences, Early Childhood Education Master of Science Degree Program.<\/p>\n<p>Ekim 2016- Ekim 2019 ODT\u00dc Sosyal Bilimler Enstit\u00fcs\u00fc Okul \u00d6ncesi E\u011fitim Y\u00fcksek Lisans Program\u0131 Anabilim Dal\u0131 Ba\u015fkanl\u0131\u011f\u0131<\/p>\n<p>July 2017- July 2019 Head of Department<strong>;<\/strong> METU Graduate School of Social Sciences, Early Childhood Education Ph. D. Program<\/p>\n<p>Temmuz 2017- Temmuz 2019 ODT\u00dc Sosyal Bilimler Enstit\u00fcs\u00fc Okul \u00d6ncesi E\u011fitim Doktora Program\u0131 Anabilim Dal\u0131 Ba\u015fkanl\u0131\u011f\u0131<\/p>\n<p>November 2014- October 2016 Head of Department Adviser; METU, FEDU, Department of Elementary Education.<\/p>\n<p>Kas\u0131m 2014- Ekim 2016 ODT\u00dc \u0130lk\u00f6\u011fretim B\u00f6l\u00fcm\u00fc B\u00f6l\u00fcm Ba\u015fkan Dan\u0131\u015fmanl\u0131\u011f\u0131.<\/p>\n","protected":false},"excerpt":{"rendered":"<p>October 2016-October 2019 Head of Department; METU Faculty of Education (FEDU), Department of Elementary and Early Childhood Education. Ekim 2016- Ekim 2019 ODT\u00dc E\u011fitim Fak\u00fcltesi Temel E\u011fitim B\u00f6l\u00fcm\u00fc Ba\u015fkanl\u0131\u011f\u0131. October 2016- October 2019 Head of Department; METU Graduate School of Social Sciences, Early Childhood Education Master of Science Degree Program. Ekim 2016- Ekim 2019 ODT\u00dc &hellip; <\/p>\n<p class=\"link-more\"><a href=\"https:\/\/blog.metu.edu.tr\/dozlen\/administrative-positions-idari-gorevler\/\" class=\"more-link\">Continue reading<span class=\"screen-reader-text\"> &#8220;Administrative Positions \/ \u0130dari G\u00f6revler&#8221;<\/span><\/a><\/p>\n","protected":false},"author":4461,"featured_media":0,"parent":0,"menu_order":0,"comment_status":"closed","ping_status":"closed","template":"","meta":{"footnotes":"","_links_to":"","_links_to_target":""},"class_list":["post-251","page","type-page","status-publish","hentry"],"_links":{"self":[{"href":"https:\/\/blog.metu.edu.tr\/dozlen\/wp-json\/wp\/v2\/pages\/251","targetHints":{"allow":["GET"]}}],"collection":[{"href":"https:\/\/blog.metu.edu.tr\/dozlen\/wp-json\/wp\/v2\/pages"}],"about":[{"href":"https:\/\/blog.metu.edu.tr\/dozlen\/wp-json\/wp\/v2\/types\/page"}],"author":[{"embeddable":true,"href":"https:\/\/blog.metu.edu.tr\/dozlen\/wp-json\/wp\/v2\/users\/4461"}],"replies":[{"embeddable":true,"href":"https:\/\/blog.metu.edu.tr\/dozlen\/wp-json\/wp\/v2\/comments?post=251"}],"version-history":[{"count":0,"href":"https:\/\/blog.metu.edu.tr\/dozlen\/wp-json\/wp\/v2\/pages\/251\/revisions"}],"wp:attachment":[{"href":"https:\/\/blog.metu.edu.tr\/dozlen\/wp-json\/wp\/v2\/media?parent=251"}],"curies":[{"name":"wp","href":"https:\/\/api.w.org\/{rel}","templated":true}]}}