{"id":163,"date":"2017-01-28T22:42:50","date_gmt":"2017-01-28T19:42:50","guid":{"rendered":"http:\/\/blog.metu.edu.tr\/dozlen\/?page_id=163"},"modified":"2019-11-06T11:57:40","modified_gmt":"2019-11-06T08:57:40","slug":"home","status":"publish","type":"page","link":"https:\/\/blog.metu.edu.tr\/dozlen\/","title":{"rendered":"Home"},"content":{"rendered":"<p>Since 2014, I have been faculty member in the Elementary and Early Childhood Education (EECE) department of the Faculty of Education at METU.\u00a0 I continue my studies on parent engagement &amp; involvement in early years\u2019 education and STEM education in early learning environments.<\/p>\n<p>2014 y\u0131l\u0131ndan bu yana ODT\u00dc E\u011fitim Fak\u00fcltesi Temel E\u011fitim B\u00f6l\u00fcm\u00fc \u00f6\u011fretim \u00fcyeli\u011fi g\u00f6revini yapmaktay\u0131m. Erken \u00e7ocukluk d\u00f6neminde aile ba\u011fl\u0131l\u0131\u011f\u0131, aile kat\u0131l\u0131m\u0131 ve STEM e\u011fitimi konular\u0131nda \u00e7al\u0131\u015fmalar\u0131m\u0131 s\u00fcrd\u00fcrmekteyim.<\/p>\n","protected":false},"excerpt":{"rendered":"<p>Since 2014, I have been faculty member in the Elementary and Early Childhood Education (EECE) department of the Faculty of Education at METU.\u00a0 I continue my studies on parent engagement &amp; involvement in early years\u2019 education and STEM education in early learning environments. 2014 y\u0131l\u0131ndan bu yana ODT\u00dc E\u011fitim Fak\u00fcltesi Temel E\u011fitim B\u00f6l\u00fcm\u00fc \u00f6\u011fretim \u00fcyeli\u011fi &hellip; <\/p>\n<p class=\"link-more\"><a href=\"https:\/\/blog.metu.edu.tr\/dozlen\/\" class=\"more-link\">Continue reading<span class=\"screen-reader-text\"> &#8220;Home&#8221;<\/span><\/a><\/p>\n","protected":false},"author":4461,"featured_media":0,"parent":0,"menu_order":0,"comment_status":"closed","ping_status":"closed","template":"","meta":{"footnotes":"","_links_to":"","_links_to_target":""},"class_list":["post-163","page","type-page","status-publish","hentry"],"_links":{"self":[{"href":"https:\/\/blog.metu.edu.tr\/dozlen\/wp-json\/wp\/v2\/pages\/163","targetHints":{"allow":["GET"]}}],"collection":[{"href":"https:\/\/blog.metu.edu.tr\/dozlen\/wp-json\/wp\/v2\/pages"}],"about":[{"href":"https:\/\/blog.metu.edu.tr\/dozlen\/wp-json\/wp\/v2\/types\/page"}],"author":[{"embeddable":true,"href":"https:\/\/blog.metu.edu.tr\/dozlen\/wp-json\/wp\/v2\/users\/4461"}],"replies":[{"embeddable":true,"href":"https:\/\/blog.metu.edu.tr\/dozlen\/wp-json\/wp\/v2\/comments?post=163"}],"version-history":[{"count":0,"href":"https:\/\/blog.metu.edu.tr\/dozlen\/wp-json\/wp\/v2\/pages\/163\/revisions"}],"wp:attachment":[{"href":"https:\/\/blog.metu.edu.tr\/dozlen\/wp-json\/wp\/v2\/media?parent=163"}],"curies":[{"name":"wp","href":"https:\/\/api.w.org\/{rel}","templated":true}]}}