{"id":153,"date":"2017-01-28T21:20:28","date_gmt":"2017-01-28T18:20:28","guid":{"rendered":"http:\/\/blog.metu.edu.tr\/dozlen\/?page_id=153"},"modified":"2023-02-03T15:44:38","modified_gmt":"2023-02-03T12:44:38","slug":"work-experience","status":"publish","type":"page","link":"https:\/\/blog.metu.edu.tr\/dozlen\/work-experience\/","title":{"rendered":"Work Experience"},"content":{"rendered":"\n<p><strong>\u0130\u015f Deneyimi<\/strong><\/p>\n\n\n\n<p><\/p>\n\n\n\n<hr class=\"wp-block-separator has-alpha-channel-opacity\" \/>\n\n\n\n<p><strong>May 2021- &#8230; Assoc. Prof. Dr.&nbsp;<\/strong><\/p>\n\n\n\n<p>Middle East Technical University, Faculty of Education, Department of Elementary and Early Childhood Education<\/p>\n\n\n\n<p>May\u0131s 2021- &#8230; Do\u00e7ent Doktor<\/p>\n\n\n\n<p>Orta Do\u011fu Teknik \u00dcniversitesi, E\u011fitim&nbsp;Fak\u00fcltesi Temel E\u011fitim B\u00f6l\u00fcm\u00fc<\/p>\n\n\n\n<p><strong>March 2014- May 2021 Assistant Prof. Dr.<\/strong><\/p>\n\n\n\n<p>Middle East Technical University, Faculty of Education, Department of Elementary and Early Childhood Education<\/p>\n\n\n\n<p><em>Mart 2014- May\u0131s 2021 Yard\u0131mc\u0131 Do\u00e7ent Doktor<\/em><\/p>\n\n\n\n<p>Orta Do\u011fu Teknik \u00dcniversitesi, E\u011fitim Fak\u00fcltesi Temel E\u011fitim B\u00f6l\u00fcm\u00fc<\/p>\n\n\n\n<hr class=\"wp-block-separator has-alpha-channel-opacity\" \/>\n\n\n\n<p><strong>Sept 2013- March, 2014 Part Time Instructor &nbsp;<\/strong><\/p>\n\n\n\n<p>Middle East Technical University, Faculty of Education, Dept. Of Early Childhood Education, Ankara-Turkey.<\/p>\n\n\n\n<p><strong>Eyl\u00fcl 2013- Mart 2014<\/strong> <strong>Ek G\u00f6revli \u00d6\u011fretim G\u00f6revlisi<\/strong><\/p>\n\n\n\n<p>Orta Do\u011fu Teknik \u00dcniversitesi, E\u011fitim Fak\u00fcltesi \u0130lk\u00f6\u011fretim B\u00f6l\u00fcm\u00fc<\/p>\n\n\n\n<hr class=\"wp-block-separator has-alpha-channel-opacity\" \/>\n\n\n\n<p><strong>2012-2013 Post-Doc Researcher <\/strong><\/p>\n\n\n\n<p>SIMCUR Project. Ruhr-Bochum University, Bochum \u2013 Germany.<\/p>\n\n\n\n<p><strong>2012-2013<\/strong> <strong>Doktora Sonras\u0131 Ara\u015ft\u0131rmac\u0131<\/strong><\/p>\n\n\n\n<p>Psikoloji B\u00f6l\u00fcm\u00fc- Aile Ara\u015ft\u0131rmalar\u0131 Grubu, Ruhr-Bochum \u00dcniversitesi, Bochum-Almanya.<\/p>\n\n\n\n<hr class=\"wp-block-separator has-alpha-channel-opacity\" \/>\n\n\n\n<p><strong>2006-2012 Research\/ Teaching Assistant<em> <\/em><\/strong><\/p>\n\n\n\n<p>Department of Elementary Education, Middle East Technical University, Ankara \u2013 Turkey.<\/p>\n\n\n\n<p><strong>2006-2012<\/strong> <strong>Ara\u015ft\u0131rma G\u00f6revlisi<\/strong><\/p>\n\n\n\n<p>Orta Do\u011fu Teknik \u00dcniversitesi, E\u011fitim&nbsp;&nbsp;Fak\u00fcltesi \u0130lk\u00f6\u011fretim B\u00f6l\u00fcm\u00fc<\/p>\n\n\n\n<hr class=\"wp-block-separator has-alpha-channel-opacity\" \/>\n\n\n\n<p><strong>2005-2006 Preschool Teacher <\/strong><\/p>\n\n\n\n<p>TED Polatl\u0131 College, Ankara \u2013 Turkey.<\/p>\n\n\n\n<p><strong>2005-2006<\/strong> <strong>Anas\u0131n\u0131f\u0131 \u00d6\u011fretmeni<\/strong><\/p>\n\n\n\n<p>TED Polatl\u0131 Koleji Anaokulu, Ankara- T\u00fcrkiye.<\/p>\n\n\n\n<hr class=\"wp-block-separator has-alpha-channel-opacity\" \/>\n","protected":false},"excerpt":{"rendered":"<p>\u0130\u015f Deneyimi May 2021- &#8230; Assoc. Prof. Dr.&nbsp; Middle East Technical University, Faculty of Education, Department of Elementary and Early Childhood Education May\u0131s 2021- &#8230; Do\u00e7ent Doktor Orta Do\u011fu Teknik \u00dcniversitesi, E\u011fitim&nbsp;Fak\u00fcltesi Temel E\u011fitim B\u00f6l\u00fcm\u00fc March 2014- May 2021 Assistant Prof. Dr. Middle East Technical University, Faculty of Education, Department of Elementary and Early Childhood &hellip; <\/p>\n<p class=\"link-more\"><a href=\"https:\/\/blog.metu.edu.tr\/dozlen\/work-experience\/\" class=\"more-link\">Continue reading<span class=\"screen-reader-text\"> &#8220;Work Experience&#8221;<\/span><\/a><\/p>\n","protected":false},"author":4461,"featured_media":0,"parent":0,"menu_order":0,"comment_status":"closed","ping_status":"closed","template":"","meta":{"footnotes":"","_links_to":"","_links_to_target":""},"class_list":["post-153","page","type-page","status-publish","hentry"],"_links":{"self":[{"href":"https:\/\/blog.metu.edu.tr\/dozlen\/wp-json\/wp\/v2\/pages\/153","targetHints":{"allow":["GET"]}}],"collection":[{"href":"https:\/\/blog.metu.edu.tr\/dozlen\/wp-json\/wp\/v2\/pages"}],"about":[{"href":"https:\/\/blog.metu.edu.tr\/dozlen\/wp-json\/wp\/v2\/types\/page"}],"author":[{"embeddable":true,"href":"https:\/\/blog.metu.edu.tr\/dozlen\/wp-json\/wp\/v2\/users\/4461"}],"replies":[{"embeddable":true,"href":"https:\/\/blog.metu.edu.tr\/dozlen\/wp-json\/wp\/v2\/comments?post=153"}],"version-history":[{"count":0,"href":"https:\/\/blog.metu.edu.tr\/dozlen\/wp-json\/wp\/v2\/pages\/153\/revisions"}],"wp:attachment":[{"href":"https:\/\/blog.metu.edu.tr\/dozlen\/wp-json\/wp\/v2\/media?parent=153"}],"curies":[{"name":"wp","href":"https:\/\/api.w.org\/{rel}","templated":true}]}}