{"id":152,"date":"2017-01-28T21:16:06","date_gmt":"2017-01-28T18:16:06","guid":{"rendered":"http:\/\/blog.metu.edu.tr\/dozlen\/?page_id=152"},"modified":"2023-01-30T17:09:22","modified_gmt":"2023-01-30T14:09:22","slug":"education","status":"publish","type":"page","link":"https:\/\/blog.metu.edu.tr\/dozlen\/education\/","title":{"rendered":"Education"},"content":{"rendered":"\n<p>E\u011fitim<\/p>\n\n\n\n<p><\/p>\n\n\n<hr \/>\n<h4><strong><em>2012-2013 Post-Doctoral Study\u00a0<\/em><\/strong><\/h4>\n<p>Faculty of Psychology, Interdisciplinary Centre for Family Research, Ruhr-Bochum University, Bochum-Germany.<\/p>\n<h4><strong><em>2012-2013 <\/em><\/strong><strong><em>Doktora Sonras\u0131 Ara\u015ft\u0131rma<\/em><\/strong><\/h4>\n<p>Psikoloji Fak\u00fcltesi, Disiplinler Aras\u0131 Aile Ara\u015ft\u0131rmalar\u0131 Merkezi, Ruhr-Bochum Universitesi-Almanya.<\/p>\n<hr \/>\n<h4><strong><em>2012 Ph.D.\u00a0<\/em><\/strong><\/h4>\n<p>Early Childhood Education. Thesis title \u201cDevelopmentally Appropriate Practice and Parental Involvement in Preschools: Parent and Teacher Perspectives\u201d Unpublished Ph.D. Dissertation, Department of Elementary Education, Middle East Technical University.<\/p>\n<h4><strong><em>2012 Doktora<\/em><\/strong><\/h4>\n<p>Orta Do\u011fu Teknik \u00dcniversitesi, E\u011fitim Fak\u00fcltesi \u0130lk\u00f6\u011fretim B\u00f6l\u00fcm\u00fc &#8211; Okul \u00d6ncesi E\u011fitim, 2012. \u201cOkul \u00d6ncesi E\u011fitim Kurumlar\u0131nda Geli\u015fimsel Uygunluk Uygulamalar\u0131 ve Aile Kat\u0131l\u0131m\u0131: \u00d6\u011fretmen ve Anne-Baba G\u00f6r\u00fc\u015fleri\u201d.<\/p>\n<hr \/>\n<h4><strong><em>2008 M.S.<\/em><\/strong><\/h4>\n<p>Psychological Health and Counseling, Thesis title \u201cElementary School Students\u2019 Loneliness and Social Dissatisfaction Levels in Relation to Grade and After School Care Type\u201d. Department of Educational Sciences, Middle East Technical University.<\/p>\n<h4><strong><em>2008 Y\u00fcksek Lisans<\/em><\/strong><\/h4>\n<p>Orta Do\u011fu Teknik \u00dcniversitesi, E\u011fitim Fak\u00fcltesi, E\u011fitim Bilimleri B\u00f6l\u00fcm\u00fc- Psikolojik Dan\u0131\u015fma ve Rehberlik, 2008. \u00a0\u201c\u0130lkokul \u00d6\u011frencilerinin Yaln\u0131zl\u0131k ve Sosyal Doyumsuzluk D\u00fczeylerinin Okul Sonrasi Bak\u0131mlar\u0131, Okul Sonras\u0131 Yap\u0131lan Etkinlik \u00c7e\u015fidi ve Anne \u0130\u015f Durumu ile \u0130li\u015fkisi\u201d.<\/p>\n<hr \/>\n<h4><strong><em>2005 B.S.<\/em><\/strong><\/h4>\n<p>Early Childhood Education, Middle East Technical University.<\/p>\n<h4><strong><em>2005 Lisans<\/em><\/strong><\/h4>\n<p>Orta Do\u011fu Teknik \u00dcniversitesi, E\u011fitim Fak\u00fcltesi \u0130lk\u00f6\u011fretim B\u00f6l\u00fcm\u00fc &#8211; Okul \u00d6ncesi E\u011fitim, 2005.<\/p>\n<hr \/>\n<h4><strong><em>2005 Minor<\/em><\/strong><\/h4>\n<p>Psychology, Faculty of Arts and Sciences, Middle East Technical University, 2005<\/p>\n<h4><strong><em>2005 Yan Dal<\/em><\/strong><\/h4>\n<p>Orta Do\u011fu Teknik \u00dcniversitesi, Fen Edebiyat Fak\u00fcltesi Psikoloji B\u00f6l\u00fcm\u00fc.<\/p>\n<hr \/>","protected":false},"excerpt":{"rendered":"<p>E\u011fitim 2012-2013 Post-Doctoral Study\u00a0 Faculty of Psychology, Interdisciplinary Centre for Family Research, Ruhr-Bochum University, Bochum-Germany. 2012-2013 Doktora Sonras\u0131 Ara\u015ft\u0131rma Psikoloji Fak\u00fcltesi, Disiplinler Aras\u0131 Aile Ara\u015ft\u0131rmalar\u0131 Merkezi, Ruhr-Bochum Universitesi-Almanya. 2012 Ph.D.\u00a0 Early Childhood Education. Thesis title \u201cDevelopmentally Appropriate Practice and Parental Involvement in Preschools: Parent and Teacher Perspectives\u201d Unpublished Ph.D. Dissertation, Department of Elementary Education, Middle &hellip; <\/p>\n<p class=\"link-more\"><a href=\"https:\/\/blog.metu.edu.tr\/dozlen\/education\/\" class=\"more-link\">Continue reading<span class=\"screen-reader-text\"> &#8220;Education&#8221;<\/span><\/a><\/p>\n","protected":false},"author":4461,"featured_media":0,"parent":0,"menu_order":0,"comment_status":"closed","ping_status":"closed","template":"","meta":{"footnotes":"","_links_to":"","_links_to_target":""},"class_list":["post-152","page","type-page","status-publish","hentry"],"_links":{"self":[{"href":"https:\/\/blog.metu.edu.tr\/dozlen\/wp-json\/wp\/v2\/pages\/152","targetHints":{"allow":["GET"]}}],"collection":[{"href":"https:\/\/blog.metu.edu.tr\/dozlen\/wp-json\/wp\/v2\/pages"}],"about":[{"href":"https:\/\/blog.metu.edu.tr\/dozlen\/wp-json\/wp\/v2\/types\/page"}],"author":[{"embeddable":true,"href":"https:\/\/blog.metu.edu.tr\/dozlen\/wp-json\/wp\/v2\/users\/4461"}],"replies":[{"embeddable":true,"href":"https:\/\/blog.metu.edu.tr\/dozlen\/wp-json\/wp\/v2\/comments?post=152"}],"version-history":[{"count":0,"href":"https:\/\/blog.metu.edu.tr\/dozlen\/wp-json\/wp\/v2\/pages\/152\/revisions"}],"wp:attachment":[{"href":"https:\/\/blog.metu.edu.tr\/dozlen\/wp-json\/wp\/v2\/media?parent=152"}],"curies":[{"name":"wp","href":"https:\/\/api.w.org\/{rel}","templated":true}]}}