{"id":150,"date":"2017-01-28T21:12:12","date_gmt":"2017-01-28T18:12:12","guid":{"rendered":"http:\/\/blog.metu.edu.tr\/dozlen\/?page_id=150"},"modified":"2019-08-21T22:28:47","modified_gmt":"2019-08-21T19:28:47","slug":"projects","status":"publish","type":"page","link":"https:\/\/blog.metu.edu.tr\/dozlen\/projects\/","title":{"rendered":"Projects \/ Projeler"},"content":{"rendered":"<p><strong>Project Partnership \/ Proje Orta\u011f\u0131,<\/strong>\u00a0H2020 European Researchers Night Call Turkey Celebration, with Science Through Art Theme, Due: September, 2019.<\/p>\n<hr \/>\n<p><strong>Workshop Leader\/ At\u00f6lye Lideri,<\/strong> T\u00dcB\u0130TAK 4007 Bilim \u015eenli\u011fi Destekleme Program\u0131; Haydi Bilimle Ayd\u0131nlanal\u0131m. Eyl\u00fcl 2018.<\/p>\n<hr \/>\n<p><strong>Project Coordinator \/ Proje Koordinat\u00f6r\u00fc,\u00a0\u00a0<\/strong>ODT\u00dc Bilimsel Ara\u015ft\u0131rma Projesi; Okul \u00d6ncesi \u00d6\u011fretmenlerinin Aile Kat\u0131l\u0131m\u0131, Aile E\u011fitimi ve Aile Ba\u011fl\u0131l\u0131\u011f\u0131na Y\u00f6nelik G\u00f6r\u00fc\u015flerinin \u0130ncelenmesi. \u015eubat 2018- &#8230;<\/p>\n<hr \/>\n<p><strong>Project Coordinator \/\u00a0Proje Koordinat\u00f6r\u00fc,\u00a0<\/strong>\u00a0ODT\u00dc Bilimsel Ara\u015ft\u0131rma Projesi; Anaokulu Fen, Teknoloji, M\u00fchendislik Sanat ve Matematik (STEAM) E\u011fitimi: E\u011fitim kitleri haz\u0131rlanmas\u0131, \u00f6\u011fretmen e\u011fitimi, ve yaz okulu uygulamas\u0131. \u015eubat 2016-Aral\u0131k 2017.<\/p>\n<hr \/>\n","protected":false},"excerpt":{"rendered":"<p>Project Partnership \/ Proje Orta\u011f\u0131,\u00a0H2020 European Researchers Night Call Turkey Celebration, with Science Through Art Theme, Due: September, 2019. Workshop Leader\/ At\u00f6lye Lideri, T\u00dcB\u0130TAK 4007 Bilim \u015eenli\u011fi Destekleme Program\u0131; Haydi Bilimle Ayd\u0131nlanal\u0131m. Eyl\u00fcl 2018. Project Coordinator \/ Proje Koordinat\u00f6r\u00fc,\u00a0\u00a0ODT\u00dc Bilimsel Ara\u015ft\u0131rma Projesi; Okul \u00d6ncesi \u00d6\u011fretmenlerinin Aile Kat\u0131l\u0131m\u0131, Aile E\u011fitimi ve Aile Ba\u011fl\u0131l\u0131\u011f\u0131na Y\u00f6nelik G\u00f6r\u00fc\u015flerinin \u0130ncelenmesi. &hellip; <\/p>\n<p class=\"link-more\"><a href=\"https:\/\/blog.metu.edu.tr\/dozlen\/projects\/\" class=\"more-link\">Continue reading<span class=\"screen-reader-text\"> &#8220;Projects \/ Projeler&#8221;<\/span><\/a><\/p>\n","protected":false},"author":4461,"featured_media":0,"parent":0,"menu_order":0,"comment_status":"closed","ping_status":"closed","template":"","meta":{"footnotes":"","_links_to":"","_links_to_target":""},"class_list":["post-150","page","type-page","status-publish","hentry"],"_links":{"self":[{"href":"https:\/\/blog.metu.edu.tr\/dozlen\/wp-json\/wp\/v2\/pages\/150","targetHints":{"allow":["GET"]}}],"collection":[{"href":"https:\/\/blog.metu.edu.tr\/dozlen\/wp-json\/wp\/v2\/pages"}],"about":[{"href":"https:\/\/blog.metu.edu.tr\/dozlen\/wp-json\/wp\/v2\/types\/page"}],"author":[{"embeddable":true,"href":"https:\/\/blog.metu.edu.tr\/dozlen\/wp-json\/wp\/v2\/users\/4461"}],"replies":[{"embeddable":true,"href":"https:\/\/blog.metu.edu.tr\/dozlen\/wp-json\/wp\/v2\/comments?post=150"}],"version-history":[{"count":0,"href":"https:\/\/blog.metu.edu.tr\/dozlen\/wp-json\/wp\/v2\/pages\/150\/revisions"}],"wp:attachment":[{"href":"https:\/\/blog.metu.edu.tr\/dozlen\/wp-json\/wp\/v2\/media?parent=150"}],"curies":[{"name":"wp","href":"https:\/\/api.w.org\/{rel}","templated":true}]}}