{"id":148,"date":"2017-01-28T21:09:59","date_gmt":"2017-01-28T18:09:59","guid":{"rendered":"http:\/\/blog.metu.edu.tr\/dozlen\/?page_id=148"},"modified":"2023-02-03T15:22:53","modified_gmt":"2023-02-03T12:22:53","slug":"seminars","status":"publish","type":"page","link":"https:\/\/blog.metu.edu.tr\/dozlen\/seminars\/","title":{"rendered":"Seminars"},"content":{"rendered":"\n<p><strong>Seminerler<\/strong><\/p>\n\n\n<p>Demircan, H. \u00d6. (2022). STEM Education: Components and Gender Equity. Erasmus+ STEM4Girls Project Concluding Event Invited Speaker.<\/p>\n<p>Demircan, H. \u00d6. (2022). Child, Family and Early Childhood Education. Hacettepe University Faculty of Health Sciences Department of Audiology. Invited Speaker. Ankara<\/p>\n<p>Demircan, H. \u00d6. (2020).&nbsp; STEM Education in Early Childhood. Jandarma Preschool (MoNE Ankara Teachers\u2019 Workshops Organization), Ankara.<\/p>\n<p>Demircan, H. \u00d6. (2020). STEM into the Classroom.&nbsp; P\u0131narba\u015f\u0131 Mesleki ve Teknik Anadolu Lisesi (A Seminar is given to high school- child development program students about STEM education, for their ERASMUS+ Project visit to Holland), Ankara.<\/p>\n<p>Demircan, H. \u00d6. (2019-2020).&nbsp; STEM Education Teacher Training. October-December 2019 (7 Weeks*, 14 hours). Middle East Technical University, Ankara.<\/p>\n<p>Demircan, H. \u00d6. (2019).&nbsp; Finding Out the Ways of Embedding STEM into Early Childhood Education.&nbsp; Strateji ve B\u00fct\u00e7e Ba\u015fkanl\u0131\u011f\u0131 Preschool (MoNE Ankara Teachers\u2019 Workshops Organisation), Ankara.<\/p>\n<p>Demircan, H. \u00d6. (2019).&nbsp; STEM Education in Early Childhood. Serpil S\u00fcmer Preschool (MoNE Ankara Teachers\u2019 Workshops Organisation), Ankara.<\/p>\n<p>Demircan, H. \u00d6. (2019).&nbsp; Process in My Product, Children in My Process (Speaker). VII. Zeka ve Yetenek Kongresi, Ankara.<\/p>\n<p>Demircan, H. \u00d6. (2019).&nbsp; STEM Education in Early Childhood. \u0130ncek TEK Preschool (MoNE Ankara Teachers\u2019 Workshops Organisation), Ankara.<\/p>\n<p>Demircan, H. \u00d6. (2019). Walking the Walk Thorugh STEM. Sevgi Preschool (MoNE Ankara Teachers\u2019 Workshops Organisation), Ankara.<\/p>\n<p>Demircan, H. \u00d6. (2019). STEM into Classroom (Workshop). E\u011fitimde Fark Yarat Kongresi, TED \u00dcniversitesi, Ankara.<\/p>\n<p>Demircan, H. \u00d6. (2019). STEM Education in Early Childhood&nbsp; and My Class (Workshop).&nbsp; Tekirda\u011f Okul \u00d6ncesi E\u011fitim Zirvesi, Tekirda\u011f.<\/p>\n<p>Demircan, H. \u00d6. (2019). Walking the Walk Through STEM METU STEAM Day, B\u0130LTEMM. ODT\u00dc, Ankara.<\/p>\n<p>Demircan, H. \u00d6. (2019). Science Through Art Project ECE Coordinator. ODT\u00dc, Ankara.<\/p>\n<p>Demircan, H. \u00d6. (2018). Finding Out the Ways of Embedding STEM into Early Childhood Education. Ke\u015ffedici, Merakl\u0131 ve Yarat\u0131c\u0131 \u00c7ocuklar i\u00e7in Erken Ya\u015flarda Oyunun G\u00fcc\u00fc Etkile\u015fimli Konferans\u0131, B\u0130LTEMM, ODT\u00dc-Ankara.<\/p>\n<p>Demircan, H. \u00d6. (2018). Engineering Design-Based Learning Communities in Early Years. Bilkent International Laboratory School, Ankara-T\u00fcrkiye.<\/p>\n<p>Demircan, H. \u00d6. (2017). STEM Education Embedded Activities (Workshop), 5. Zeka ve Yetenek Kongresi, Ankara-T\u00fcrkiye.<\/p>\n<p>Demircan, H. \u00d6. (2017). STEM Education in Early Years, ODT\u00dc Yuva ve Anaokulu, Ankara-T\u00fcrkiye.<\/p>\n<p>Demircan, H. \u00d6. (2017). Engineering Education Implementation Clues in Early Childhood Education. 3. \u00c7ocuk Akl\u0131m G\u00fcn\u00fc, ODT\u00dc Ankara-T\u00fcrkiye.<\/p>\n<p>Demircan, H. \u00d6. (2016). Methods of Teaching in Early Childhood. ODT\u00dc Yuva, Ankara-T\u00fcrkiye.<\/p>\n<p>Demircan, H. \u00d6. (2016). Methods of Teaching in Early Childhood. \u00c7ankaya Belediyesi Dostluk GBE, Ankara-T\u00fcrkiye.<\/p>\n<p>Demircan, H. \u00d6. (2016). Methods of Teaching in Early Childhood. Minik Devler Anaokulu, Ankara-T\u00fcrkiye.<\/p>\n<p>Demircan, H. \u00d6. (2015). Parental Involvement in Early Childhood Education. ODT\u00dc Yuva, Ankara-T\u00fcrkiye.<\/p>\n<p>Demircan, H. \u00d6. (2015). The Project Approach. ODT\u00dc Yuva, Ankara-T\u00fcrkiye.<\/p>\n<p>Demircan, H. \u00d6. (2015). The Project Approach. \u00c7ankaya Belediyesi Dostluk GBE, Ankara-T\u00fcrkiye.<\/p>\n<p>Demircan, H. \u00d6. (2015). Teaching Math in Early Years. \u00c7ankaya Belediyesi Dostluk GBE, Ankara-T\u00fcrkiye.<\/p>\n<p>Demircan, H. \u00d6. (2015). Teaching Math in Early Years. ODT\u00dc Yuva, Ankara-T\u00fcrkiye.<\/p>\n<p>Demircan, H. \u00d6. (2013). Parent Involvement Barriers Perceived by Preschool Teachers, Ankara-T\u00fcrkiye.<\/p>\n<p>Demircan, H. \u00d6. (2013). Parent Involvement Barriers Perceived by Parents of Preschoolers. G\u00fcnebakan Anaokulu, Ankara-T\u00fcrkiye.<\/p>\n<p>Demircan, H. \u00d6. (2012). Foundation of Immigrant Women. Dortmund-Germany. The ways of communicating with school personnel, Immigrant Women Training Series. Dietrich-Keuning-Haus, Dortmund, Germany.<\/p>\n<p>Demircan, H. \u00d6. (2012). Developmentally Appropriate Practice and Parental Involvement in<\/p>\n<p>Demircan, H. \u00d6. (2011). Parent Involvement in Early childhood. Milli E\u011fitim Bakanl\u0131\u011f\u0131 Hizmet \u0130\u00e7i E\u011fitim Program\u0131, MEB Ankara, T\u00fcrkiye, 2011.<\/p>\n<p><\/p>\n<p><\/p>","protected":false},"excerpt":{"rendered":"<p>Seminerler Demircan, H. \u00d6. (2022). STEM Education: Components and Gender Equity. Erasmus+ STEM4Girls Project Concluding Event Invited Speaker. Demircan, H. \u00d6. (2022). Child, Family and Early Childhood Education. Hacettepe University Faculty of Health Sciences Department of Audiology. Invited Speaker. Ankara Demircan, H. \u00d6. (2020).&nbsp; STEM Education in Early Childhood. Jandarma Preschool (MoNE Ankara Teachers\u2019 Workshops &hellip; <\/p>\n<p class=\"link-more\"><a href=\"https:\/\/blog.metu.edu.tr\/dozlen\/seminars\/\" class=\"more-link\">Continue reading<span class=\"screen-reader-text\"> &#8220;Seminars&#8221;<\/span><\/a><\/p>\n","protected":false},"author":4461,"featured_media":0,"parent":0,"menu_order":0,"comment_status":"closed","ping_status":"closed","template":"","meta":{"footnotes":"","_links_to":"","_links_to_target":""},"class_list":["post-148","page","type-page","status-publish","hentry"],"_links":{"self":[{"href":"https:\/\/blog.metu.edu.tr\/dozlen\/wp-json\/wp\/v2\/pages\/148","targetHints":{"allow":["GET"]}}],"collection":[{"href":"https:\/\/blog.metu.edu.tr\/dozlen\/wp-json\/wp\/v2\/pages"}],"about":[{"href":"https:\/\/blog.metu.edu.tr\/dozlen\/wp-json\/wp\/v2\/types\/page"}],"author":[{"embeddable":true,"href":"https:\/\/blog.metu.edu.tr\/dozlen\/wp-json\/wp\/v2\/users\/4461"}],"replies":[{"embeddable":true,"href":"https:\/\/blog.metu.edu.tr\/dozlen\/wp-json\/wp\/v2\/comments?post=148"}],"version-history":[{"count":0,"href":"https:\/\/blog.metu.edu.tr\/dozlen\/wp-json\/wp\/v2\/pages\/148\/revisions"}],"wp:attachment":[{"href":"https:\/\/blog.metu.edu.tr\/dozlen\/wp-json\/wp\/v2\/media?parent=148"}],"curies":[{"name":"wp","href":"https:\/\/api.w.org\/{rel}","templated":true}]}}