{"id":77,"date":"2017-11-27T06:26:09","date_gmt":"2017-11-27T06:26:09","guid":{"rendered":"http:\/\/blog.metu.edu.tr\/dal\/?page_id=77"},"modified":"2017-12-13T14:14:53","modified_gmt":"2017-12-13T14:14:53","slug":"project","status":"publish","type":"page","link":"https:\/\/blog.metu.edu.tr\/dal\/project\/","title":{"rendered":"Projects"},"content":{"rendered":"<p><strong>1001-Bilimsel ve Teknolojik Ara\u015ft\u0131rma Projelerini Destekleme Program\u0131<\/strong><\/p>\n<p>NEMS ve MEMS Mikroyap\u0131lar i\u00e7in Y\u00fcksek Mertebe Davran\u0131\u015f Modeli Geli\u015ftirilmesi<\/p>\n<p><strong>3501-Kariyer Geli\u015ftirme Program\u0131<\/strong><\/p>\n","protected":false},"excerpt":{"rendered":"<p>1001-Bilimsel ve Teknolojik Ara\u015ft\u0131rma Projelerini Destekleme Program\u0131 NEMS ve MEMS Mikroyap\u0131lar i\u00e7in Y\u00fcksek Mertebe Davran\u0131\u015f Modeli Geli\u015ftirilmesi 3501-Kariyer Geli\u015ftirme Program\u0131<\/p>\n","protected":false},"author":5191,"featured_media":0,"parent":0,"menu_order":0,"comment_status":"closed","ping_status":"closed","template":"","meta":{"footnotes":"","_links_to":"","_links_to_target":""},"class_list":["post-77","page","type-page","status-publish","hentry"],"_links":{"self":[{"href":"https:\/\/blog.metu.edu.tr\/dal\/wp-json\/wp\/v2\/pages\/77","targetHints":{"allow":["GET"]}}],"collection":[{"href":"https:\/\/blog.metu.edu.tr\/dal\/wp-json\/wp\/v2\/pages"}],"about":[{"href":"https:\/\/blog.metu.edu.tr\/dal\/wp-json\/wp\/v2\/types\/page"}],"author":[{"embeddable":true,"href":"https:\/\/blog.metu.edu.tr\/dal\/wp-json\/wp\/v2\/users\/5191"}],"replies":[{"embeddable":true,"href":"https:\/\/blog.metu.edu.tr\/dal\/wp-json\/wp\/v2\/comments?post=77"}],"version-history":[{"count":0,"href":"https:\/\/blog.metu.edu.tr\/dal\/wp-json\/wp\/v2\/pages\/77\/revisions"}],"wp:attachment":[{"href":"https:\/\/blog.metu.edu.tr\/dal\/wp-json\/wp\/v2\/media?parent=77"}],"curies":[{"name":"wp","href":"https:\/\/api.w.org\/{rel}","templated":true}]}}