{"id":133,"date":"2017-11-27T11:10:08","date_gmt":"2017-11-27T11:10:08","guid":{"rendered":"http:\/\/blog.metu.edu.tr\/dal\/?page_id=133"},"modified":"2018-09-19T11:02:48","modified_gmt":"2018-09-19T11:02:48","slug":"teaching-experience","status":"publish","type":"page","link":"https:\/\/blog.metu.edu.tr\/dal\/teaching-experience\/","title":{"rendered":"Teaching Experience"},"content":{"rendered":"<p>\u2022<strong> Middle East Technical University, Assistant Professor (04\/2014\u2013present)<\/strong><br \/>\nME 547 Introduction to Continuum Mechanics, 3 Credits<br \/>\nMDM 517 Finite Element Analysis in Solids, 3 Credits<br \/>\nME 410 Mechanical Engineering Systems Laboratory, 3 Credits<br \/>\nME 210 Applied Mathematics for Mechanical Engineers, 3 Credits<br \/>\nME 206 Strength of Materials, 3 Credits<br \/>\nME 205 Statics, 3 Credits<\/p>\n<p>\u2022 <strong>University of Stuttgart, Lecturer (02\/2012 \u2013 03\/2014<\/strong> )<br \/>\nFall 2012, Computational Mechanics of Materials, 6 ECTS points<br \/>\nCore course for ComputationalMechanics of Materials and Structures Master students.<br \/>\nSpring 2013, Micromechanics of Materials and Homogenozation Methods, 6 ECTS<br \/>\npoints, Elective course for Computational Mechanics of Materials and Structures Master<br \/>\nstudents.<br \/>\nFall 2013, Computational Mechanics of Materials, 6 ECTS points<br \/>\nCore course for ComputationalMechanics of Materials and Structures Master students.<\/p>\n<p>\u2022<strong> Middle East Technical University, Teaching assistant (11\/2001\u201309\/2003)<\/strong><br \/>\nSpring 2003, CE 384: Structural Analysis, 3 Credits<br \/>\nCore course for junior civil engineering students<br \/>\nFall 2002, CE 483: Advanced Structural Analysis, 3 Credits<br \/>\nCore course for senior civil engineering students in structural mechanics division<br \/>\nSpring 2002, CE 102: Introduction for Civil Engineering<br \/>\nCore course for freshman civil engineering students<br \/>\nSpring 2002, CE 483: Advanced Structural Analysis, 3 Credits<br \/>\nCore course for senior civil engineering students in structural mechanics division<\/p>\n<p><strong>Theses Supervised<\/strong><\/p>\n<p>\u2022 M.Sc. Thesis on &#8220;Design of an intertia measurement device for stores, by Berkay K\u0131l\u0131\u00e7, 2018<br \/>\n\u2022 M.Sc. Thesis on &#8220;Dynamic fracture of explosive bolt&#8221;, by Batuhan G\u00f6k\u00e7e, 2018<br \/>\n\u2022 M.Sc. Thesis on &#8220;Quasi-Incompressible and Quasi-Inextensible element and material formulation for anisotropic medium&#8221;, by Burak Rodoplu, 2018<br \/>\n\u2022 M.Sc. Thesis on &#8220;A multiobjective optimization toolbox development for parameter identification of elastomers&#8221;, by Tanyel Tekin, 2018<br \/>\n\u2022 M.Sc. Thesis on \u201dFinite strain modeling of coupled thermo-mechanical behavior of polycrystalline Ni-Ti shape memory alloys&#8221;, by Vahid Rezazadeh, 2017<br \/>\n\u2022 M.Sc. Thesis on \u201dA Cahn-Hilliard type phase field model for intercalation dynamics in<br \/>\nrechargeable battery systems\u201d by Yuan Zhao, 2014<br \/>\n\u2022 M.Sc. Thesis on \u201dA phase field model for the failure of artery walls: Application to rupture<br \/>\ndue to Aneursym\u201d by Osman Gultekin, 2014<br \/>\n\u2022 M.Sc. Thesis on \u201dIntercalation induced stress generation in high performance Li-ion battery<br \/>\nsystems\u201d, by Abbas Iftikhar, 2013<br \/>\n\u2022 M.Sc. Thesis on \u201dA Multiscale continuum damage model for cavity growth in rubberlike<br \/>\nmaterials\u201d, by Faik Baris Can Cansiz, 2012<br \/>\n\u2022 B.Sc. Thesis on \u201dBiomechanik des Herzens: Einfuhrung eines orthotropen-viskoelastischen<br \/>\nStoffgesetzes fur das Herzgewebe\u201d, by Sabine Kuznik, 2009<\/p>\n<p>&nbsp;<\/p>\n<p>&nbsp;<\/p>\n<p>&nbsp;<\/p>\n<p>&nbsp;<\/p>\n<p>&nbsp;<\/p>\n<p>&nbsp;<\/p>\n<p>&nbsp;<\/p>\n","protected":false},"excerpt":{"rendered":"<p>\u2022 Middle East Technical University, Assistant Professor (04\/2014\u2013present) ME 547 Introduction to Continuum Mechanics, 3 Credits MDM 517 Finite Element Analysis in Solids, 3 Credits ME 410 Mechanical Engineering Systems Laboratory, 3 Credits ME 210 Applied Mathematics for Mechanical Engineers, 3 Credits ME 206 Strength of Materials, 3 Credits ME 205 Statics, 3 Credits \u2022 [&hellip;]<\/p>\n","protected":false},"author":5191,"featured_media":0,"parent":0,"menu_order":0,"comment_status":"closed","ping_status":"closed","template":"","meta":{"footnotes":"","_links_to":"","_links_to_target":""},"class_list":["post-133","page","type-page","status-publish","hentry"],"_links":{"self":[{"href":"https:\/\/blog.metu.edu.tr\/dal\/wp-json\/wp\/v2\/pages\/133","targetHints":{"allow":["GET"]}}],"collection":[{"href":"https:\/\/blog.metu.edu.tr\/dal\/wp-json\/wp\/v2\/pages"}],"about":[{"href":"https:\/\/blog.metu.edu.tr\/dal\/wp-json\/wp\/v2\/types\/page"}],"author":[{"embeddable":true,"href":"https:\/\/blog.metu.edu.tr\/dal\/wp-json\/wp\/v2\/users\/5191"}],"replies":[{"embeddable":true,"href":"https:\/\/blog.metu.edu.tr\/dal\/wp-json\/wp\/v2\/comments?post=133"}],"version-history":[{"count":0,"href":"https:\/\/blog.metu.edu.tr\/dal\/wp-json\/wp\/v2\/pages\/133\/revisions"}],"wp:attachment":[{"href":"https:\/\/blog.metu.edu.tr\/dal\/wp-json\/wp\/v2\/media?parent=133"}],"curies":[{"name":"wp","href":"https:\/\/api.w.org\/{rel}","templated":true}]}}