{"id":24,"date":"2025-08-31T12:12:08","date_gmt":"2025-08-31T12:12:08","guid":{"rendered":"https:\/\/blog.metu.edu.tr\/charm\/?page_id=24"},"modified":"2025-09-02T13:50:32","modified_gmt":"2025-09-02T13:50:32","slug":"publications","status":"publish","type":"page","link":"https:\/\/blog.metu.edu.tr\/charm\/publications\/","title":{"rendered":"Publications"},"content":{"rendered":"\n<h2 class=\"wp-block-heading\">International Journal<\/h2>\n\n\n\n<ol class=\"wp-block-list\">\n<li>F. Koltuk and E. G\u00fcran Schmidt &#8220;Uniformity and Independence of H3 Hash Functions for Bloom Filters,&#8221;&nbsp;<em>IEEE Transactions on Computers<\/em>, vol.73, no. 8, pp. 1913 &#8211; 1923, Aug. 2024.<\/li>\n\n\n\n<li>S. Zengin and E. G. Schmidt, &#8220;A Fast and Accurate Hardware String Matching Module with Bloom Filters,&#8221;&nbsp;<em>IEEE Transactions on Parallel and Distributed Systems<\/em>, vol. 28, no. 2, pp. 305-317, Feb. 1 2017.<\/li>\n\n\n\n<li>N. Ayyildiz, E. G. Schmidt and H. C. Guran, \u201c S-DIRECT : Scalable and Dynamically Reconfigurable TCAM Architecture for High-speed IP Lookup,\u201d&nbsp;<em>The Computer Journal<\/em>, vol. 58, no.6, pp. 1443-1455, 2015.<\/li>\n\n\n\n<li>M. Sanli, E. G. Schmidt and H. C. Guran, \u201c Hardware Design and Implementation of Packet Fair Queuing Algorithms for the Quality of Service Support in the High-speed Internet,\u201d<em>&nbsp;Elsevier Computer Networks<\/em>, in the Special Issue on \u201cChallenges in High-Performance Switching and Routing in the Future Internet\u201d, vol. 56, no.13, pp. 3065-3075, 2012.<\/li>\n\n\n\n<li>M. Sanli, E. G. Schmidt and H. C. Guran, \u201c FPGEN: A Fast, Scalable and Programmable Traffic Generator for the Performance Evaluation of High-speed Computer Networks,\u201d<em>&nbsp;Elsevier Performance Evaluation<\/em>, vol. 68, no.12, pp. 1276-1290, 2011.<\/li>\n\n\n\n<li>M. Soysal and E. G. Schmidt, &#8220;Machine Learning Algorithms for Accurate Flow-based Network Traffic Classification: Evaluation and Comparison,&#8221;&nbsp;<em>Elsevier Performance Evaluation<\/em>, vol. 67, no.6, pp. 451-467, 2010.<\/li>\n\n\n\n<li>S. Ece (Guran) Schmidt and Hyong S. Kim, \u201cA new scalable service discipline for real-time traffic: The framed-deadline scheduler,\u201d&nbsp;<em>Elsevier Computer Communications<\/em>, vol. 30, no.6, pp. 1258-1277, 2007.<\/li>\n\n\n\n<li>S. Ece (Guran) Schmidt and Hyong S. Kim, \u201cFrame-counter scheduler: A novel QoS scheduler for real-time traffic,\u201d&nbsp;<em>Elsevier Computer Communications<\/em>, vol. 29, no.12, pp. 2181-2200, 2006.<\/li>\n<\/ol>\n\n\n\n<h2 class=\"wp-block-heading\">International Conference<\/h2>\n\n\n\n<ol class=\"wp-block-list\">\n<li>F. Yaz\u0131c\u0131, A. S. Y\u0131ld\u0131z, A. Yazar, E. G. Schmidt, \u201cA Novel Scalable On-chip Switch Architecture with Quality of Service Support for Hardware Accelerated Cloud Data Centers,\u201d IEEE International Conference on Cloud Networking, 2020.<\/li>\n\n\n\n<li>C. Canpolat and E. G. Schmidt, &#8220;Dynamic User Count Aware Resource Allocation for Network Slicing in Virtualized Radio Access Networks,&#8221; 2020 25th IEEE Symposium on Computers and Communications (ISCC) , Rennes, France, 2020.<\/li>\n\n\n\n<li>F. Koltuk and E. G. Schmidt, &#8220;A Novel Method for the Synthetic Generation of Non-I.I.D Workloads for Cloud Data Centers,&#8221; 2020 25th IEEE Symposium on Computers and Communications (ISCC) , Rennes, France, 2020.<\/li>\n\n\n\n<li>N. U. Ekici, K. W. Schmidt, A. Yazar and E. G. Schmidt, &#8220;Resource Allocation for Minimized Power Consumption in Hardware Accelerated Clouds,&#8221; 2019 28th International Conference on Computer Communication and Networks (ICCCN), Valencia, Spain, 2019.<\/li>\n\n\n\n<li>A. Erol, A. Yazar and E. G. Schmidt, &#8220;OpenStack Generalization for Hardware Accelerated Clouds,&#8221; 2019 28th International Conference on Computer Communication and Networks (ICCCN), Valencia, Spain, 2019.<\/li>\n\n\n\n<li>M. Sanli, A. Pehlivanli, and E. G. Schmidt, &#8220;Window Based Fair Aggregator for the Scalable Support of QoS Guarantees in the Backbone: An Experimental Performance Study,&#8221;&nbsp;<em>IEEE ICNC 2016<\/em>.<\/li>\n\n\n\n<li>M. Sanli, E. G. Schmidt and H. C. Guran, &#8220;A Flow Aggregation Method for the Scalable and Efficient Quality of Service Support in Next Generation Networks, &#8220;<em>IEEE GLOBECOM 2013<\/em>.<\/li>\n\n\n\n<li>M. Ozkardes and E. G. Schmidt, &#8220;CALMTV: A Cluster Based Application Layer Multicast Architecture for IPTV,&#8221;&nbsp;<em>IEEE GLOBECOM 2013<\/em>.<\/li>\n\n\n\n<li>Murat Soysal and E. G. Schmidt, \u201c An Accurate Evaluation of Machine Learning Algorithms for Flow-based P2P Traffic Detection,\u201d<em>&nbsp;IEEE ISCIS07<\/em>, 2007.<\/li>\n<\/ol>\n\n\n\n<h2 class=\"wp-block-heading\">SIU Papers<\/h2>\n\n\n\n<ol class=\"wp-block-list\">\n<li>Do\u011fan, Onat Deniz, et al. &#8220;I 2 CLOUDMAN: DQN-Enhanced ILP Model for Optimal Virtual Machine Placement and Migration in Cloud Data Centers.&#8221;\u00a0<em>2025 33rd Signal Processing and Communications Applications Conference (SIU)<\/em>. IEEE, 2025.<\/li>\n\n\n\n<li>Acar, Tan \u00c7a\u011fatay, and Ece G\u00fcran Schmidt. &#8220;CBIBRS: Client-Side Best Initial Bitrate Selection for HTTP Adaptive Streaming.&#8221;\u00a0<em>2025 33rd Signal Processing and Communications Applications Conference (SIU)<\/em>. IEEE, 2025.<\/li>\n\n\n\n<li>U. Do\u011fan, A. Koyun, S. S. Yal\u00e7\u0131n and E. G\u00fcran Schmidt, &#8220;RISC-V Simulator Library for Real-time Applications: Development and Verification,&#8221; 2024 32nd Signal Processing and Communications Applications Conference (SIU), IEEE 2024.<\/li>\n\n\n\n<li>\u00c7emen, Mustafa Fatih, and Ece G\u00fcran Schmidt. &#8220;Quality of Service Support for a 5G Network UPF Module: Software Implementation and Realistic Evaluation.&#8221; 2024 32nd Signal Processing and Communications Applications Conference (SIU). IEEE, 2024.<\/li>\n\n\n\n<li>E. B. Yitim and E. G\u00fcran Schmidt, &#8220;An AXI Data Shaper for Heterogeneous FPGA System-on-Chip (SoC) Architectures,&#8221; 2022 30th Signal Processing and Communications Applications Conference (SIU), 2022.<\/li>\n\n\n\n<li>D. E. Arkada\u015f, M. Akp\u0131nar, E. G. Schmidt and K. W. Schmidt, &#8220;Clock Synchronization for the Controller Area Network using Bit Timing Information,&#8221; 2022 30th Signal Processing and Communications Applications Conference (SIU), 2022.<\/li>\n\n\n\n<li>A. T\u0131rl\u0131o\u011flu, \u00d6. B. Demir, A. Yazar, E. G. Schmidt, \u201cBulut Bili\u015fim i\u00e7in Donan\u0131m H\u0131zland\u0131r\u0131c\u0131lar: \u00d6zellikler ve Ger\u00e7ekle\u015ftirim-Hardware Accelerators for Cloud Computing: Features and Implementation,\u201d IEEE 29. Sinyal \u0130\u015fleme ve \u0130leti\u015fim Uygulamalar\u0131 Kurultay\u0131, 2021.<\/li>\n\n\n\n<li>F. Yaz\u0131c\u0131, A. S. Y\u0131ld\u0131z, A. Yazar, E. G. Schmidt, \u201cDonan\u0131m H\u0131zland\u0131r\u0131c\u0131l\u0131 Bulut Bili\u015fim Sistemleri i\u00e7in Yonga-\u00fcst\u00fc Anahtar Mimarisi-An On-chip Switch Architecture for Hardware Accelerated Cloud Computing Systems,\u201d IEEE 28. Sinyal \u0130\u015fleme ve \u0130leti\u015fim Uygulamalar\u0131 Kurultay\u0131, 2020.<\/li>\n\n\n\n<li>F. Koltuk, E. G. Schmidt, \u201cBulut Veri Merkezleri i\u00e7in Ger\u00e7ek\u00e7i \u0130\u015f Y\u00fck\u00fc \u00dcretimi- Realistic Workload Generation for Cloud Data Centers,\u201d IEEE 28. Sinyal \u0130\u015fleme ve \u0130leti\u015fim Uygulamalar\u0131 Kurultay\u0131, 2020.<\/li>\n\n\n\n<li>M. \u00c7. G\u00fcldiken, E. G. Schmidt, K.W. Schmidt, \u201cMVB&#8217;de Telegramlar\u0131n \u00c7izelgelenmesi \u0130\u00e7in Bulu\u015fsal Algoritmalar- Heuristic Algorithms For The Telegram Scheduling On MVB,\u201d IEEE 28. Sinyal \u0130\u015fleme ve \u0130leti\u015fim Uygulamalar\u0131 Kurultay\u0131, 2020.<\/li>\n\n\n\n<li>M. Akp\u0131nar, E. G. Schmidt, K.W. Schmidt, \u201cCAN A\u011f\u0131 \u00dczerinde Saat Senkronizasyonu Algoritmalar\u0131n\u0131n De\u011ferlendirilmesi-Evaluation of Clock Synchronization Algorithms for Controller Area Network,\u201d IEEE 28. Sinyal \u0130\u015fleme ve \u0130leti\u015fim Uygulamalar\u0131 Kurultay\u0131, 2020.<\/li>\n\n\n\n<li>A. Erol, A. Yazar, E. G. Schmidt, \u201cHeterojen Bulut Kaynaklar\u0131n\u0131n Y\u00f6netimi \u0130\u00e7in OpenStack Genelle\u015ftirimi-A Generalization of OpenStack for Managing Heterogeneous Cloud Resources,\u201d IEEE 27. Sinyal \u0130\u015fleme ve \u0130leti\u015fim Uygulamalar\u0131 Kurultay\u0131, 2019.<\/li>\n\n\n\n<li>F. Koltuk, A. Yazar, E. G. Schmidt, \u201cCLOUDGEN: Bulut Bili\u015fim Sistemlerinin Ba\u015far\u0131m De\u011ferlendirmesi i\u00e7in \u0130\u015f Y\u00fck\u00fc \u00dcretimi-CLOUDGEN: Workload Generation for the Evaluation of Cloud Computing Systems,\u201d IEEE 27. Sinyal \u0130\u015fleme ve \u0130leti\u015fim Uygulamalar\u0131 Kurultay\u0131, 2019.<\/li>\n\n\n\n<li>N. U. Ekici, K. W. Schmidt, A. Yazar, E. G. Schmidt, \u201cACCLOUD-MAN \u2014 Heterojen Bulutlarda G\u00fc\u00e7 Etkin Kaynak Atamas\u0131-ACCLOUD-MAN \u2014 Power Efficient Resource Allocation for Heterogeneous Clouds,\u201d IEEE 27. Sinyal \u0130\u015fleme ve \u0130leti\u015fim Uygulamalar\u0131 Kurultay\u0131, 2019.<\/li>\n\n\n\n<li>A. Yazar, A. Erol, E. G. Schmidt, \u201cACCLOUD: FPGA ile H\u0131zland\u0131r\u0131lm\u0131\u015f Yeni bir Bulut Mimarisi-ACCLOUD (ACcelerated CLOUD): A Novel FPGA-Accelerated Cloud Archictecture,\u201d IEEE 26. Sinyal \u0130\u015fleme ve \u0130leti\u015fim Uygulamalar\u0131 Kurultay\u0131, 2018.<\/li>\n\n\n\n<li>G. Eral, E. G. Schmidt, \u201cFASST: Yaz\u0131l\u0131m Tan\u0131ml\u0131 Bilgisayar A\u011flar\u0131 i\u00e7in Y\u00fcksek Ba\u015far\u0131ml\u0131, \u00d6l\u00e7eklenebilir bir Kural Tablosu Donan\u0131m Mimarisi-FASST: A High Performance Scalable Rule Table Hardware Architecture for Software Defined Networks,\u201d IEEE 26. Sinyal \u0130\u015fleme ve \u0130leti\u015fim Uygulamalar\u0131 Kurultay\u0131, 2018.<\/li>\n\n\n\n<li>A. \u00d6ge, E. G. Schmidt, \u201cVerimli Uyarlanabilir Ak\u0131\u015f (EFAST): Algoritma,Ger\u00e7ekle\u015ftirim, De\u011ferlendirme-EFficient Adaptive STreaming (EFAST): Algorithm, Implementation and Evaluation,\u201d IEEE 26. Sinyal \u0130\u015fleme ve \u0130leti\u015fim Uygulamalar\u0131 Kurultay\u0131, 201<\/li>\n<\/ol>\n","protected":false},"excerpt":{"rendered":"<p>International Journal International Conference SIU Papers<\/p>\n","protected":false},"author":9416,"featured_media":0,"parent":0,"menu_order":0,"comment_status":"closed","ping_status":"closed","template":"","meta":{"footnotes":"","_links_to":"","_links_to_target":""},"class_list":["post-24","page","type-page","status-publish","hentry"],"_links":{"self":[{"href":"https:\/\/blog.metu.edu.tr\/charm\/wp-json\/wp\/v2\/pages\/24","targetHints":{"allow":["GET"]}}],"collection":[{"href":"https:\/\/blog.metu.edu.tr\/charm\/wp-json\/wp\/v2\/pages"}],"about":[{"href":"https:\/\/blog.metu.edu.tr\/charm\/wp-json\/wp\/v2\/types\/page"}],"author":[{"embeddable":true,"href":"https:\/\/blog.metu.edu.tr\/charm\/wp-json\/wp\/v2\/users\/9416"}],"replies":[{"embeddable":true,"href":"https:\/\/blog.metu.edu.tr\/charm\/wp-json\/wp\/v2\/comments?post=24"}],"version-history":[{"count":0,"href":"https:\/\/blog.metu.edu.tr\/charm\/wp-json\/wp\/v2\/pages\/24\/revisions"}],"wp:attachment":[{"href":"https:\/\/blog.metu.edu.tr\/charm\/wp-json\/wp\/v2\/media?parent=24"}],"curies":[{"name":"wp","href":"https:\/\/api.w.org\/{rel}","templated":true}]}}