{"id":23,"date":"2025-08-31T12:12:08","date_gmt":"2025-08-31T12:12:08","guid":{"rendered":"https:\/\/blog.metu.edu.tr\/charm\/?page_id=23"},"modified":"2025-09-03T10:50:23","modified_gmt":"2025-09-03T10:50:23","slug":"project","status":"publish","type":"page","link":"https:\/\/blog.metu.edu.tr\/charm\/project\/","title":{"rendered":"Projects"},"content":{"rendered":"\n<h2 class=\"wp-block-heading\">In Progress<\/h2>\n\n\n\n<p><\/p>\n\n\n\n<ol class=\"wp-block-list\">\n<li>Industrial Research Project conducted with Aselsan Inc. and METU TTO: &#8220;High-speed (40G-100G) Packet Processing&#8221;, Principal Investigator, Project end date: May 2027.<\/li>\n\n\n\n<li>Industrial Research Project conducted with BullTech and METU TTO: \u201cRisk Management for FPGA-Based High Frequency Trading Users\u201d, Principal Investigator, Project end date: December 2026.<\/li>\n<\/ol>\n\n\n\n<h2 class=\"wp-block-heading\">Completed<\/h2>\n\n\n\n<ol class=\"wp-block-list\">\n<li>Industrial Research Project conducted with BullTech and OTEST: \u201cDevelopment of a New FPGA-based UPF Device Architecture for 5G Networks\u201d, Principal Investigator, Project end date: April 2024.<\/li>\n\n\n\n<li>Industrial Research Project conducted with SAGE and OTEST: &#8220;ozgur: A Custom RISC-V Processor Core and Hardware Accelarator Platform for Real-time Embedded Applications, &#8221; Principal Investigator, Project end date: July 2024.<\/li>\n\n\n\n<li>TUBITAK (The Scientific and Technological Research Council of T\u00fcrkiye) 1003 Priority Areas Research Project -ACCLOUD (ACCELERATED CLOUD): A Novel, FPGA-Accelerated Cloud Architecture -ACCLOUD (ACCELERATED CLOUD): FPGA \u0130le H\u0131zland\u0131r\u0131lm\u0131\u015f Yeni Bir Bulut Mimarisi, Principal Investigator (2018-2021) \n<ul class=\"wp-block-list\">\n<li><a href=\"http:\/\/users.metu.edu.tr\/eguran\/linked_pages\/METU_EEE_ACCLOUD_Schmidt_Yazar.pdf\">Project Abstract<\/a><\/li>\n\n\n\n<li><a href=\"http:\/\/accloud.eee.metu.edu.tr\/\">ACCLOUD Web Page<\/a><\/li>\n\n\n\n<li><a href=\"http:\/\/users.metu.edu.tr\/eguran\/linked_pages\/Hardware%20Accelerated%20Cloud%20Computing_metu.pdf\">Hardware Accelerated Cloud Computing Lecture<\/a><\/li>\n<\/ul>\n<\/li>\n\n\n\n<li>METU Research Project: \u201cMETU-STARS: Y\u00fcksek Ba\u015far\u0131ml\u0131 Yeni Bir Sistematik Yaz\u0131l\u0131m Tan\u0131ml\u0131 A\u011f (Software Def\u0131ned Network-SDN) Y\u00f6netimi -A Novel and High-performance Systematic Software Def\u0131ned Network-SDN Management Method\u201d, principal investigator, Project end date: May 2019.<\/li>\n\n\n\n<li>METU Research Project: \u201cMETU-HAS: Y\u00fcksek Ba\u015far\u0131ml\u0131 Yeni Bir Sistematik HTTP Adaptive Streaming (HAS) Y\u00f6ntemi \u2013 METU-HAS: A Novel and High-performance Systematic HTTP Adaptive Streaming (HAS) Method\u201d, principal investigator, Project end date: December 2017.<\/li>\n\n\n\n<li>METU Research Project: \u201cBilgisayar a\u011flar\u0131 \u00fczerinde ger\u00e7ek zamanl\u0131 trafik iletimi i\u00e7in kullan\u0131lan zamanlama algoritmalar\u0131 analizi-Analysis of scheduling algorithms for real-time communication over computer networks\u201d, principal invesigator, Project end date: December 2005.<\/li>\n\n\n\n<li>Industrial project grant from Pittsburgh Digital Greenhouse: \u201cNetwork switch on a single chip\u201d, researcher, Project end date: 2002.<\/li>\n<\/ol>\n\n\n\n<p><\/p>\n","protected":false},"excerpt":{"rendered":"<p>In Progress Completed<\/p>\n","protected":false},"author":9416,"featured_media":0,"parent":0,"menu_order":0,"comment_status":"closed","ping_status":"closed","template":"","meta":{"footnotes":"","_links_to":"","_links_to_target":""},"class_list":["post-23","page","type-page","status-publish","hentry"],"_links":{"self":[{"href":"https:\/\/blog.metu.edu.tr\/charm\/wp-json\/wp\/v2\/pages\/23","targetHints":{"allow":["GET"]}}],"collection":[{"href":"https:\/\/blog.metu.edu.tr\/charm\/wp-json\/wp\/v2\/pages"}],"about":[{"href":"https:\/\/blog.metu.edu.tr\/charm\/wp-json\/wp\/v2\/types\/page"}],"author":[{"embeddable":true,"href":"https:\/\/blog.metu.edu.tr\/charm\/wp-json\/wp\/v2\/users\/9416"}],"replies":[{"embeddable":true,"href":"https:\/\/blog.metu.edu.tr\/charm\/wp-json\/wp\/v2\/comments?post=23"}],"version-history":[{"count":0,"href":"https:\/\/blog.metu.edu.tr\/charm\/wp-json\/wp\/v2\/pages\/23\/revisions"}],"wp:attachment":[{"href":"https:\/\/blog.metu.edu.tr\/charm\/wp-json\/wp\/v2\/media?parent=23"}],"curies":[{"name":"wp","href":"https:\/\/api.w.org\/{rel}","templated":true}]}}