{"id":22,"date":"2025-08-31T12:12:07","date_gmt":"2025-08-31T12:12:07","guid":{"rendered":"https:\/\/blog.metu.edu.tr\/charm\/?page_id=22"},"modified":"2025-09-03T10:50:11","modified_gmt":"2025-09-03T10:50:11","slug":"thesis","status":"publish","type":"page","link":"https:\/\/blog.metu.edu.tr\/charm\/thesis\/","title":{"rendered":"Theses"},"content":{"rendered":"\n<h2 class=\"wp-block-heading\">Ph.D Theses<\/h2>\n\n\n\n<ol class=\"wp-block-list\">\n<li><a href=\"http:\/\/users.metu.edu.tr\/eguran\/thesis_supplementary\/Salih_Zengin.pdf\">Fast, Efficient and Dynamically Optimized Data and Hardware Architectures for String Matching<\/a>, Salih Zengin, Ph.D. Thesis, Defense date: September 2014, Co-advised with Prof. Dr. Hasan Guran.<\/li>\n\n\n\n<li><a href=\"http:\/\/users.metu.edu.tr\/eguran\/thesis_supplementary\/Nizam_Ayyildiz.pdf\">Design and implementation of Hardware Architectures for High-speed IP Address Lookup<\/a>, Nizam Ayy\u0131ld\u0131z, Ph.D. Thesis, Defense date: August 2013, Co-advised with Prof. Dr. Hasan Guran.<\/li>\n\n\n\n<li>Design and implementation of scheduling and switching architectures for high-speed networks, Mustafa Sanl\u0131, Ph.D. Thesis, Defense date: October 2011, Co-advised with Prof. Dr. Hasan Guran.<\/li>\n<\/ol>\n\n\n\n<h2 class=\"wp-block-heading\">M.Sc. Theses<\/h2>\n\n\n\n<ol class=\"wp-block-list\">\n<li>Dynamic, Adaptive, And Optimal Resource Allocation And Migration In Cloud Data Centers, Onat Deniz Do\u011fan, M.Sc. Thesis, Defense date: July 2025, Co-advised with Prof. Dr. Klaus Werner Schmidt.<\/li>\n\n\n\n<li>An FPGA-Accelerated String-Matching Engine, S\u00fcleyman Samet Yal\u00e7\u0131n, M.Sc. Thesis, Defense date: November 2024.<\/li>\n\n\n\n<li>Cycle-Accurate Functional Simulation of RISC-V Processors for Embedded Applications: Timing Model Construction, Validation and Performance Evaluation, Utkucan Do\u011fan, M.Sc. Thesis, Defense date: August 2024.<\/li>\n\n\n\n<li>Hardware Accelerators for High Throughput Packet Classification in Computer Networks, Do\u011fu Erkan Arkada\u015f, M.Sc. Thesis, Defense date: August 2024.<\/li>\n\n\n\n<li>Hardware Accelerated Packet Parsers and Deparsers for High-Throughput Flow Classification in Computer Networks: Design, Implementation and Evaluation, \u00d6mer Bayram Demir, M.Sc. Thesis, Defense date: August 2024.<\/li>\n\n\n\n<li>High-Throughput Bloom Filter Design: Systematic Parameter Selection and FPGA Implementation, Efe Berkay Yitim, M.Sc. Thesis, Defense date: July 2024.<\/li>\n\n\n\n<li>A UPF Module for 5G Networks with Quality of Service Support: Software Implementation and Realistic Evaluation, Mustafa Fatih \u00c7emen, M.Sc. Thesis, Defense date: September 2023.<\/li>\n\n\n\n<li>Optimal Resource Allocation and Migration Decision for Virtual Machine Requests in Cloud Data Centers, Naz\u0131m Kerem Mert, M.Sc. Thesis, Defense date: August 2023, Co-advised with Prof. Dr. Klaus Werner Schmidt.<\/li>\n\n\n\n<li>A Novel and Precise False Positive Probability Computation for Bloom Filters Implemented with Universal Hash Functions, Furkan Koltuk, M.Sc. Thesis, Defense date: August 2022.<\/li>\n\n\n\n<li>Extension of an Open Source Resource Management Tool For Heterogeneous Cloud Data Centers: Implementation And Evaluation, Taha Do\u011fan, M.Sc. Thesis, Defense date: February 2022.<\/li>\n\n\n\n<li><a href=\"http:\/\/users.metu.edu.tr\/eguran\/thesis_supplementary\/Anil_Tirlioglu.pdf\">A Workflow for Offering Hardware Accelerators as a Cloud Computing Service: Implementation and Evaluation<\/a>, An\u0131l T\u0131rl\u0131o\u011flu, M.Sc. Thesis, Defense date: February 2022.\u00a0<\/li>\n\n\n\n<li>Design, Implementation And Verification Of A High-Speed On-Chip Packet Switch, Ayhan Sefa Y\u0131ld\u0131z, M.Sc. Thesis, Defense date: February 2022.<\/li>\n\n\n\n<li><a href=\"http:\/\/users.metu.edu.tr\/eguran\/thesis_supplementary\/Fatih_Yazici.pdf\">A Novel Flexible On-chip Switch Architecture for Reconfigurable Hardware Accelerators<\/a>, Fatih Yaz\u0131c\u0131, M.Sc. Thesis, Defense date: August 2021.\u00a0<\/li>\n\n\n\n<li><a href=\"http:\/\/users.metu.edu.tr\/eguran\/thesis_supplementary\/Ceren_Canpolat.pdf\">Dynamic Resource Allocation in Virtualized Networks for Network Slicing<\/a>, Ceren Canpolat, M.Sc. Thesis, Defense date: February 2020.\u00a0<\/li>\n\n\n\n<li><a href=\"http:\/\/users.metu.edu.tr\/eguran\/thesis_supplementary\/Umut_Ekici.pdf\">Optimal Dynamic Resource Allocation for Heterogeneous Cloud Data Centers<\/a>, Naz\u0131m Umut Ekici, M.Sc. Thesis, Defense date: September 2019.<\/li>\n\n\n\n<li><a href=\"http:\/\/users.metu.edu.tr\/eguran\/thesis_supplementary\/Ahmet_Erol.pdf\">Generalized Resource Management for Heterogeneous Cloud Data Centers<\/a>, Ahmet Erol, M.Sc. Thesis, Defense date: September 2019.<\/li>\n\n\n\n<li><a href=\"http:\/\/users.metu.edu.tr\/eguran\/thesis_supplementary\/Efe_Balo.pdf\">A Link Delay Computation Method for the Quality of Service Support in Software Defined Networks<\/a>, Efe Balo, M.Sc. Thesis, Defense date: September 2019.\u00a0<\/li>\n\n\n\n<li>Efficient and Fair Adaptive Streaming: Algorithm, Implementation and Evaluation, Ahmet \u00d6ge, M.Sc. Thesis, Defense date: June 2017.\u00a0<a href=\"http:\/\/users.metu.edu.tr\/eguran\/thesis_supplementary\/Ahmet_Oge.pdf\">Thesis overview<\/a><\/li>\n\n\n\n<li><a href=\"http:\/\/users.metu.edu.tr\/eguran\/thesis_supplementary\/Goksan_Eral.pdf\">A Low Latency, High Throughput and Scalable Hardware Architecture for Flow Tables in Software Defined Network<\/a>s, G\u00f6ksan Eral, M.Sc. Thesis, Defense date: September 2016.\u00a0<\/li>\n\n\n\n<li>TZAR \u2013 Time Zone Based Approximation To Ring: An Autonomous Protection Switching Algorithm for Globally Resilient Optical Transport Networks, Fatih D\u00fczg\u00fcn, M.Sc. Thesis, Defense date: February 2016.<\/li>\n\n\n\n<li><a href=\"http:\/\/users.metu.edu.tr\/eguran\/thesis_supplementary\/Aydin_Pehlivanli.pdf\">Software Implementations of QoS Scheduling Algorithms for High Speed Networks<\/a>, Ayd\u0131n Pehlivanl\u0131, M.Sc. Thesis, Defense date: January 2015.\u00a0<\/li>\n\n\n\n<li><a href=\"http:\/\/users.metu.edu.tr\/eguran\/thesis_supplementary\/Ahmet_Ada.pdf\">Implementation and Performance Analysis Of Switch Fabric Schedulers With a New Accurate Simulator Software<\/a>, Ahmet Ada, M.Sc. Thesis, Defense date: September 2014.\u00a0<\/li>\n\n\n\n<li><a href=\"http:\/\/users.metu.edu.tr\/eguran\/thesis_supplementary\/Murat_Akpinar.pdf\">Switch Fabric Schedulers with Intelligent Multi-Class Support: Design, Implementation and Evaluation on FPGA<\/a> , Murat Akp\u0131nar, M.Sc. Thesis, Defense date: September 2014.<\/li>\n\n\n\n<li><a href=\"http:\/\/users.metu.edu.tr\/eguran\/thesis_supplementary\/Berk_Unlu.pdf\">Simulation-based VoIP performance evaluation under different traffic and codec conditions<\/a>, Berk \u00dcnl\u00fc, M.Sc. Thesis, Defense date: September 2013.\u00a0<\/li>\n\n\n\n<li><a href=\"http:\/\/users.metu.edu.tr\/eguran\/thesis_supplementary\/Yigit_Ozcan.pdf\">HTTP Adaptive Streaming architectures for Video on Demand and Live TV services<\/a>, Yi\u011fit \u00d6zcan, M.Sc. Thesis, Defense date: August 2013.<\/li>\n\n\n\n<li><a href=\"http:\/\/users.metu.edu.tr\/eguran\/thesis_supplementary\/Ozcan_Yurt.pdf\">The development and hardware implementation of a dynamically reconfigurable and area optimized Cyclic Redundancy Check architecture<\/a>, \u00d6zcan Yurt, M.Sc. Thesis, Defense date: August 2013.<\/li>\n\n\n\n<li><a href=\"http:\/\/users.metu.edu.tr\/eguran\/thesis_supplementary\/Erdem_Akababa.pdf\">The development and hardware implementation of a high-speed adaptable packet switch fabric<\/a>, Erdem Ey\u00fcp Akbaba, M.Sc. Thesis, Defense date: January 2013.<\/li>\n\n\n\n<li><a href=\"http:\/\/users.metu.edu.tr\/eguran\/thesis_supplementary\/Merve_Ozkardes.pdf\">A new service architecture for IPTV over Internet<\/a>, Merve \u00d6zkarde\u015f, M.Sc. Thesis, Defense date: January 2013.\u00a0<\/li>\n\n\n\n<li>A faster intrusion detection method for high-speed computer networks, Mehmet Cem Tar\u0131m, M.Sc. Thesis, Defense date: May 2011.<\/li>\n\n\n\n<li>A new feedback-based contention avoidance algorithm for optical burst switching networks, Hadi Alper Toku, M.Sc. Thesis, Defense date: December 2008.<\/li>\n\n\n\n<li>Connectionless traffic and variable packet size support in high speed network switches: improvements for the delay-limiter switch, Alican Ak\u00e7asoy, M.Sc. Thesis, Defense date: June 2008.<\/li>\n\n\n\n<li>A new approach for the scalable intrusion detection in high-speed networks, \u00dcmit Burak \u015eahin, M.Sc. Thesis, Defense date: December 2007.<\/li>\n\n\n\n<li>Scheduling algorithms for wireless CDMA networks, Serkan Ender Hakyemez, M.Sc. Thesis, Defense date: December 2007.<\/li>\n\n\n\n<li>Routing algorithms for on-chip networks, Maksat Atagoziyev, M.Sc. Thesis, Defense date: December 2007.<\/li>\n\n\n\n<li>A novel method for the detection of P2P traffic in the network backbone inspired by intrusion detection systems, Murat Soysal , M.Sc. Thesis, Defense date: June 2006.<\/li>\n<\/ol>\n\n\n\n<p><\/p>\n","protected":false},"excerpt":{"rendered":"<p>Ph.D Theses M.Sc. Theses<\/p>\n","protected":false},"author":9416,"featured_media":0,"parent":0,"menu_order":0,"comment_status":"closed","ping_status":"closed","template":"","meta":{"footnotes":"","_links_to":"","_links_to_target":""},"class_list":["post-22","page","type-page","status-publish","hentry"],"_links":{"self":[{"href":"https:\/\/blog.metu.edu.tr\/charm\/wp-json\/wp\/v2\/pages\/22","targetHints":{"allow":["GET"]}}],"collection":[{"href":"https:\/\/blog.metu.edu.tr\/charm\/wp-json\/wp\/v2\/pages"}],"about":[{"href":"https:\/\/blog.metu.edu.tr\/charm\/wp-json\/wp\/v2\/types\/page"}],"author":[{"embeddable":true,"href":"https:\/\/blog.metu.edu.tr\/charm\/wp-json\/wp\/v2\/users\/9416"}],"replies":[{"embeddable":true,"href":"https:\/\/blog.metu.edu.tr\/charm\/wp-json\/wp\/v2\/comments?post=22"}],"version-history":[{"count":0,"href":"https:\/\/blog.metu.edu.tr\/charm\/wp-json\/wp\/v2\/pages\/22\/revisions"}],"wp:attachment":[{"href":"https:\/\/blog.metu.edu.tr\/charm\/wp-json\/wp\/v2\/media?parent=22"}],"curies":[{"name":"wp","href":"https:\/\/api.w.org\/{rel}","templated":true}]}}