{"id":41,"date":"2021-09-28T11:35:01","date_gmt":"2021-09-28T08:35:01","guid":{"rendered":"https:\/\/blog.metu.edu.tr\/ceylan\/?page_id=41"},"modified":"2024-10-25T10:27:20","modified_gmt":"2024-10-25T07:27:20","slug":"projects","status":"publish","type":"page","link":"https:\/\/blog.metu.edu.tr\/ceylan\/projects\/","title":{"rendered":"PROJECTS"},"content":{"rendered":"<p>Zaman Serilerinde Duraganl\u0131g\u0131n Yapay Zek\u00e2 Ile Tespit Edilmesi. Yozgatl\u0131gil C. (Y\u00fcr\u00fct\u00fcc\u00fc), Karag\u00f6z P. T\u00dcB\u0130TAK 1001. 15.10.2024 &#8211; Devam ediyor.<\/p>\n<p>ZAMAN SER\u0130LER\u0130NDE DURA\u011eANLI\u011eIN YAPAY ZEKA \u0130LE TESP\u0130T ED\u0130LMES\u0130. YOZGATLIG\u0130L C. (Y\u00fcr\u00fct\u00fcc\u00fc), YAZICI P. C., \u00d6ZDEM\u0130R O. Y\u00fcksek\u00f6\u011fretim Kurumlar\u0131 Destekli Proje, 2023 &#8211; Devam Ediyor<\/p>\n<p>Fizik Bilgili Sinir A\u011flar\u0131n\u0131 (PINN) \u00c7ok De\u011fi\u015fkenli Zaman Serisi Modellerine Uyarlanmas\u0131.\u00a0 YOZGATLIG\u0130L C. (Y\u00fcr\u00fct\u00fcc\u00fc), AYDEM\u0130R P. Y\u00fcksek\u00f6\u011fretim Kurumlar\u0131 Destekli Proje, 2023 &#8211; Devam Ediyor<\/p>\n<p>El i\u00e7in Robotik Ayna Terapi Sisteminin Motor \u00d6\u011frenme Temelli Geli\u015ftirilmesi. Ar\u0131kan K. B.(Y\u00fcr\u00fct\u00fcc\u00fc), Yozgatl\u0131gil C., Turgut A. E., Cengiz B., Zinnuro\u011flu M., Batur \u00c7a\u011flayan H. Z., et al. T\u00dcB\u0130TAK 1001 Projesi, 2021 &#8211; 2024<\/p>\n<p><em>Project title:<\/em> Measuring Indicators of Success for Promotion of Economic Perspectives (PEP) Turkey<\/p>\n<p>11, 2019 &#8211; present\u00a0\u00a0\u00a0\u00a0\u00a0\u00a0 Ankara, TURKEY\u00a0\u00a0\u00a0\u00a0\u00a0 The Deutsche Gesellschaft f\u00fcr Internationale Zusammenarbeit\u00a0 Andrea Demuth (<a href=\"mailto:Andrea.demuth@giz.de\">Andrea.demuth@giz.de<\/a>) Data Analyst\/Project Advisor\u00a0\u00a0 The EU funded project \u201cMeasuring Indicators of Success for Promotion of Economic Perspectives (PEP) Turkey\u201d. Statistician. Designs a monitoring and evaluation methodology in compliance with OECD DAC criteria. Main tasks are Preparation of electronic tools for data collection, selection of sampling, monitoring data collection, data cleaning and processing activities, contributing to the report preparation processes.<\/p>\n<p><em>Project title:<\/em> Retrospective estimates of international trade in services statistics of Turkey<\/p>\n<p>2, 2020 \u2013 4, 2020\u00a0\u00a0\u00a0\u00a0\u00a0\u00a0 Ankara, TURKEY\u00a0\u00a0\u00a0\u00a0\u00a0 Turkish Statistical Institute\u00a0\u00a0\u00a0 Project Advisor\u00a0 Making retrospective estimates of international trade in services statistics of Turkey. Using the monthly import and export series from 2009 and 2013, The backcasted values till the end of 1998 was estimated.<\/p>\n<p><em>Project title:<\/em> Dynamic Junction Management Systems Development of Pedestrian, Bicycle and Public Transport Priority Systems and NTCIP Compliant Multi Sensor Card Design:<\/p>\n<p>4, 2020 \u2013 6, 2021\u00a0\u00a0\u00a0\u00a0\u00a0\u00a0 Ankara, TURKEY\u00a0\u00a0\u00a0\u00a0\u00a0 ISSD https:\/\/www.issd.com.tr\/\u00a0 Project Advisor\u00a0\u00a0\u00a0\u00a0\u00a0\u00a0\u00a0\u00a0\u00a0\u00a0 Detection of accidents by using deep learning anomaly detection methods, root identification of vehicles from the Fish-eye camera, queue estimation from the high frequency using the flowing traffic data.<\/p>\n<p><em>Project title:<\/em> Monitoring of Conditional Cash Transfer for Education (CCTE) for Refugees<\/p>\n<p>12, 2017 \u2013 12, 2019 Ankara, TURKEY\u00a0\u00a0\u00a0\u00a0\u00a0 UNICEF\/ TANDANS DSC\u00a0 Rizwanullah Khan (rizkhan@unicef.org)\u00a0\u00a0\u00a0\u00a0\u00a0\u00a0\u00a0\u00a0\u00a0\u00a0 Statistical Analyst\u00a0\u00a0\u00a0\u00a0\u00a0\u00a0 UNICEF Project \u201cMonitoring of Conditional Cash Transfer for Education (CCTE) for Refugees\u201d. The purpose of the assignment is to complement the ongoing monitoring of progress and performance of CCTE by developing and implementing additional monitoring tools to be focused on specific elements of the CCTE for refugees. There are 3 quantitative (questionnaires include labour market indicators) and 2 qualitative data collection waves within the Project. Besides liaison with UNICEF and other line ministries of Turkish Government, Team Leader is responsible for design, management, and statistical analysis of collected data and preparation of monitoring reports of all activities implemented during the project period.<\/p>\n<p><em>Project title:<\/em> Zaman Serileri i\u00e7in Model Se\u00e7me ve Tahmin Etme Kriterinin Olu\u015fturulmas\u0131: Yeni Bir Algoritma<\/p>\n<p><em>PI:<\/em> Assoc. Prof. Dr. Ceylan Yozgatl\u0131gil<\/p>\n<p><em>Supported by:<\/em> BAP, METU<\/p>\n<p><em>Role &amp; time spent: <\/em>Principal Investigator, 1.1.2017 -31.12.2017<br \/>\n<em>Project No:<\/em> BAP-01-09-2017-001<\/p>\n<p><em>Project Budget:<\/em>4,000TL<\/p>\n<p><em>Project title: Copula Y\u00f6ntemi ile Kar\u015f\u0131la\u015ft\u0131rmal\u0131 Kurakl\u0131k Analizi ve Kurakl\u0131k <\/em><em>Tahminleri: Konya \u0130li \u00d6rne\u011fi\u00a0\u00a0\u00a0\u00a0\u00a0\u00a0\u00a0\u00a0\u00a0\u00a0 <\/em><\/p>\n<p><em>PI:<\/em> Assoc. Prof. Dr. Ceylan Yozgatl\u0131gil<\/p>\n<p><em>Supported by:<\/em> BAP, METU<\/p>\n<p><em>Role &amp; time spent: <\/em>Principal Investigator, 1.1.2017 -31.12.2017<br \/>\n<em>Project No:<\/em> BAP-08-11-2017-025<\/p>\n<p><em>Project Budget:<\/em>9,000TL<\/p>\n<p><em>Project title:<\/em> Zamana Ba\u011fl\u0131 De\u011fi\u015fen Emtia Fiyat \u0130ndeksi\/\u0130ndeksleri Olu\u015fturulmas\u0131<\/p>\n<p><em>PI:<\/em> Assoc. Prof. Dr. Ceylan Yozgatl\u0131gil<\/p>\n<p><em>Supported by:<\/em> BAP, METU<\/p>\n<p><em>Role &amp; time spent: <\/em>Principal Investigator, 1.1.2016 -31.12.2017<br \/>\n<em>Project No:<\/em> BAP-01-09-2016-003<\/p>\n<p><em>Project Budget:<\/em>4,000TL<\/p>\n<p><em>Project title:<\/em> Tar\u0131msal \u00dcr\u00fcn ve Akt\u00fceryal Kar\u015f\u0131l\u0131klar\u0131n\u0131n Vine Copulalar arac\u0131l\u0131\u011f\u0131 ile Modellemesi<\/p>\n<p><em>PI:<\/em> Assoc. Prof. Dr. A. Sevtap Kestel<\/p>\n<p><em>Supported by:<\/em> BAP, METU<\/p>\n<p><em>Role &amp; time spent: <\/em>Co-investigator, 1.1.2016 -31.12.2016<br \/>\n<em>Project No:<\/em> BAP-07-05-2016-001<\/p>\n<p><em>Project Budget:<\/em>5,375TL<\/p>\n<p><em>Project title:<\/em> Meteorolojik Verilerin Hesaplamal\u0131 \u0130statistiksel Y\u00f6ntemlerle T\u00fcrde\u015flik Analizi<\/p>\n<p><em>PI:<\/em> Prof. Dr. \u0130nci Batmaz<\/p>\n<p><em>Supported by:<\/em> BAP, METU<\/p>\n<p><em>Role &amp; time spent: <\/em>Co-investigator, 1.1.2015 -31.12.2015<br \/>\n<em>Project No:<\/em> BAP-03-07-2012-001<\/p>\n<p><em>Project Budget:<\/em>6,500TL<\/p>\n<p><em>Project title:<\/em> Sakl\u0131 Markov Modeli ile Ya\u011f\u0131\u015f Modellerinin Olu\u015fturulmas\u0131: T\u00fcrkiye \u00dczerine Bir \u00c7al\u0131\u015fma<\/p>\n<p><em>PI:<\/em> Prof. Dr. \u0130nci Batmaz<\/p>\n<p><em>Supported by:<\/em> BAP, METU<\/p>\n<p><em>Role &amp; time spent: <\/em>Investigator, 1.1.2014 -31.12.2015<br \/>\n<em>Project No:<\/em> BAP-01-09-2014-001<\/p>\n<p><em>Project Budget:<\/em>9,000TL<\/p>\n<p><em>\u00a0<\/em><\/p>\n<p><em>\u00a0<\/em><em>Project title:<\/em> Dayan\u0131kl\u0131 T\u00fcketim Mallar\u0131 \u0130\u00e7in M\u00fc\u015fteri Ba\u011fl\u0131l\u0131\u011f\u0131n\u0131n Modellenmesi<\/p>\n<p><em>PI:<\/em> Prof. Dr. G\u00fclser K\u00d6KSAL (METU, Dept. of Industrial Engineering)<br \/>\n<em>Supported by:<\/em> BAP, METU<\/p>\n<p><em>Role &amp; time spent: <\/em>Co-investigator, 1.1.2012 -31.12.2012<br \/>\n<em>Project No:<\/em> BAP-03-07-2012-001<\/p>\n<p><em>Project Budget:<\/em>3,000TL<\/p>\n<p><em>\u00a0<\/em><\/p>\n<p><em>Project title:<\/em> T\u00fcrkiye\u2019de Bireylerin Do\u011fal Afet Sigortas\u0131 ve Genel Sigorta Talebi ve Sat\u0131n Alma E\u011filimini Etkileyen Fakt\u00f6rler<\/p>\n<p><em>PI:<\/em> Dr. B. Bur\u00e7ak Ba\u015fbu\u011f Erkan (METU, Dept. of Statistics)<\/p>\n<p>Supported by: BAP, METU<\/p>\n<p>Role &amp; time spent: Co-investigator, 2010 -2011<\/p>\n<p><em>Project No.:<\/em> BAP-08-11-2010-R-03<\/p>\n<p><em>Project Budget:<\/em> 15,000TL<\/p>\n<p><em>Project title:<\/em> Enhancing the Capacity of Turkey to Adapt to Climate Change (<a href=\"http:\/\/mptf.undp.org\/factsheet\/project\/00067151\">http:\/\/mptf.undp.org\/factsheet\/project\/00067151<\/a> )<\/p>\n<p><em>PI:<\/em> Prof. Dr. Kasirga Yildirak (Hacettepe University)<br \/>\n<em>Supported by:<\/em> FAO &#8211; MDG Achievement Fund<\/p>\n<p><em>Role &amp; time spent: <\/em>Co-investigator, 6 months in 2012.<br \/>\n<em>Project No:<\/em> MDGF-1680-E-TUR Env Climate<\/p>\n<p><em>Project Budget:<\/em> 7,001,323<\/p>\n<p><em>\u00a0<\/em><\/p>\n<p><em>Project title:<\/em> Veri Madencili\u011fi Y\u00f6ntemleri ile T\u00fcrkiye \u0130klim B\u00f6lgelerinin Yeniden Belirlenmesi ve Ya\u011f\u0131\u015f Tahmin Modellerinin Geli\u015ftirilmesi<\/p>\n<p><em>PI:<\/em> Assoc. Do\u00e7. Dr. \u0130nci Batmaz (METU, Dept. of Statistics)<br \/>\n<em>Supported by:<\/em> BAP, METU<\/p>\n<p><em>Role &amp; time spent: <\/em>Co-investigator, 2008 -2011<br \/>\n<em>Project No:<\/em> BAP-2008-010-09-02<\/p>\n<p><em>Project Budget:<\/em>22,000TL<\/p>\n<p><em>\u00a0<\/em><\/p>\n<p><em>Project title:<\/em> Zamansal Toplula\u015fma Uygulanacak Serilerde Optimum Toplula\u015ft\u0131rma Periodunun Bulunmas\u0131<\/p>\n<p><em>PI:<\/em> Dr. Ceylan Yozgatl\u0131gil<\/p>\n<p><em>Supported by:<\/em> BAP, METU<br \/>\n<em>Role &amp; time spent: <\/em>Principal investigator, 1.1.2009-1.9.2015<\/p>\n<p><em>Project No:<\/em> BAP-01-09-2009-101<\/p>\n<p><em>\u00a0 Project Budget:<\/em>10,000TL<\/p>\n<p><em>Project title:<\/em> T\u00fcrkiye\u2019de Bireylerin Do\u011fal Afet Sigortas\u0131 ve Genel Sigorta Talebi ve Sat\u0131n Alma E\u011filimini Etkileyen Fakt\u00f6rler<\/p>\n<p><em>\u00a0\u00a0\u00a0\u00a0\u00a0\u00a0\u00a0\u00a0\u00a0\u00a0\u00a0 PI:<\/em> Dr. B. Bur\u00e7ak Ba\u015fbu\u011f Erkan (METU, Dept. of Statistics)<\/p>\n<p>Supported by: BAP, METU<\/p>\n<p>Role &amp; time spent: Co-investigator, 1.1.2010 -1.7.2011<\/p>\n<p><em>Project No.:<\/em> BAP-08-11-2010-R-03<\/p>\n<p><em>Project Budget:<\/em> 15,000TL<\/p>\n","protected":false},"excerpt":{"rendered":"<p>Zaman Serilerinde Duraganl\u0131g\u0131n Yapay Zek\u00e2 Ile Tespit Edilmesi. Yozgatl\u0131gil C. (Y\u00fcr\u00fct\u00fcc\u00fc), Karag\u00f6z P. T\u00dcB\u0130TAK 1001. 15.10.2024 &#8211; Devam ediyor. ZAMAN SER\u0130LER\u0130NDE DURA\u011eANLI\u011eIN YAPAY ZEKA \u0130LE TESP\u0130T ED\u0130LMES\u0130. YOZGATLIG\u0130L C. (Y\u00fcr\u00fct\u00fcc\u00fc), YAZICI P. C., \u00d6ZDEM\u0130R O. Y\u00fcksek\u00f6\u011fretim Kurumlar\u0131 Destekli Proje, 2023 &#8211; Devam Ediyor Fizik Bilgili Sinir A\u011flar\u0131n\u0131 (PINN) \u00c7ok De\u011fi\u015fkenli Zaman Serisi Modellerine Uyarlanmas\u0131.\u00a0 YOZGATLIG\u0130L [&hellip;]<\/p>\n","protected":false},"author":6711,"featured_media":0,"parent":0,"menu_order":0,"comment_status":"closed","ping_status":"closed","template":"","meta":{"footnotes":"","_links_to":"","_links_to_target":""},"class_list":["post-41","page","type-page","status-publish","hentry"],"_links":{"self":[{"href":"https:\/\/blog.metu.edu.tr\/ceylan\/wp-json\/wp\/v2\/pages\/41","targetHints":{"allow":["GET"]}}],"collection":[{"href":"https:\/\/blog.metu.edu.tr\/ceylan\/wp-json\/wp\/v2\/pages"}],"about":[{"href":"https:\/\/blog.metu.edu.tr\/ceylan\/wp-json\/wp\/v2\/types\/page"}],"author":[{"embeddable":true,"href":"https:\/\/blog.metu.edu.tr\/ceylan\/wp-json\/wp\/v2\/users\/6711"}],"replies":[{"embeddable":true,"href":"https:\/\/blog.metu.edu.tr\/ceylan\/wp-json\/wp\/v2\/comments?post=41"}],"version-history":[{"count":0,"href":"https:\/\/blog.metu.edu.tr\/ceylan\/wp-json\/wp\/v2\/pages\/41\/revisions"}],"wp:attachment":[{"href":"https:\/\/blog.metu.edu.tr\/ceylan\/wp-json\/wp\/v2\/media?parent=41"}],"curies":[{"name":"wp","href":"https:\/\/api.w.org\/{rel}","templated":true}]}}