{"id":3,"date":"2010-01-21T14:17:14","date_gmt":"2010-01-21T12:17:14","guid":{"rendered":"http:\/\/blog.metu.edu.tr\/cemd\/hakkinda\/"},"modified":"2013-04-10T09:10:08","modified_gmt":"2013-04-10T09:10:08","slug":"hakkinda","status":"publish","type":"page","link":"https:\/\/blog.metu.edu.tr\/cemd\/hakkinda\/","title":{"rendered":"Hakk\u0131nda"},"content":{"rendered":"<p><a href=\"http:\/\/blog.metu.edu.tr\/cemd\/files\/2013\/04\/cem.jpg\"><img loading=\"lazy\" decoding=\"async\" class=\"size-medium wp-image-60 alignleft\" alt=\"cem\" src=\"http:\/\/blog.metu.edu.tr\/cemd\/files\/2013\/04\/cem-300x225.jpg\" width=\"300\" height=\"225\" srcset=\"https:\/\/blog.metu.edu.tr\/cemd\/files\/2013\/04\/cem-300x225.jpg 300w, https:\/\/blog.metu.edu.tr\/cemd\/files\/2013\/04\/cem-1024x768.jpg 1024w, https:\/\/blog.metu.edu.tr\/cemd\/files\/2013\/04\/cem-624x468.jpg 624w, https:\/\/blog.metu.edu.tr\/cemd\/files\/2013\/04\/cem.jpg 2048w\" sizes=\"auto, (max-width: 300px) 100vw, 300px\" \/><\/a>Cem Demirsoy,\u00a0K\u00fct\u00fcphaneci, Hacettepe, Ankara, K\u0131br\u0131s,ODT\u00dc Kuzey K\u0131br\u0131s Kampusu<\/p>\n<p><a href=\"http:\/\/blog.metu.edu.tr\/cemd\/hakkinda\/global_warming_is_uncool\/\" rel=\"attachment wp-att-59\"><img loading=\"lazy\" decoding=\"async\" class=\"alignleft size-full wp-image-59\" alt=\"global_warming_is_uncool\" src=\"http:\/\/blog.metu.edu.tr\/cemd\/files\/2010\/01\/global_warming_is_uncool.gif\" width=\"600\" height=\"794\" \/><\/a><\/p>\n","protected":false},"excerpt":{"rendered":"<p>Cem Demirsoy,\u00a0K\u00fct\u00fcphaneci, Hacettepe, Ankara, K\u0131br\u0131s,ODT\u00dc Kuzey K\u0131br\u0131s Kampusu<\/p>\n","protected":false},"author":31,"featured_media":0,"parent":0,"menu_order":0,"comment_status":"open","ping_status":"open","template":"","meta":{"footnotes":"","_links_to":"","_links_to_target":""},"class_list":["post-3","page","type-page","status-publish","hentry"],"_links":{"self":[{"href":"https:\/\/blog.metu.edu.tr\/cemd\/wp-json\/wp\/v2\/pages\/3","targetHints":{"allow":["GET"]}}],"collection":[{"href":"https:\/\/blog.metu.edu.tr\/cemd\/wp-json\/wp\/v2\/pages"}],"about":[{"href":"https:\/\/blog.metu.edu.tr\/cemd\/wp-json\/wp\/v2\/types\/page"}],"author":[{"embeddable":true,"href":"https:\/\/blog.metu.edu.tr\/cemd\/wp-json\/wp\/v2\/users\/31"}],"replies":[{"embeddable":true,"href":"https:\/\/blog.metu.edu.tr\/cemd\/wp-json\/wp\/v2\/comments?post=3"}],"version-history":[{"count":0,"href":"https:\/\/blog.metu.edu.tr\/cemd\/wp-json\/wp\/v2\/pages\/3\/revisions"}],"wp:attachment":[{"href":"https:\/\/blog.metu.edu.tr\/cemd\/wp-json\/wp\/v2\/media?parent=3"}],"curies":[{"name":"wp","href":"https:\/\/api.w.org\/{rel}","templated":true}]}}